{"id":2410,"date":"2025-12-30T03:41:35","date_gmt":"2025-12-30T03:41:35","guid":{"rendered":"https:\/\/sdshijie.com\/?post_type=product&#038;p=2410"},"modified":"2026-03-27T02:40:33","modified_gmt":"2026-03-27T02:40:33","slug":"steel-space-frame-construction-for-global-projects","status":"publish","type":"product","link":"https:\/\/sdshijie.com\/fr\/produit\/steel-space-frame-construction-for-global-projects\/","title":{"rendered":"Structure d'acier pour toiture \u00e0 grille \u00e0 grande port\u00e9e"},"content":{"rendered":"<h2>Toit \u00e0 grille spatiale de grande envergure<\/h2>\n<p>&nbsp;<\/p>\n<h3>Caract\u00e9ristiques principales et avantages<\/h3>\n<p>Large-span spatial grid roofs offer an open, airy space and a high degree of design flexibility, making them suitable for a wide range of applications. With a rational structural design and scientifically engineered load-bearing system, they provide outstanding resistance to wind, snow, and seismic forces, ensuring greater safety. Factory-manufactured components offer high precision and allow for rapid installation, significantly shortening construction schedules and reducing overall construction costs.<\/p>\n<p>\u2666 150m+ clear span;<\/p>\n<p>\u2666 30% lighter, less steel;<\/p>\n<p>\u2666 Assemblage rapide ;<\/p>\n<p>\u2666 Pas d'entretien, 50 ans et plus ;<\/p>\n<p>Toutes les formes ;<\/p>\n<p>\u2666 Weather resistant.<\/p>\n<h3>Applications<\/h3>\n<p>Large-span spatial grid roofs offer expansive, column-free interiors. They are suitable for public cultural and sports facilities\u2014such as stadiums, exhibition centers, and cultural and recreational hubs\u2014and also meet the spatial demands of major transportation venues, including airport terminals and transit hubs. Furthermore, they are widely utilized in commercial and industrial structures\u2014such as large-scale logistics warehouses, industrial plants, and aircraft hangars\u2014thereby fully satisfying the functional and operational requirements of a diverse range of large-span buildings.<\/p>\n<p>\u2666 Stades ;<\/p>\n<p>\u2666 Salles d'exposition ;<\/p>\n<p>\u2666 A\u00e9roports ;<\/p>\n<p>Centres commerciaux ;<\/p>\n<p>\u2666 Usines ;<\/p>\n<p>\u2666 Hangars.<\/p>\n<h3>Param\u00e8tres du produit<\/h3>\n<table style=\"font-weight: 400;\">\n<tbody>\n<tr>\n<td>Produits<\/td>\n<td>B\u00e2timent pr\u00e9fabriqu\u00e9 en acier<\/td>\n<\/tr>\n<tr>\n<td>Type<\/td>\n<td>Poutre en H, Colonne, Tirant, Poutrelle, Colonne-caisson<\/td>\n<\/tr>\n<tr>\n<td>Mat\u00e9riau principal<\/td>\n<td>Q235B(ASTM A36,S235JR), Q355B<\/td>\n<\/tr>\n<tr>\n<td>Traitement de surface<\/td>\n<td>Peinture, galvanisation<\/td>\n<\/tr>\n<tr>\n<td>D\u00e9coupage de processus<\/td>\n<td><span data-slate-fragment=\"JTVCJTdCJTIydHlwZSUyMiUzQSUyMnBhcmFncmFwaCUyMiUyQyUyMmNoaWxkcmVuJTIyJTNBJTVCJTdCJTIyaWQlMjIlM0ElMjJWb0F4N0pYM3FuJTIyJTJDJTIycGFyYUlkeCUyMiUzQTAlMkMlMjJzcmMlMjIlM0ElMjJDdXR0aW5nJTNBJTIwTGFzZXIlMjBjdXR0aW5nJTJDJTIwcGxhc21hJTIwY3V0dGluZyUyQyUyMGZsYW1lJTIwY3V0dGluZyUyQyUyMG9yJTIwd2F0ZXJqZXQlMjBjdXR0aW5nJTIwZm9yJTIwaW50cmljYXRlJTIwc2hhcGVzLiUyMiUyQyUyMmRzdCUyMiUzQSUyMiVFNSU4OCU4NyVFNSU4OSVCMiVFRiVCQyU5QSVFNyU5NCVBOCVFNCVCQSU4RSVFNSVBNCU4RCVFNiU5RCU4MiVFNSVCRCVBMiVFNyU4QSVCNiVFNyU5QSU4NCVFNiVCRiU4MCVFNSU4NSU4OSVFNSU4OCU4NyVFNSU4OSVCMiVFMyU4MCU4MSVFNyVBRCU4OSVFNyVBNiVCQiVFNSVBRCU5MCVFNSU4OCU4NyVFNSU4OSVCMiVFMyU4MCU4MSVFNyU4MSVBQiVFNyU4NCVCMCVFNSU4OCU4NyVFNSU4OSVCMiVFNiU4OCU5NiVFNiVCMCVCNCVFNSVCMCU4NCVFNiVCNSU4MSVFNSU4OCU4NyVFNSU4OSVCMiVFMyU4MCU4MiUyMiUyQyUyMm1ldGFkYXRhJTIyJTNBJTIyJTIyJTJDJTIybWF0Y2hlcyUyMiUzQW51bGwlMkMlMjJtZXRhRGF0YSUyMiUzQSU1QiU1RCUyQyUyMnRleHQlMjIlM0ElMjJMYXNlciUyMGN1dHRpbmclMkMlMjBwbGFzbWElMjBjdXR0aW5nJTJDJTIwZmxhbWUlMjBjdXR0aW5nJTJDJTIwb3IlMjB3YXRlcmpldCUyMGN1dHRpbmclMjBmb3IlMjBpbnRyaWNhdGUlMjBzaGFwZXMlMjIlN0QlNUQlN0QlNUQ=\">D\u00e9coupe au laser, d\u00e9coupe au plasma, oxycoupage pour les formes complexes<\/span><\/td>\n<\/tr>\n<tr>\n<td>Formation<\/td>\n<td><span data-slate-fragment=\"JTVCJTdCJTIydHlwZSUyMiUzQSUyMnBhcmFncmFwaCUyMiUyQyUyMmNoaWxkcmVuJTIyJTNBJTVCJTdCJTIyaWQlMjIlM0ElMjI5WHdZdlJEdnFQJTIyJTJDJTIycGFyYUlkeCUyMiUzQTElMkMlMjJzcmMlMjIlM0ElMjJGb3JtaW5nJTNBJTIwUHJlc3MlMjBicmFraW5nJTJDJTIwcm9sbGluZyUyQyUyMGFuZCUyMGJlbmRpbmclMjB0byUyMG1lZXQlMjBjb21wbGV4JTIwc3RydWN0dXJhbCUyMGRlc2lnbnMuJTIyJTJDJTIyZHN0JTIyJTNBJTIyJUU2JTg4JTkwJUU1JTlFJThCJUVGJUJDJTlBJUU1JThFJThCJUU1JTg4JUI2JUU1JTg4JUI2JUU1JThBJUE4JUUzJTgwJTgxJUU4JUJEJUE3JUU1JTg4JUI2JUU1JTkyJThDJUU1JUJDJUFGJUU2JTlCJUIyJUVGJUJDJThDJUU0JUJCJUE1JUU2JUJCJUExJUU4JUI2JUIzJUU1JUE0JThEJUU2JTlEJTgyJUU3JTlBJTg0JUU3JUJCJTkzJUU2JTlFJTg0JUU4JUFFJUJFJUU4JUFFJUExJUUzJTgwJTgyJTIyJTJDJTIybWV0YWRhdGElMjIlM0ElMjIlMjIlMkMlMjJtYXRjaGVzJTIyJTNBbnVsbCUyQyUyMm1ldGFEYXRhJTIyJTNBJTVCJTVEJTJDJTIydGV4dCUyMiUzQSUyMnJvbGxpbmclMkMlMjBhbmQlMjBiZW5kaW5nJTIwdG8lMjBtZWV0JTIwY29tcGxleCUyMHN0cnVjdHVyYWwlMjBkZXNpZ25zJTIyJTdEJTVEJTdEJTVE\">Roulage et pliage pour r\u00e9pondre \u00e0 des conceptions structurelles complexes<\/span><\/td>\n<\/tr>\n<tr>\n<td>Soudage<\/td>\n<td><span data-slate-fragment=\"JTVCJTdCJTIydHlwZSUyMiUzQSUyMnBhcmFncmFwaCUyMiUyQyUyMmNoaWxkcmVuJTIyJTNBJTVCJTdCJTIyaWQlMjIlM0ElMjJWRXExS2pFTTUwJTIyJTJDJTIycGFyYUlkeCUyMiUzQTIlMkMlMjJzcmMlMjIlM0ElMjJXZWxkaW5nJTNBJTIwSGlnaC1xdWFsaXR5JTIwd2VsZGluZyUyMChNSUclMkMlMjBUSUclMkMlMjBzdWJtZXJnZWQlMjBhcmMpJTIwZm9yJTIwcm9idXN0JTIwam9pbnRzLiUyMiUyQyUyMmRzdCUyMiUzQSUyMiVFNyU4NCU4QSVFNiU4RSVBNSVFRiVCQyU5QSVFNyU5NCVBOCVFNCVCQSU4RSVFNSU5RCU5QSVFNSU5QiVCQSVFNiU4RSVBNSVFNSVBNCVCNCVFNyU5QSU4NCVFOSVBQiU5OCVFOCVCNCVBOCVFOSU4NyU4RiVFNyU4NCU4QSVFNiU4RSVBNSVFRiVCQyU4OE1JRyVFMyU4MCU4MVRJRyVFMyU4MCU4MSVFNSU5RiU4QiVFNSVCQyVBNyVFRiVCQyU4OSVFMyU4MCU4MiUyMiUyQyUyMm1ldGFkYXRhJTIyJTNBJTIyJTIyJTJDJTIybWF0Y2hlcyUyMiUzQW51bGwlMkMlMjJtZXRhRGF0YSUyMiUzQSU1QiU1RCUyQyUyMnRleHQlMjIlM0ElMjJNSUclMkMlMjBUSUclMkMlMjBzdWJtZXJnZWQlMjBhcmMlMjIlN0QlNUQlN0QlNUQ=\">MIG, TIG, arc submerg\u00e9<\/span><\/td>\n<\/tr>\n<tr>\n<td>Usinage<\/td>\n<td><span data-slate-fragment=\"JTVCJTdCJTIydHlwZSUyMiUzQSUyMnBhcmFncmFwaCUyMiUyQyUyMmNoaWxkcmVuJTIyJTNBJTVCJTdCJTIyaWQlMjIlM0ElMjJqTDVST1lnQndvJTIyJTJDJTIycGFyYUlkeCUyMiUzQTMlMkMlMjJzcmMlMjIlM0ElMjJNYWNoaW5pbmclM0ElMjBEcmlsbGluZyUyQyUyMG1pbGxpbmclMkMlMjBhbmQlMjB0aHJlYWRpbmclMjBmb3IlMjBwcmVjaXNlJTIwZml0dGluZ3MuJTIyJTJDJTIyZHN0JTIyJTNBJTIyJUU2JTlDJUJBJUU2JUEyJUIwJUU1JThBJUEwJUU1JUI3JUE1JUVGJUJDJTlBJUU3JTk0JUE4JUU0JUJBJThFJUU3JUIyJUJFJUU1JUFGJTg2JUU5JTg1JThEJUU0JUJCJUI2JUU3JTlBJTg0JUU5JTkyJUJCJUU1JUFEJTk0JUUzJTgwJTgxJUU5JTkzJUEzJUU1JTg5JThBJUU1JTkyJThDJUU4JTlFJUJBJUU3JUJBJUI5JUU1JThBJUEwJUU1JUI3JUE1JUUzJTgwJTgyJTIyJTJDJTIybWV0YWRhdGElMjIlM0ElMjIlMjIlMkMlMjJtYXRjaGVzJTIyJTNBbnVsbCUyQyUyMm1ldGFEYXRhJTIyJTNBJTVCJTVEJTJDJTIydGV4dCUyMiUzQSUyMkRyaWxsaW5nJTJDJTIwbWlsbGluZyUyQyUyMGFuZCUyMHRocmVhZGluZyUyMGZvciUyMHByZWNpc2UlMjBmaXR0aW5ncyUyMiU3RCU1RCU3RCU1RA==\">Per\u00e7age, fraisage pour des raccords pr\u00e9cis<\/span><\/td>\n<\/tr>\n<tr>\n<td>Contr\u00f4le de la qualit\u00e9<\/td>\n<td>Contr\u00f4le de qualit\u00e9, contr\u00f4le par un tiers<\/td>\n<\/tr>\n<tr>\n<td>Paquet<\/td>\n<td>Comme demand\u00e9<\/td>\n<\/tr>\n<\/tbody>\n<\/table>\n<p>&nbsp;<\/p>","protected":false},"excerpt":{"rendered":"<p>The spatial grid steel structure constitutes a spatially integrated skeletal system in which loads are distributed collectively. Composed of an orderly assembly of structural members, it is simultaneously lightweight and robust, enabling the construction of large-span, column-free spaces. Most of its components are prefabricated in a factory, facilitating convenient and rapid on-site installation and ensuring high construction efficiency; this design successfully harmonizes lightweight characteristics with high structural strength. The structure exhibits exceptional overall integrity, resists deformation over long-term use, and demonstrates outstanding and stable comprehensive performance. 3D truss system (triangular\/pyramidal units) for ultra-large spans. Hollow steel sections (Q355B\/ASTM A572) with bolted spherical nodes. Lightweight, high rigidity. Span 30\u2013150m+. Hot-dip galvanized. 50+ year life. AISC\/IBC compliant.<\/p>","protected":false},"featured_media":3362,"comment_status":"open","ping_status":"closed","template":"","meta":{"_acf_changed":false},"product_brand":[],"product_cat":[29],"product_tag":[],"class_list":{"0":"post-2410","1":"product","2":"type-product","3":"status-publish","4":"has-post-thumbnail","6":"product_cat-spatial-grid-structure","8":"first","9":"instock","10":"shipping-taxable","11":"product-type-simple"},"acf":[],"_links":{"self":[{"href":"https:\/\/sdshijie.com\/fr\/wp-json\/wp\/v2\/product\/2410","targetHints":{"allow":["GET"]}}],"collection":[{"href":"https:\/\/sdshijie.com\/fr\/wp-json\/wp\/v2\/product"}],"about":[{"href":"https:\/\/sdshijie.com\/fr\/wp-json\/wp\/v2\/types\/product"}],"replies":[{"embeddable":true,"href":"https:\/\/sdshijie.com\/fr\/wp-json\/wp\/v2\/comments?post=2410"}],"wp:featuredmedia":[{"embeddable":true,"href":"https:\/\/sdshijie.com\/fr\/wp-json\/wp\/v2\/media\/3362"}],"wp:attachment":[{"href":"https:\/\/sdshijie.com\/fr\/wp-json\/wp\/v2\/media?parent=2410"}],"wp:term":[{"taxonomy":"product_brand","embeddable":true,"href":"https:\/\/sdshijie.com\/fr\/wp-json\/wp\/v2\/product_brand?post=2410"},{"taxonomy":"product_cat","embeddable":true,"href":"https:\/\/sdshijie.com\/fr\/wp-json\/wp\/v2\/product_cat?post=2410"},{"taxonomy":"product_tag","embeddable":true,"href":"https:\/\/sdshijie.com\/fr\/wp-json\/wp\/v2\/product_tag?post=2410"}],"curies":[{"name":"wp","href":"https:\/\/api.w.org\/{rel}","templated":true}]}}