{"id":2409,"date":"2025-12-30T03:41:33","date_gmt":"2025-12-30T03:41:33","guid":{"rendered":"https:\/\/sdshijie.com\/?post_type=product&#038;p=2409"},"modified":"2026-03-27T02:51:06","modified_gmt":"2026-03-27T02:51:06","slug":"large-span-steel-space-frame-structures-cost-effective-roofing","status":"publish","type":"product","link":"https:\/\/sdshijie.com\/fr\/produit\/large-span-steel-space-frame-structures-cost-effective-roofing\/","title":{"rendered":"Syst\u00e8mes de toiture \u00e0 ossature m\u00e9tallique pour stades et halls"},"content":{"rendered":"<h2 style=\"font-weight: 400;\"><strong>Structures spatiales en acier \u00e0 grande port\u00e9e | Toitures \u00e9conomiques<\/strong><\/h2>\n<p>&nbsp;<\/p>\n<h3>Caract\u00e9ristiques principales et avantages<\/h3>\n<p>Spatial grid steel grid roof structures utilize a spatial truss system, offering high overall rigidity and uniform load distribution, thereby enabling column-free spaces with large spans. They exhibit excellent seismic performance and strong structural stability. Most components are prefabricated in factories to standardized specifications and can be paired with various roofing materials to meet requirements for natural lighting, thermal insulation, and waterproofing. The structures are corrosion-resistant and durable, and their overall cost is highly competitive.<\/p>\n<p>\u2666 150m+ clear span, column-free;<\/p>\n<p>\u2666 30% lighter, faster assembly;<\/p>\n<p>\u2666 Pas d'entretien, 50 ans et plus ;<\/p>\n<p>\u2666 Any roof shape;<\/p>\n<p>\u2666 Weather resistant.<\/p>\n<h4>Competitive Advantage<\/h4>\n<p>\u2666 High end steel building design<\/p>\n<p>\u2666 Intelligent digital manufacturing technology<\/p>\n<p>\u2666 Customized steel components<\/p>\n<h3>Applications<\/h3>\n<p>Spatial grid steel structure roofing is suitable for a wide array of applications and is frequently utilized in buildings requiring expansive, column-free spaces\u2014such as large-scale industrial plants, logistics warehouses, aircraft hangars, major retail centers, and exhibition halls. It is equally well-suited for public structures\u2014including sports stadiums, station waiting halls, airport terminals, and theaters\u2014where it effectively meets design requirements for vast interior spaces, aesthetic appeal, and abundant natural lighting.<\/p>\n<p>\u2666 Stades ;<\/p>\n<p>\u2666 Salles d'exposition ;<\/p>\n<p>\u2666 Concert halls;<\/p>\n<p>\u2666 A\u00e9roports ;<\/p>\n<p>Centres commerciaux ;<\/p>\n<p>\u2666 Hangars.<\/p>\n<h3>Param\u00e8tres du produit<\/h3>\n<table style=\"font-weight: 400;\">\n<tbody>\n<tr>\n<td>Produits<\/td>\n<td>\n<p style=\"font-weight: 400;\"><span style=\"font-weight: 400;\">B\u00e2timent pr\u00e9fabriqu\u00e9 en acier<\/span><\/p>\n<\/td>\n<\/tr>\n<tr>\n<td>Type<\/td>\n<td>Poutre en H, Colonne, Tirant, Poutrelle, Colonne-caisson<\/td>\n<\/tr>\n<tr>\n<td>Mat\u00e9riau principal<\/td>\n<td>Q235B(ASTM A36,S235JR), Q355B<\/td>\n<\/tr>\n<tr>\n<td>Traitement de surface<\/td>\n<td>Peinture, galvanisation<\/td>\n<\/tr>\n<tr>\n<td>D\u00e9coupage de processus<\/td>\n<td><span data-slate-fragment=\"JTVCJTdCJTIydHlwZSUyMiUzQSUyMnBhcmFncmFwaCUyMiUyQyUyMmNoaWxkcmVuJTIyJTNBJTVCJTdCJTIyaWQlMjIlM0ElMjJWb0F4N0pYM3FuJTIyJTJDJTIycGFyYUlkeCUyMiUzQTAlMkMlMjJzcmMlMjIlM0ElMjJDdXR0aW5nJTNBJTIwTGFzZXIlMjBjdXR0aW5nJTJDJTIwcGxhc21hJTIwY3V0dGluZyUyQyUyMGZsYW1lJTIwY3V0dGluZyUyQyUyMG9yJTIwd2F0ZXJqZXQlMjBjdXR0aW5nJTIwZm9yJTIwaW50cmljYXRlJTIwc2hhcGVzLiUyMiUyQyUyMmRzdCUyMiUzQSUyMiVFNSU4OCU4NyVFNSU4OSVCMiVFRiVCQyU5QSVFNyU5NCVBOCVFNCVCQSU4RSVFNSVBNCU4RCVFNiU5RCU4MiVFNSVCRCVBMiVFNyU4QSVCNiVFNyU5QSU4NCVFNiVCRiU4MCVFNSU4NSU4OSVFNSU4OCU4NyVFNSU4OSVCMiVFMyU4MCU4MSVFNyVBRCU4OSVFNyVBNiVCQiVFNSVBRCU5MCVFNSU4OCU4NyVFNSU4OSVCMiVFMyU4MCU4MSVFNyU4MSVBQiVFNyU4NCVCMCVFNSU4OCU4NyVFNSU4OSVCMiVFNiU4OCU5NiVFNiVCMCVCNCVFNSVCMCU4NCVFNiVCNSU4MSVFNSU4OCU4NyVFNSU4OSVCMiVFMyU4MCU4MiUyMiUyQyUyMm1ldGFkYXRhJTIyJTNBJTIyJTIyJTJDJTIybWF0Y2hlcyUyMiUzQW51bGwlMkMlMjJtZXRhRGF0YSUyMiUzQSU1QiU1RCUyQyUyMnRleHQlMjIlM0ElMjJMYXNlciUyMGN1dHRpbmclMkMlMjBwbGFzbWElMjBjdXR0aW5nJTJDJTIwZmxhbWUlMjBjdXR0aW5nJTJDJTIwb3IlMjB3YXRlcmpldCUyMGN1dHRpbmclMjBmb3IlMjBpbnRyaWNhdGUlMjBzaGFwZXMlMjIlN0QlNUQlN0QlNUQ=\">D\u00e9coupe au laser, d\u00e9coupe au plasma, oxycoupage pour les formes complexes<\/span><\/td>\n<\/tr>\n<tr>\n<td>Formation<\/td>\n<td><span data-slate-fragment=\"JTVCJTdCJTIydHlwZSUyMiUzQSUyMnBhcmFncmFwaCUyMiUyQyUyMmNoaWxkcmVuJTIyJTNBJTVCJTdCJTIyaWQlMjIlM0ElMjI5WHdZdlJEdnFQJTIyJTJDJTIycGFyYUlkeCUyMiUzQTElMkMlMjJzcmMlMjIlM0ElMjJGb3JtaW5nJTNBJTIwUHJlc3MlMjBicmFraW5nJTJDJTIwcm9sbGluZyUyQyUyMGFuZCUyMGJlbmRpbmclMjB0byUyMG1lZXQlMjBjb21wbGV4JTIwc3RydWN0dXJhbCUyMGRlc2lnbnMuJTIyJTJDJTIyZHN0JTIyJTNBJTIyJUU2JTg4JTkwJUU1JTlFJThCJUVGJUJDJTlBJUU1JThFJThCJUU1JTg4JUI2JUU1JTg4JUI2JUU1JThBJUE4JUUzJTgwJTgxJUU4JUJEJUE3JUU1JTg4JUI2JUU1JTkyJThDJUU1JUJDJUFGJUU2JTlCJUIyJUVGJUJDJThDJUU0JUJCJUE1JUU2JUJCJUExJUU4JUI2JUIzJUU1JUE0JThEJUU2JTlEJTgyJUU3JTlBJTg0JUU3JUJCJTkzJUU2JTlFJTg0JUU4JUFFJUJFJUU4JUFFJUExJUUzJTgwJTgyJTIyJTJDJTIybWV0YWRhdGElMjIlM0ElMjIlMjIlMkMlMjJtYXRjaGVzJTIyJTNBbnVsbCUyQyUyMm1ldGFEYXRhJTIyJTNBJTVCJTVEJTJDJTIydGV4dCUyMiUzQSUyMnJvbGxpbmclMkMlMjBhbmQlMjBiZW5kaW5nJTIwdG8lMjBtZWV0JTIwY29tcGxleCUyMHN0cnVjdHVyYWwlMjBkZXNpZ25zJTIyJTdEJTVEJTdEJTVE\">Roulage et pliage pour r\u00e9pondre \u00e0 des conceptions structurelles complexes<\/span><\/td>\n<\/tr>\n<tr>\n<td>Soudage<\/td>\n<td><span data-slate-fragment=\"JTVCJTdCJTIydHlwZSUyMiUzQSUyMnBhcmFncmFwaCUyMiUyQyUyMmNoaWxkcmVuJTIyJTNBJTVCJTdCJTIyaWQlMjIlM0ElMjJWRXExS2pFTTUwJTIyJTJDJTIycGFyYUlkeCUyMiUzQTIlMkMlMjJzcmMlMjIlM0ElMjJXZWxkaW5nJTNBJTIwSGlnaC1xdWFsaXR5JTIwd2VsZGluZyUyMChNSUclMkMlMjBUSUclMkMlMjBzdWJtZXJnZWQlMjBhcmMpJTIwZm9yJTIwcm9idXN0JTIwam9pbnRzLiUyMiUyQyUyMmRzdCUyMiUzQSUyMiVFNyU4NCU4QSVFNiU4RSVBNSVFRiVCQyU5QSVFNyU5NCVBOCVFNCVCQSU4RSVFNSU5RCU5QSVFNSU5QiVCQSVFNiU4RSVBNSVFNSVBNCVCNCVFNyU5QSU4NCVFOSVBQiU5OCVFOCVCNCVBOCVFOSU4NyU4RiVFNyU4NCU4QSVFNiU4RSVBNSVFRiVCQyU4OE1JRyVFMyU4MCU4MVRJRyVFMyU4MCU4MSVFNSU5RiU4QiVFNSVCQyVBNyVFRiVCQyU4OSVFMyU4MCU4MiUyMiUyQyUyMm1ldGFkYXRhJTIyJTNBJTIyJTIyJTJDJTIybWF0Y2hlcyUyMiUzQW51bGwlMkMlMjJtZXRhRGF0YSUyMiUzQSU1QiU1RCUyQyUyMnRleHQlMjIlM0ElMjJNSUclMkMlMjBUSUclMkMlMjBzdWJtZXJnZWQlMjBhcmMlMjIlN0QlNUQlN0QlNUQ=\">MIG, TIG, arc submerg\u00e9<\/span><\/td>\n<\/tr>\n<tr>\n<td>Usinage<\/td>\n<td><span data-slate-fragment=\"JTVCJTdCJTIydHlwZSUyMiUzQSUyMnBhcmFncmFwaCUyMiUyQyUyMmNoaWxkcmVuJTIyJTNBJTVCJTdCJTIyaWQlMjIlM0ElMjJqTDVST1lnQndvJTIyJTJDJTIycGFyYUlkeCUyMiUzQTMlMkMlMjJzcmMlMjIlM0ElMjJNYWNoaW5pbmclM0ElMjBEcmlsbGluZyUyQyUyMG1pbGxpbmclMkMlMjBhbmQlMjB0aHJlYWRpbmclMjBmb3IlMjBwcmVjaXNlJTIwZml0dGluZ3MuJTIyJTJDJTIyZHN0JTIyJTNBJTIyJUU2JTlDJUJBJUU2JUEyJUIwJUU1JThBJUEwJUU1JUI3JUE1JUVGJUJDJTlBJUU3JTk0JUE4JUU0JUJBJThFJUU3JUIyJUJFJUU1JUFGJTg2JUU5JTg1JThEJUU0JUJCJUI2JUU3JTlBJTg0JUU5JTkyJUJCJUU1JUFEJTk0JUUzJTgwJTgxJUU5JTkzJUEzJUU1JTg5JThBJUU1JTkyJThDJUU4JTlFJUJBJUU3JUJBJUI5JUU1JThBJUEwJUU1JUI3JUE1JUUzJTgwJTgyJTIyJTJDJTIybWV0YWRhdGElMjIlM0ElMjIlMjIlMkMlMjJtYXRjaGVzJTIyJTNBbnVsbCUyQyUyMm1ldGFEYXRhJTIyJTNBJTVCJTVEJTJDJTIydGV4dCUyMiUzQSUyMkRyaWxsaW5nJTJDJTIwbWlsbGluZyUyQyUyMGFuZCUyMHRocmVhZGluZyUyMGZvciUyMHByZWNpc2UlMjBmaXR0aW5ncyUyMiU3RCU1RCU3RCU1RA==\">Per\u00e7age, fraisage pour des raccords pr\u00e9cis<\/span><\/td>\n<\/tr>\n<tr>\n<td>Contr\u00f4le de la qualit\u00e9<\/td>\n<td>Contr\u00f4le de qualit\u00e9, contr\u00f4le par un tiers<\/td>\n<\/tr>\n<tr>\n<td>Paquet<\/td>\n<td>Comme demand\u00e9<\/td>\n<\/tr>\n<\/tbody>\n<\/table>\n<p>&nbsp;<\/p>","protected":false},"excerpt":{"rendered":"<p>In architectural domains\u2014such as large-scale sports stadiums and international exhibition centers\u2014that impose rigorous demands on roof span, structural stability, and long-term durability, steel grid structures have emerged as the benchmark choice for roofing construction. 3D truss roof system for large-span venues. Double\/triple-layer space frame with hollow steel sections (Q355B\/ASTM A572) and bolted spherical nodes. Column-free spans up to 150m+. Customizable roof shapes (domed, arched, flat). Hot-dip galvanized. 50+ year life. AISC\/IBC compliant. Furthermore, grid steel structures strike a balance between individuality and practicality. They allow for flexible customization of roof shapes to meet the functional requirements and architectural aesthetic needs of different venues, encompassing the grandeur of domes, the fluid rhythm of arches, and the simplicity and orderliness of flat roofs, ensuring that the building\u2019s exterior perfectly aligns with its functional needs.<\/p>","protected":false},"featured_media":3363,"comment_status":"open","ping_status":"closed","template":"","meta":{"_acf_changed":false},"product_brand":[],"product_cat":[29],"product_tag":[],"class_list":{"0":"post-2409","1":"product","2":"type-product","3":"status-publish","4":"has-post-thumbnail","6":"product_cat-spatial-grid-structure","8":"first","9":"instock","10":"shipping-taxable","11":"product-type-simple"},"acf":[],"_links":{"self":[{"href":"https:\/\/sdshijie.com\/fr\/wp-json\/wp\/v2\/product\/2409","targetHints":{"allow":["GET"]}}],"collection":[{"href":"https:\/\/sdshijie.com\/fr\/wp-json\/wp\/v2\/product"}],"about":[{"href":"https:\/\/sdshijie.com\/fr\/wp-json\/wp\/v2\/types\/product"}],"replies":[{"embeddable":true,"href":"https:\/\/sdshijie.com\/fr\/wp-json\/wp\/v2\/comments?post=2409"}],"wp:featuredmedia":[{"embeddable":true,"href":"https:\/\/sdshijie.com\/fr\/wp-json\/wp\/v2\/media\/3363"}],"wp:attachment":[{"href":"https:\/\/sdshijie.com\/fr\/wp-json\/wp\/v2\/media?parent=2409"}],"wp:term":[{"taxonomy":"product_brand","embeddable":true,"href":"https:\/\/sdshijie.com\/fr\/wp-json\/wp\/v2\/product_brand?post=2409"},{"taxonomy":"product_cat","embeddable":true,"href":"https:\/\/sdshijie.com\/fr\/wp-json\/wp\/v2\/product_cat?post=2409"},{"taxonomy":"product_tag","embeddable":true,"href":"https:\/\/sdshijie.com\/fr\/wp-json\/wp\/v2\/product_tag?post=2409"}],"curies":[{"name":"wp","href":"https:\/\/api.w.org\/{rel}","templated":true}]}}