{"id":2381,"date":"2025-12-30T03:11:43","date_gmt":"2025-12-30T03:11:43","guid":{"rendered":"https:\/\/sdshijie.com\/?post_type=product&#038;p=2381"},"modified":"2026-03-27T02:15:08","modified_gmt":"2026-03-27T02:15:08","slug":"steel-structure-high-rise-building-solutions-design-fabrication","status":"publish","type":"product","link":"https:\/\/sdshijie.com\/fr\/produit\/steel-structure-high-rise-building-solutions-design-fabrication\/","title":{"rendered":"Construction efficace d'usines et d'entrep\u00f4ts \u00e0 structure m\u00e9tallique"},"content":{"rendered":"<h2>Frame Steel Structure Manufacturer|Factory &amp; Warehouse<\/h2>\n<h3>Caract\u00e9ristiques principales et avantages<\/h3>\n<p>Steel-frame structures offer factories and warehouses greater space utilization and construction efficiency, while their open, unobstructed interior layouts are better suited for production operations and goods storage. They address the core issues of traditional buildings, such as limited space, lengthy construction cycles, and the difficulty of renovations.\u00a0 At the same time, it features a safe and stable structure and low operation and maintenance costs, making it well-suited to meet the construction and upgrading requirements of modern industrial and warehousing projects.<\/p>\n<p>\u2666 One-stop solution;<\/p>\n<p>\u2666 60m+ de port\u00e9e libre ;<\/p>\n<p>\u2666 50% construction plus rapide ;<\/p>\n<p>\u2666 Pas d'entretien, 50 ans et plus ;<\/p>\n<p>\u2666 Crane ready;<\/p>\n<p>\u2666 Fully customizable.<\/p>\n<h3>Applications<\/h3>\n<p>Steel frame structures are widely utilized in manufacturing plants, processing workshops, multi-story warehouses, logistics distribution centers, cold storage facilities, and various other industrial production sites. Capable of accommodating the spatial layout requirements of diverse industries, they support the placement of heavy machinery, the configuration of automated production lines, and high-density cargo storage, offering flexible and versatile application scenarios.<\/p>\n<p>\u2666 Usines de fabrication ;<\/p>\n<p>\u2666 Entrep\u00f4ts ;<\/p>\n<p>\u2666 Cold storage;<\/p>\n<p>\u2666 B\u00e2timents agricoles ;<\/p>\n<p>\u2666 Logistics hubs;<\/p>\n<p>\u2666 Sports facilities.<\/p>\n<h3>Param\u00e8tres du produit<\/h3>\n<table class=\"has-title all magic-47\" style=\"height: 161px;\" width=\"1134\">\n<tbody>\n<tr>\n<td colspan=\"1\" rowspan=\"1\">\n<div class=\"magic-48\">Nom du produit<\/div>\n<\/td>\n<td colspan=\"1\" rowspan=\"1\">\n<div class=\"magic-49\">Structures en acier sur mesure pour la production de ciment<\/div>\n<\/td>\n<\/tr>\n<tr>\n<td colspan=\"1\" rowspan=\"1\">\n<div class=\"magic-48\">Mat\u00e9riau<\/div>\n<\/td>\n<td colspan=\"1\" rowspan=\"1\">\n<div class=\"magic-49\">Q235B, Q345B<\/div>\n<\/td>\n<\/tr>\n<tr>\n<td colspan=\"1\" rowspan=\"1\">\n<div class=\"magic-48\">Traitement de surface<\/div>\n<\/td>\n<td colspan=\"1\" rowspan=\"1\">\n<div class=\"magic-49\">1. Peinture ; 2. galvanisation ;<\/div>\n<\/td>\n<\/tr>\n<tr>\n<td colspan=\"1\" rowspan=\"1\">\n<div class=\"magic-48\">Certification<\/div>\n<\/td>\n<td colspan=\"1\" rowspan=\"1\">\n<div class=\"magic-49\">SO9001, ISO14001, OHSAS18001, EN1090, ISO3834<\/div>\n<\/td>\n<\/tr>\n<tr>\n<td colspan=\"1\" rowspan=\"1\">\n<div class=\"magic-50\">Standard<\/div>\n<\/td>\n<td colspan=\"1\" rowspan=\"1\">\n<div class=\"magic-51\" data-spm-anchor-id=\"a2700.details-description.0.i0.355cV18JV18Jfe\">GB, ASTM, EN, ISO, AS\/ANS,JIS,JWB<\/div>\n<\/td>\n<\/tr>\n<\/tbody>\n<\/table>\n<p>&nbsp;<\/p>","protected":false},"excerpt":{"rendered":"<p>Suitable for factories and warehouses, the steel frame structures can be customized to meet the specific needs of each facility. With their lightweight design and high load-bearing capacity, these steel frame structures can flexibly accommodate the requirements of buildings with large spans and open floor plans. Possessing both excellent seismic resistance and durability, it is an ideal structural choice for modern industrial buildings. Steel frame manufacturer for factories\/warehouses. Rigid portal frames (Q355B\/ASTM A572), C\/Z purlins, cladding. CNC-cut, pre-drilled, hot-dip galvanized. Bolted assembly, no welding. Clear span up to 60m+. 50+ year life. AISC\/IBC compliant.<\/p>","protected":false},"featured_media":3361,"comment_status":"open","ping_status":"closed","template":"","meta":{"_acf_changed":false},"product_brand":[],"product_cat":[28],"product_tag":[],"class_list":{"0":"post-2381","1":"product","2":"type-product","3":"status-publish","4":"has-post-thumbnail","6":"product_cat-frame-steel-structure","8":"first","9":"instock","10":"shipping-taxable","11":"product-type-simple"},"acf":[],"_links":{"self":[{"href":"https:\/\/sdshijie.com\/fr\/wp-json\/wp\/v2\/product\/2381","targetHints":{"allow":["GET"]}}],"collection":[{"href":"https:\/\/sdshijie.com\/fr\/wp-json\/wp\/v2\/product"}],"about":[{"href":"https:\/\/sdshijie.com\/fr\/wp-json\/wp\/v2\/types\/product"}],"replies":[{"embeddable":true,"href":"https:\/\/sdshijie.com\/fr\/wp-json\/wp\/v2\/comments?post=2381"}],"wp:featuredmedia":[{"embeddable":true,"href":"https:\/\/sdshijie.com\/fr\/wp-json\/wp\/v2\/media\/3361"}],"wp:attachment":[{"href":"https:\/\/sdshijie.com\/fr\/wp-json\/wp\/v2\/media?parent=2381"}],"wp:term":[{"taxonomy":"product_brand","embeddable":true,"href":"https:\/\/sdshijie.com\/fr\/wp-json\/wp\/v2\/product_brand?post=2381"},{"taxonomy":"product_cat","embeddable":true,"href":"https:\/\/sdshijie.com\/fr\/wp-json\/wp\/v2\/product_cat?post=2381"},{"taxonomy":"product_tag","embeddable":true,"href":"https:\/\/sdshijie.com\/fr\/wp-json\/wp\/v2\/product_tag?post=2381"}],"curies":[{"name":"wp","href":"https:\/\/api.w.org\/{rel}","templated":true}]}}