{"id":2109,"date":"2025-12-27T00:29:21","date_gmt":"2025-12-27T00:29:21","guid":{"rendered":"https:\/\/sdshijie.com\/?post_type=product&#038;p=2109"},"modified":"2026-03-27T05:31:05","modified_gmt":"2026-03-27T05:31:05","slug":"steel-truss-support-system-fabricated-for-pipelines-steel-structure","status":"publish","type":"product","link":"https:\/\/sdshijie.com\/fr\/produit\/steel-truss-support-system-fabricated-for-pipelines-steel-structure\/","title":{"rendered":"Syst\u00e8me de support de poutrelle en acier tubulaire sur mesure"},"content":{"rendered":"<h2>Poutrelle en acier durable pour le franchissement et le support de pipelines<\/h2>\n<p>&nbsp;<\/p>\n<h3>Caract\u00e9ristiques principales et avantages<\/h3>\n<p>Ces fermes en acier, con\u00e7ues sur mesure pour des applications telles que les croisements de pipelines, les installations a\u00e9riennes et le soutien lat\u00e9ral, se caract\u00e9risent par de longues port\u00e9es, un poids l\u00e9ger et une capacit\u00e9 de charge \u00e9lev\u00e9e. Elles r\u00e9pondent efficacement aux d\u00e9fis pos\u00e9s par l'installation de pipelines sur de longues port\u00e9es sans support de colonne. La structure offre une rigidit\u00e9 et une int\u00e9grit\u00e9 globales \u00e9lev\u00e9es, une excellente r\u00e9sistance aux s\u00e9ismes et au vent, ainsi qu'un fonctionnement s\u00fbr et fiable. La conception triangulaire de la poutrelle assure une r\u00e9partition rationnelle des charges et une excellente stabilit\u00e9, am\u00e9liorant ainsi la s\u00e9curit\u00e9 et la durabilit\u00e9 des supports de pipelines. La structure en treillis d'acier est r\u00e9sistante \u00e0 la corrosion, durable et tr\u00e8s rigide, ce qui garantit un fonctionnement stable et \u00e0 long terme des pipelines, avec de faibles co\u00fbts de maintenance.<\/p>\n<h3>Applications<\/h3>\n<p>Il convient aux projets tels que les supports de canalisations, les galeries de canalisations et les ponts de canalisations qui n\u00e9cessitent de grandes port\u00e9es et une capacit\u00e9 de charge \u00e9lev\u00e9e. Dot\u00e9 de raccords fiables et d'une structure tr\u00e8s rigide, ce syst\u00e8me convient aux projets de pipelines lourds et de longue distance. Il peut s'adapter \u00e0 des conditions de travail industrielles complexes telles que les hautes temp\u00e9ratures, les hautes pressions, la corrosion et les vibrations, garantissant ainsi un fonctionnement s\u00fbr et stable \u00e0 long terme de la canalisation.<\/p>\n<h3>Param\u00e8tres des produits<\/h3>\n<table border=\"1\" width=\"633\" cellspacing=\"0\" cellpadding=\"0\">\n<tbody>\n<tr>\n<td class=\"et2\" width=\"327\" height=\"24\">Mat\u00e9riau<\/td>\n<td class=\"et3\" width=\"306\">Tube d'acier qualifi\u00e9 Q235,355B ,plaque d'acier<\/td>\n<\/tr>\n<tr>\n<td class=\"et4\" height=\"24\">Certification de l'entreprise<\/td>\n<td class=\"et3\">JIS GB CE AISC<\/td>\n<\/tr>\n<tr>\n<td class=\"et5\" width=\"327\" height=\"24\">Travailleurs du soudage<\/td>\n<td class=\"et5\" width=\"306\">Travailleurs certifi\u00e9s en soudure.<\/td>\n<\/tr>\n<tr>\n<td class=\"et5\" width=\"327\" height=\"24\">Processus de surface du produit<\/td>\n<td class=\"et5\" width=\"306\">Peinture galvanis\u00e9e ou selon les besoins.<\/td>\n<\/tr>\n<tr>\n<td class=\"et5\" width=\"327\" height=\"24\">Vie professionnelle<\/td>\n<td class=\"et6\" width=\"306\">Longue dur\u00e9e de vie<\/td>\n<\/tr>\n<tr>\n<td class=\"et4\" height=\"24\">Paquet<\/td>\n<td class=\"et4\">palette fixe en acier<\/td>\n<\/tr>\n<\/tbody>\n<\/table>\n<p>&nbsp;<\/p>\n<p>&nbsp;<\/p>","protected":false},"excerpt":{"rendered":"<p>Les structures en treillis pour pipelines sont des charpentes m\u00e9talliques robustes con\u00e7ues pour supporter des pipelines de longue port\u00e9e traversant des terrains complexes ou des zones sensibles sur le plan environnemental. En combinant de l'acier \u00e0 haute r\u00e9sistance avec des fermes triangulaires optimis\u00e9es, ces structures offrent une capacit\u00e9 de charge et une stabilit\u00e9 exceptionnelles, tout en minimisant la pression au sol gr\u00e2ce \u00e0 leur l\u00e9g\u00e8ret\u00e9. Chaque syst\u00e8me de support en treillis est pr\u00e9cis\u00e9ment con\u00e7u pour s'adapter aux diff\u00e9rents diam\u00e8tres de tuyaux, aux pressions nominales et aux port\u00e9es requises, ce qui garantit la s\u00e9curit\u00e9 et la stabilit\u00e9 des pipelines dans toutes les conditions d'exploitation. Ses excellentes performances structurelles le rendent particuli\u00e8rement adapt\u00e9 aux projets de pipelines \u00e0 longue port\u00e9e et \u00e0 forte charge, en r\u00e9duisant efficacement le nombre de colonnes de support n\u00e9cessaires.<\/p>","protected":false},"featured_media":3143,"comment_status":"open","ping_status":"closed","template":"","meta":{"_acf_changed":false},"product_brand":[],"product_cat":[30],"product_tag":[],"class_list":{"0":"post-2109","1":"product","2":"type-product","3":"status-publish","4":"has-post-thumbnail","6":"product_cat-steel-truss","8":"first","9":"instock","10":"shipping-taxable","11":"product-type-simple"},"acf":[],"_links":{"self":[{"href":"https:\/\/sdshijie.com\/fr\/wp-json\/wp\/v2\/product\/2109","targetHints":{"allow":["GET"]}}],"collection":[{"href":"https:\/\/sdshijie.com\/fr\/wp-json\/wp\/v2\/product"}],"about":[{"href":"https:\/\/sdshijie.com\/fr\/wp-json\/wp\/v2\/types\/product"}],"replies":[{"embeddable":true,"href":"https:\/\/sdshijie.com\/fr\/wp-json\/wp\/v2\/comments?post=2109"}],"wp:featuredmedia":[{"embeddable":true,"href":"https:\/\/sdshijie.com\/fr\/wp-json\/wp\/v2\/media\/3143"}],"wp:attachment":[{"href":"https:\/\/sdshijie.com\/fr\/wp-json\/wp\/v2\/media?parent=2109"}],"wp:term":[{"taxonomy":"product_brand","embeddable":true,"href":"https:\/\/sdshijie.com\/fr\/wp-json\/wp\/v2\/product_brand?post=2109"},{"taxonomy":"product_cat","embeddable":true,"href":"https:\/\/sdshijie.com\/fr\/wp-json\/wp\/v2\/product_cat?post=2109"},{"taxonomy":"product_tag","embeddable":true,"href":"https:\/\/sdshijie.com\/fr\/wp-json\/wp\/v2\/product_tag?post=2109"}],"curies":[{"name":"wp","href":"https:\/\/api.w.org\/{rel}","templated":true}]}}