{"id":2105,"date":"2025-12-27T00:06:20","date_gmt":"2025-12-27T00:06:20","guid":{"rendered":"https:\/\/sdshijie.com\/?post_type=product&#038;p=2105"},"modified":"2026-04-21T05:49:39","modified_gmt":"2026-04-21T05:49:39","slug":"heavy-duty-steel-bridge-fabrication-weather-resistant-pedestrian-bridge-kits-for-scenic-areas-industrial-zones","status":"publish","type":"product","link":"https:\/\/sdshijie.com\/fr\/produit\/heavy-duty-steel-bridge-fabrication-weather-resistant-pedestrian-bridge-kits-for-scenic-areas-industrial-zones\/","title":{"rendered":"Heavy-Duty Steel Box Girder Bridges"},"content":{"rendered":"<div>\n<h1>Pont pi\u00e9tonnier paysager \u00e0 poutres-caissons en acier<\/h1>\n<p>&nbsp;<\/p>\n<div id=\"message-359536589811\" data-complete=\"true\">\n<h3><strong><b>C\u0153ur de m\u00e9tier<\/b><\/strong><strong><b>\u00a0Caract\u00e9ristiques &amp;<\/b><\/strong><strong><b>Avantages<\/b><\/strong><\/h3>\n<p>Dot\u00e9 d'une structure en caisson ferm\u00e9, il offre une grande solidit\u00e9, une excellente capacit\u00e9 de charge et une rigidit\u00e9 sup\u00e9rieure, ce qui le rend tr\u00e8s r\u00e9sistant \u00e0 la d\u00e9formation. Il r\u00e9siste au vent, aux tremblements de terre et \u00e0 la corrosion, ce qui garantit sa s\u00e9curit\u00e9 et sa durabilit\u00e9, et il est id\u00e9al pour une utilisation ext\u00e9rieure \u00e0 long terme. De conception esth\u00e9tique et personnalisable, il est plus efficace et plus pratique que les ponts en b\u00e9ton traditionnels.<\/p>\n<h4>Nos points forts<\/h4>\n<p>\u2666 Nous offrons des services professionnels de fabrication sur mesure OEM ;<br \/>\n\u2666 Nous disposons d'une \u00e9quipe d\u00e9vou\u00e9e qui r\u00e9pond rapidement aux demandes des clients et aux questions techniques ;<br \/>\n\u2666 Nous poss\u00e9dons les certifications de qualit\u00e9 EN1090, AISC, CWB et JIS ;<br \/>\n\u2666 Nous sommes \u00e9quip\u00e9s d'une ligne compl\u00e8te de production de produits sur mesure ;<br \/>\n\u2666 Situ\u00e9 \u00e0 proximit\u00e9 d'un port maritime, notre \u00e9tablissement est facilement accessible pour les visites des clients et le transport des marchandises ;<br \/>\nAvec 150 000 m\u00e8tres carr\u00e9s d'espace de production, nous sommes en mesure de traiter des commandes de gros volumes.<\/p>\n<h3><strong>Applications<\/strong><\/h3>\n<p>Les structures de ponts en acier \u00e0 poutres en caisson conviennent principalement \u00e0 des applications telles que les ponts pi\u00e9tonniers panoramiques dans les zones touristiques, les passerelles d'acc\u00e8s dans les parcs industriels et les viaducs enjambant les routes principales. Elles r\u00e9pondent \u00e0 un grand nombre d'exigences techniques, notamment la durabilit\u00e9 \u00e0 l'ext\u00e9rieur, la s\u00e9curit\u00e9 du passage et la compatibilit\u00e9 avec l'environnement.<\/p>\n<h3>Param\u00e8tres du produit<\/h3>\n<table style=\"font-weight: 400;\">\n<tbody>\n<tr>\n<td>Nom du produit<\/td>\n<td>\u00a0 \u00a0 Pont pi\u00e9tonnier en acier<\/td>\n<\/tr>\n<tr>\n<td>Mat\u00e9riau<\/td>\n<td>\u00a0 \u00a0 ASTM ; EN ; GB ;<\/td>\n<\/tr>\n<tr>\n<td>Surface<\/td>\n<td>\u00a0 \u00a0 Peint ; H.D.G<\/td>\n<\/tr>\n<\/tbody>\n<\/table>\n<p style=\"font-weight: 400;\">\n<\/div>\n<\/div>\n<div>\n<p class=\"marklang-paragraph\">\n<\/div>","protected":false},"excerpt":{"rendered":"<p>Les ponts \u00e0 poutres en caisson sont g\u00e9n\u00e9ralement constitu\u00e9s d'\u00e9l\u00e9ments tels que des poutres en acier, des plaques d'acier et des c\u00e2bles en acier. Le pont est construit en soudant des plaques d'acier pour former une poutre ferm\u00e9e en forme de caisson, qui est ensuite combin\u00e9e avec le tablier du pont, les garde-corps et d'autres \u00e9l\u00e9ments pour former un pont complet. L'acier homog\u00e8ne \u00e0 haute r\u00e9sistance est utilis\u00e9 pour cr\u00e9er une structure porteuse \u00e0 la fois l\u00e9g\u00e8re et robuste. Sa conception modulaire permet une fabrication efficace et un assemblage rapide sur site. Tous les principaux composants sont usin\u00e9s, soud\u00e9s, trait\u00e9s pour r\u00e9sister \u00e0 la corrosion et contr\u00f4l\u00e9s en usine, ce qui garantit la qualit\u00e9 du produit.<\/p>","protected":false},"featured_media":5054,"comment_status":"open","ping_status":"closed","template":"","meta":{"_acf_changed":false},"product_brand":[],"product_cat":[31],"product_tag":[],"class_list":{"0":"post-2105","1":"product","2":"type-product","3":"status-publish","4":"has-post-thumbnail","6":"product_cat-bridge-engineering","8":"first","9":"instock","10":"shipping-taxable","11":"product-type-simple"},"acf":[],"_links":{"self":[{"href":"https:\/\/sdshijie.com\/fr\/wp-json\/wp\/v2\/product\/2105","targetHints":{"allow":["GET"]}}],"collection":[{"href":"https:\/\/sdshijie.com\/fr\/wp-json\/wp\/v2\/product"}],"about":[{"href":"https:\/\/sdshijie.com\/fr\/wp-json\/wp\/v2\/types\/product"}],"replies":[{"embeddable":true,"href":"https:\/\/sdshijie.com\/fr\/wp-json\/wp\/v2\/comments?post=2105"}],"wp:featuredmedia":[{"embeddable":true,"href":"https:\/\/sdshijie.com\/fr\/wp-json\/wp\/v2\/media\/5054"}],"wp:attachment":[{"href":"https:\/\/sdshijie.com\/fr\/wp-json\/wp\/v2\/media?parent=2105"}],"wp:term":[{"taxonomy":"product_brand","embeddable":true,"href":"https:\/\/sdshijie.com\/fr\/wp-json\/wp\/v2\/product_brand?post=2105"},{"taxonomy":"product_cat","embeddable":true,"href":"https:\/\/sdshijie.com\/fr\/wp-json\/wp\/v2\/product_cat?post=2105"},{"taxonomy":"product_tag","embeddable":true,"href":"https:\/\/sdshijie.com\/fr\/wp-json\/wp\/v2\/product_tag?post=2105"}],"curies":[{"name":"wp","href":"https:\/\/api.w.org\/{rel}","templated":true}]}}