{"id":2104,"date":"2025-12-27T00:05:09","date_gmt":"2025-12-27T00:05:09","guid":{"rendered":"https:\/\/sdshijie.com\/?post_type=product&#038;p=2104"},"modified":"2026-01-08T06:53:25","modified_gmt":"2026-01-08T06:53:25","slug":"q235b-q355b-steel-beam-fabrication-with-painting-galvanized-surface","status":"publish","type":"product","link":"https:\/\/sdshijie.com\/fr\/produit\/q235b-q355b-steel-beam-fabrication-with-painting-galvanized-surface\/","title":{"rendered":"Poutre en acier Q235B Q355B Fabrication avec peinture galvanis\u00e9e"},"content":{"rendered":"<h2>Avantage concurrentiel Poin\u00e7onneuse Poutrelles m\u00e9talliques en acier pour b\u00e2timents durables et de grande long\u00e9vit\u00e9<\/h2>\n<p><strong><img decoding=\"async\" class=\"lazyi\" src=\"https:\/\/www.sunwaysteel.com\/photo\/sunwaysteel\/editor\/20250401155822_12847.jpg\" alt=\"Q235B Q355B Steel Beam Fabrication With Painting Galvanized Surface 0\" \/><\/strong><\/p>\n<p><strong>B\u00e2timent \u00e0 structure m\u00e9tallique<\/strong><br \/>\nCon\u00e7ues pour des applications industrielles telles que les ateliers, les entrep\u00f4ts et les usines, nos structures en acier utilisent des charpentes en acier profil\u00e9 avec des dimensions personnalis\u00e9es pour r\u00e9pondre aux diverses exigences spatiales. La conception int\u00e8gre des portes roulantes, des fen\u00eatres en PVC et des pannes en acier en forme de C.Z, associ\u00e9es \u00e0 des syst\u00e8mes de toiture\/mur en panneaux sandwich ou en t\u00f4le d'acier pour une durabilit\u00e9 et une efficacit\u00e9 thermique optimales.<\/p>\n<p><strong>Solutions d'ing\u00e9nierie avanc\u00e9es<\/strong><br \/>\nGr\u00e2ce \u00e0 la conception de mod\u00e8les 3D et \u00e0 la fabrication num\u00e9rique intelligente, nous fournissons des composants en acier fabriqu\u00e9s avec pr\u00e9cision et adapt\u00e9s aux sp\u00e9cifications du projet. Les configurations structurelles haut de gamme garantissent l'adaptabilit\u00e9 aux exigences industrielles complexes, de l'optimisation de la charge \u00e0 l'assemblage sans faille.<\/p>\n<p><strong>Personnalisation de bout en bout<\/strong><br \/>\nEn combinant la pr\u00e9fabrication modulaire avec des flux de production agiles, nous fournissons des solutions cl\u00e9s en main qui concilient rentabilit\u00e9, d\u00e9ploiement rapide et performance structurelle \u00e0 long terme pour les installations commerciales et industrielles \u00e0 grande \u00e9chelle.<\/p>\n<div dir=\"auto\" data-node=\"true\">\n<div dir=\"auto\" data-node=\"true\">\n<div class=\"_88681e8\">\n<div class=\"_217e214\"><\/div>\n<\/div>\n<pre><strong><img loading=\"lazy\" decoding=\"async\" class=\"lazyi\" src=\"https:\/\/www.sunwaysteel.com\/photo\/sunwaysteel\/editor\/20250401155822_90055.jpg\" alt=\"Q235B Q355B Steel Beam Fabrication With Painting Galvanized Surface 1\" width=\"1105\" height=\"78\" \/><\/strong><\/pre>\n<\/div>\n<\/div>\n<table style=\"height: 583px;\" border=\"1\" width=\"1108\">\n<tbody>\n<tr>\n<td>Produits<\/td>\n<td>B\u00e2timent \u00e0 structure m\u00e9tallique<\/td>\n<\/tr>\n<tr>\n<td>Mat\u00e9riau principal<\/td>\n<td>Q235B(ASTM A36,S235JR), Q355B<\/td>\n<\/tr>\n<tr>\n<td>Dessin<\/td>\n<td><span lang=\"EN-US\">AUTOCAD \/SOLIDWORKS\/TEKLA<\/span><\/td>\n<\/tr>\n<tr>\n<td>Traitement de surface<\/td>\n<td>Peinture, galvanisation<\/td>\n<\/tr>\n<tr>\n<td>D\u00e9coupage de processus<\/td>\n<td><span data-slate-fragment=\"JTVCJTdCJTIydHlwZSUyMiUzQSUyMnBhcmFncmFwaCUyMiUyQyUyMmNoaWxkcmVuJTIyJTNBJTVCJTdCJTIyaWQlMjIlM0ElMjJWb0F4N0pYM3FuJTIyJTJDJTIycGFyYUlkeCUyMiUzQTAlMkMlMjJzcmMlMjIlM0ElMjJDdXR0aW5nJTNBJTIwTGFzZXIlMjBjdXR0aW5nJTJDJTIwcGxhc21hJTIwY3V0dGluZyUyQyUyMGZsYW1lJTIwY3V0dGluZyUyQyUyMG9yJTIwd2F0ZXJqZXQlMjBjdXR0aW5nJTIwZm9yJTIwaW50cmljYXRlJTIwc2hhcGVzLiUyMiUyQyUyMmRzdCUyMiUzQSUyMiVFNSU4OCU4NyVFNSU4OSVCMiVFRiVCQyU5QSVFNyU5NCVBOCVFNCVCQSU4RSVFNSVBNCU4RCVFNiU5RCU4MiVFNSVCRCVBMiVFNyU4QSVCNiVFNyU5QSU4NCVFNiVCRiU4MCVFNSU4NSU4OSVFNSU4OCU4NyVFNSU4OSVCMiVFMyU4MCU4MSVFNyVBRCU4OSVFNyVBNiVCQiVFNSVBRCU5MCVFNSU4OCU4NyVFNSU4OSVCMiVFMyU4MCU4MSVFNyU4MSVBQiVFNyU4NCVCMCVFNSU4OCU4NyVFNSU4OSVCMiVFNiU4OCU5NiVFNiVCMCVCNCVFNSVCMCU4NCVFNiVCNSU4MSVFNSU4OCU4NyVFNSU4OSVCMiVFMyU4MCU4MiUyMiUyQyUyMm1ldGFkYXRhJTIyJTNBJTIyJTIyJTJDJTIybWF0Y2hlcyUyMiUzQW51bGwlMkMlMjJtZXRhRGF0YSUyMiUzQSU1QiU1RCUyQyUyMnRleHQlMjIlM0ElMjJMYXNlciUyMGN1dHRpbmclMkMlMjBwbGFzbWElMjBjdXR0aW5nJTJDJTIwZmxhbWUlMjBjdXR0aW5nJTJDJTIwb3IlMjB3YXRlcmpldCUyMGN1dHRpbmclMjBmb3IlMjBpbnRyaWNhdGUlMjBzaGFwZXMlMjIlN0QlNUQlN0QlNUQ=\">D\u00e9coupe au laser, d\u00e9coupe au plasma, oxycoupage pour les formes complexes<\/span><\/td>\n<\/tr>\n<tr>\n<td>Formation<\/td>\n<td><span data-slate-fragment=\"JTVCJTdCJTIydHlwZSUyMiUzQSUyMnBhcmFncmFwaCUyMiUyQyUyMmNoaWxkcmVuJTIyJTNBJTVCJTdCJTIyaWQlMjIlM0ElMjI5WHdZdlJEdnFQJTIyJTJDJTIycGFyYUlkeCUyMiUzQTElMkMlMjJzcmMlMjIlM0ElMjJGb3JtaW5nJTNBJTIwUHJlc3MlMjBicmFraW5nJTJDJTIwcm9sbGluZyUyQyUyMGFuZCUyMGJlbmRpbmclMjB0byUyMG1lZXQlMjBjb21wbGV4JTIwc3RydWN0dXJhbCUyMGRlc2lnbnMuJTIyJTJDJTIyZHN0JTIyJTNBJTIyJUU2JTg4JTkwJUU1JTlFJThCJUVGJUJDJTlBJUU1JThFJThCJUU1JTg4JUI2JUU1JTg4JUI2JUU1JThBJUE4JUUzJTgwJTgxJUU4JUJEJUE3JUU1JTg4JUI2JUU1JTkyJThDJUU1JUJDJUFGJUU2JTlCJUIyJUVGJUJDJThDJUU0JUJCJUE1JUU2JUJCJUExJUU4JUI2JUIzJUU1JUE0JThEJUU2JTlEJTgyJUU3JTlBJTg0JUU3JUJCJTkzJUU2JTlFJTg0JUU4JUFFJUJFJUU4JUFFJUExJUUzJTgwJTgyJTIyJTJDJTIybWV0YWRhdGElMjIlM0ElMjIlMjIlMkMlMjJtYXRjaGVzJTIyJTNBbnVsbCUyQyUyMm1ldGFEYXRhJTIyJTNBJTVCJTVEJTJDJTIydGV4dCUyMiUzQSUyMnJvbGxpbmclMkMlMjBhbmQlMjBiZW5kaW5nJTIwdG8lMjBtZWV0JTIwY29tcGxleCUyMHN0cnVjdHVyYWwlMjBkZXNpZ25zJTIyJTdEJTVEJTdEJTVE\">Roulage et pliage pour r\u00e9pondre \u00e0 des conceptions structurelles complexes<\/span><\/td>\n<\/tr>\n<tr>\n<td>Soudage<\/td>\n<td><span data-slate-fragment=\"JTVCJTdCJTIydHlwZSUyMiUzQSUyMnBhcmFncmFwaCUyMiUyQyUyMmNoaWxkcmVuJTIyJTNBJTVCJTdCJTIyaWQlMjIlM0ElMjJWRXExS2pFTTUwJTIyJTJDJTIycGFyYUlkeCUyMiUzQTIlMkMlMjJzcmMlMjIlM0ElMjJXZWxkaW5nJTNBJTIwSGlnaC1xdWFsaXR5JTIwd2VsZGluZyUyMChNSUclMkMlMjBUSUclMkMlMjBzdWJtZXJnZWQlMjBhcmMpJTIwZm9yJTIwcm9idXN0JTIwam9pbnRzLiUyMiUyQyUyMmRzdCUyMiUzQSUyMiVFNyU4NCU4QSVFNiU4RSVBNSVFRiVCQyU5QSVFNyU5NCVBOCVFNCVCQSU4RSVFNSU5RCU5QSVFNSU5QiVCQSVFNiU4RSVBNSVFNSVBNCVCNCVFNyU5QSU4NCVFOSVBQiU5OCVFOCVCNCVBOCVFOSU4NyU4RiVFNyU4NCU4QSVFNiU4RSVBNSVFRiVCQyU4OE1JRyVFMyU4MCU4MVRJRyVFMyU4MCU4MSVFNSU5RiU4QiVFNSVCQyVBNyVFRiVCQyU4OSVFMyU4MCU4MiUyMiUyQyUyMm1ldGFkYXRhJTIyJTNBJTIyJTIyJTJDJTIybWF0Y2hlcyUyMiUzQW51bGwlMkMlMjJtZXRhRGF0YSUyMiUzQSU1QiU1RCUyQyUyMnRleHQlMjIlM0ElMjJNSUclMkMlMjBUSUclMkMlMjBzdWJtZXJnZWQlMjBhcmMlMjIlN0QlNUQlN0QlNUQ=\">MIG, TIG, arc submerg\u00e9<\/span><\/td>\n<\/tr>\n<tr>\n<td>Usinage<\/td>\n<td><span data-slate-fragment=\"JTVCJTdCJTIydHlwZSUyMiUzQSUyMnBhcmFncmFwaCUyMiUyQyUyMmNoaWxkcmVuJTIyJTNBJTVCJTdCJTIyaWQlMjIlM0ElMjJqTDVST1lnQndvJTIyJTJDJTIycGFyYUlkeCUyMiUzQTMlMkMlMjJzcmMlMjIlM0ElMjJNYWNoaW5pbmclM0ElMjBEcmlsbGluZyUyQyUyMG1pbGxpbmclMkMlMjBhbmQlMjB0aHJlYWRpbmclMjBmb3IlMjBwcmVjaXNlJTIwZml0dGluZ3MuJTIyJTJDJTIyZHN0JTIyJTNBJTIyJUU2JTlDJUJBJUU2JUEyJUIwJUU1JThBJUEwJUU1JUI3JUE1JUVGJUJDJTlBJUU3JTk0JUE4JUU0JUJBJThFJUU3JUIyJUJFJUU1JUFGJTg2JUU5JTg1JThEJUU0JUJCJUI2JUU3JTlBJTg0JUU5JTkyJUJCJUU1JUFEJTk0JUUzJTgwJTgxJUU5JTkzJUEzJUU1JTg5JThBJUU1JTkyJThDJUU4JTlFJUJBJUU3JUJBJUI5JUU1JThBJUEwJUU1JUI3JUE1JUUzJTgwJTgyJTIyJTJDJTIybWV0YWRhdGElMjIlM0ElMjIlMjIlMkMlMjJtYXRjaGVzJTIyJTNBbnVsbCUyQyUyMm1ldGFEYXRhJTIyJTNBJTVCJTVEJTJDJTIydGV4dCUyMiUzQSUyMkRyaWxsaW5nJTJDJTIwbWlsbGluZyUyQyUyMGFuZCUyMHRocmVhZGluZyUyMGZvciUyMHByZWNpc2UlMjBmaXR0aW5ncyUyMiU3RCU1RCU3RCU1RA==\">Per\u00e7age, fraisage pour des raccords pr\u00e9cis<\/span><\/td>\n<\/tr>\n<\/tbody>\n<\/table>\n<div>\n<div data-target-id=\"message-box-target-id\" data-testid=\"union_message\">\n<div data-testid=\"message-block-container\">\n<div data-testid=\"receive_message\">\n<div data-testid=\"suggest_message_list\">\n<div data-testid=\"suggest_message_item\">\n<p><img loading=\"lazy\" decoding=\"async\" class=\"lazyi\" src=\"https:\/\/www.sunwaysteel.com\/photo\/sunwaysteel\/editor\/20250408095415_34009.jpg\" alt=\"Q235B Q355B Steel Beam Fabrication With Painting Galvanized Surface 2\" width=\"1127\" height=\"1006\" \/><\/p>\n<\/div>\n<\/div>\n<\/div>\n<\/div>\n<\/div>\n<\/div>\n<p>&nbsp;<\/p>\n<p><strong><img loading=\"lazy\" decoding=\"async\" class=\"lazyi\" src=\"https:\/\/www.sunwaysteel.com\/photo\/sunwaysteel\/editor\/20250401155823_63580.jpg\" alt=\"Q235B Q355B Steel Beam Fabrication With Painting Galvanized Surface 3\" width=\"1174\" height=\"870\" \/><\/strong><\/p>\n<p>&nbsp;<\/p>\n<p><strong>Avantage concurrentiel<\/strong><\/p>\n<div>\n<div id=\"message-359536589811\" data-complete=\"true\">\n<p>Outre la ligne de production automatique intelligente pour les poutres en H et les colonnes en caisson, Sunway est bien \u00e9quip\u00e9e avec la ligne de d\u00e9coupe synth\u00e9tique PKG, la machine de d\u00e9coupe au laser, la machine \u00e0 souder robotis\u00e9e, la machine \u00e0 scier, la machine \u00e0 percer, la presse hydraulique, la machine \u00e0 poin\u00e7onner, pour r\u00e9aliser la production \u00e0 grande \u00e9chelle et \u00e0 haute efficacit\u00e9 de la fabrication intelligente en usine.<\/p>\n<p>Un syst\u00e8me MES personnalis\u00e9 est en cours de d\u00e9veloppement, qui combine TEKLA, Solidworks et les logiciels MES habituels pour r\u00e9aliser un contr\u00f4le dynamique centralis\u00e9 de l'ensemble du processus de conception, de production et de montage des commandes, permettant une tra\u00e7abilit\u00e9 compl\u00e8te des cycles des composants du produit.<\/p>\n<p><span lang=\"EN-US\">SUNWAY introduit un logiciel de conception 3D \u00e0 la pointe de l'industrie, dot\u00e9 d'une puissante fonction de conception param\u00e9trique et d'un affichage de l'effet visuel. Gr\u00e2ce \u00e0 ce logiciel, les concepteurs peuvent rapidement construire des mod\u00e8les de structures m\u00e9talliques complexes, simuler les performances structurelles dans diff\u00e9rentes conditions de travail, identifier et r\u00e9soudre les probl\u00e8mes potentiels \u00e0 l'avance.<\/span><\/p>\n<\/div>\n<\/div>\n<div>\n<div>\n<div>\n<p class=\"marklang-paragraph\"><img loading=\"lazy\" decoding=\"async\" class=\"lazyi\" src=\"https:\/\/www.sunwaysteel.com\/photo\/sunwaysteel\/editor\/20250325162608_17862.jpg\" alt=\"Q235B Q355B Steel Beam Fabrication With Painting Galvanized Surface 4\" width=\"1334\" height=\"612\" \/><\/p>\n<p class=\"marklang-paragraph\"><img loading=\"lazy\" decoding=\"async\" class=\"lazyi\" src=\"https:\/\/www.sunwaysteel.com\/photo\/sunwaysteel\/editor\/20250325162609_59912.jpg\" alt=\"Q235B Q355B Steel Beam Fabrication With Painting Galvanized Surface 5\" width=\"1179\" height=\"697\" \/><\/p>\n<p class=\"marklang-paragraph\"><img loading=\"lazy\" decoding=\"async\" class=\"lazyi\" src=\"https:\/\/www.sunwaysteel.com\/photo\/sunwaysteel\/editor\/20250325162609_64069.jpg\" alt=\"Q235B Q355B Steel Beam Fabrication With Painting Galvanized Surface 6\" width=\"1225\" height=\"1193\" \/><\/p>\n<\/div>\n<\/div>\n<\/div>","protected":false},"excerpt":{"rendered":"<p>Con\u00e7ues pour des applications industrielles telles que les ateliers, les entrep\u00f4ts et les usines, nos structures en acier utilisent des charpentes en acier profil\u00e9 avec des dimensions personnalis\u00e9es pour r\u00e9pondre aux diverses exigences spatiales. La conception int\u00e8gre des portes roulantes, des fen\u00eatres en PVC et des pannes en acier en forme de C.Z, associ\u00e9es \u00e0 des syst\u00e8mes de toiture\/mur en panneaux sandwich ou en t\u00f4le d'acier pour une durabilit\u00e9 et une efficacit\u00e9 thermique optimales.<\/p>","protected":false},"featured_media":2591,"comment_status":"open","ping_status":"closed","template":"","meta":{"_acf_changed":false},"product_brand":[],"product_cat":[32],"product_tag":[],"class_list":{"0":"post-2104","1":"product","2":"type-product","3":"status-publish","4":"has-post-thumbnail","6":"product_cat-high-rise-steel-structure-manufacturing","8":"first","9":"instock","10":"shipping-taxable","11":"product-type-simple"},"acf":[],"_links":{"self":[{"href":"https:\/\/sdshijie.com\/fr\/wp-json\/wp\/v2\/product\/2104","targetHints":{"allow":["GET"]}}],"collection":[{"href":"https:\/\/sdshijie.com\/fr\/wp-json\/wp\/v2\/product"}],"about":[{"href":"https:\/\/sdshijie.com\/fr\/wp-json\/wp\/v2\/types\/product"}],"replies":[{"embeddable":true,"href":"https:\/\/sdshijie.com\/fr\/wp-json\/wp\/v2\/comments?post=2104"}],"wp:featuredmedia":[{"embeddable":true,"href":"https:\/\/sdshijie.com\/fr\/wp-json\/wp\/v2\/media\/2591"}],"wp:attachment":[{"href":"https:\/\/sdshijie.com\/fr\/wp-json\/wp\/v2\/media?parent=2104"}],"wp:term":[{"taxonomy":"product_brand","embeddable":true,"href":"https:\/\/sdshijie.com\/fr\/wp-json\/wp\/v2\/product_brand?post=2104"},{"taxonomy":"product_cat","embeddable":true,"href":"https:\/\/sdshijie.com\/fr\/wp-json\/wp\/v2\/product_cat?post=2104"},{"taxonomy":"product_tag","embeddable":true,"href":"https:\/\/sdshijie.com\/fr\/wp-json\/wp\/v2\/product_tag?post=2104"}],"curies":[{"name":"wp","href":"https:\/\/api.w.org\/{rel}","templated":true}]}}