{"id":2085,"date":"2025-12-26T17:37:39","date_gmt":"2025-12-26T17:37:39","guid":{"rendered":"https:\/\/sdshijie.com\/?post_type=product&#038;p=2085"},"modified":"2025-12-27T03:30:27","modified_gmt":"2025-12-27T03:30:27","slug":"prefabricated-high-rise-steel-building-structural-steel-building-ce-aisc-jis-cwb","status":"publish","type":"product","link":"https:\/\/sdshijie.com\/fr\/produit\/prefabricated-high-rise-steel-building-structural-steel-building-ce-aisc-jis-cwb\/","title":{"rendered":"B\u00e2timent pr\u00e9fabriqu\u00e9 en acier de grande hauteur B\u00e2timent structurel en acier CE AISC JIS CWB"},"content":{"rendered":"<div class=\"title\">\n<div class=\"first-title\">Description du produit<\/div>\n<\/div>\n<div class=\"desc-wrap\">\n<div class=\"ds-markdown ds-markdown--block\"><\/div>\n<div class=\"ds-flex\">\n<div class=\"ds-flex abe97156\">\n<div class=\"ds-icon-button\" tabindex=\"0\">\n<div class=\"ds-icon\">\n<div class=\"title\"><\/div>\n<div class=\"desc-wrap\">\n<div class=\"page-wrap template1\">\n<div>\n<div data-slate-node=\"element\">\n<div data-line=\"true\" data-line-index=\"0\" data-zone-id=\"0\">\n<div data-line=\"true\" data-line-index=\"0\" data-zone-id=\"0\">\n<h2 dir=\"auto\" data-node=\"true\">B\u00e2timent en acier de grande hauteur B\u00e2timent pr\u00e9fabriqu\u00e9 en acier CE AISC JIS CWB<\/h2>\n<div dir=\"auto\" data-node=\"true\"><\/div>\n<div dir=\"auto\" data-node=\"true\">Description du produit :<\/div>\n<div dir=\"auto\" data-node=\"true\">Les b\u00e2timents en acier Sunway offrent une solution de conception, de fabrication et d'installation sans faille, adapt\u00e9e \u00e0 vos besoins sp\u00e9cifiques. En utilisant des techniques de fabrication avanc\u00e9es et des mat\u00e9riaux de haute qualit\u00e9, nous garantissons la pr\u00e9cision, la durabilit\u00e9 et l'efficacit\u00e9 de l'assemblage. De la conception \u00e0 l'ach\u00e8vement, nous fournissons des structures d'atelier en acier enti\u00e8rement fonctionnelles, rentables et durables.<\/div>\n<\/div>\n<\/div>\n<\/div>\n<\/div>\n<h3>Param\u00e8tres techniques<\/h3>\n<table border=\"1\">\n<tbody>\n<tr>\n<td>Produits<\/td>\n<td>B\u00e2timent en acier de grande hauteur<\/td>\n<\/tr>\n<tr>\n<td>Application<\/td>\n<td>Construction de b\u00e2timents<\/td>\n<\/tr>\n<tr>\n<td>Mat\u00e9riau principal<\/td>\n<td>Q235B(ASTM A36,S235JR), Q355B<\/td>\n<\/tr>\n<tr>\n<td>Traitement de surface<\/td>\n<td>Peinture, galvanisation<\/td>\n<\/tr>\n<tr>\n<td>Processus<\/td>\n<td>d\u00e9coupe, per\u00e7age, assemblage, soudage, peinture\/HDG, emballage<\/td>\n<\/tr>\n<tr>\n<td>Contr\u00f4le de la qualit\u00e9<\/td>\n<td>Contr\u00f4le de qualit\u00e9, contr\u00f4le par un tiers<\/td>\n<\/tr>\n<tr>\n<td>Paquet<\/td>\n<td>Casserole,Cadre en fer<\/td>\n<\/tr>\n<\/tbody>\n<\/table>\n<\/div>\n<div class=\"page-wrap template1\">\n<h3>Application :<\/h3>\n<div dir=\"auto\" data-node=\"true\">\n<div><\/div>\n<\/div>\n<h3>Emballage et exp\u00e9dition :<\/h3>\n<p>La structure en acier sera soigneusement emball\u00e9e pour garantir une livraison en toute s\u00e9curit\u00e9 \u00e0 nos clients. Elle sera solidement emball\u00e9e dans des mat\u00e9riaux de protection et plac\u00e9e dans une caisse en bois robuste afin d'\u00e9viter tout dommage pendant le transport.<br \/>\nPour l'exp\u00e9dition, nous travaillons en partenariat avec des transporteurs r\u00e9put\u00e9s afin de garantir une livraison rapide et efficace. Le produit est exp\u00e9di\u00e9 \u00e0 l'adresse indiqu\u00e9e par le client, et les informations de suivi sont fournies pour faciliter le contr\u00f4le de l'\u00e9tat de l'exp\u00e9dition.<\/p>\n<p><img loading=\"lazy\" decoding=\"async\" class=\"lazyi\" src=\"https:\/\/www.sunwaysteel.com\/test\/sunwaysteel.com\/photo\/pl203711500-remark.jpg\" alt=\"Prefabricated High Rise Steel Building Structural Steel Building CE AISC JIS CWB 0\" width=\"959\" height=\"959\" \/><\/p>\n<h3>FAQ :<\/h3>\n<p><strong>\u00a0Q : Quelle est la marque du produit de structure m\u00e9tallique ?<\/strong><br \/>\nR : La marque est Shijie Heavy Industry.<br \/>\n<strong>\u00a0Q : Quelles sont les certifications des produits de structure m\u00e9tallique ?<\/strong><br \/>\nR : Le produit est certifi\u00e9 CE, AISC, ISO, JIS et CWB.<br \/>\n<strong>\u00a0Q : O\u00f9 le produit de structure m\u00e9tallique est-il fabriqu\u00e9 ?<\/strong><br \/>\nR : Le produit est fabriqu\u00e9 en Chine.<br \/>\n<strong>Q : Quelles sont les conditions de paiement pour l'achat du produit Teel Structure ?<\/strong><br \/>\nR : Les conditions de paiement sont T\/T (transfert t\u00e9l\u00e9graphique).<br \/>\n<strong>\u00a0Q : Quelle est la quantit\u00e9 minimale de commande pour les produits de structure m\u00e9tallique ?<\/strong><br \/>\nR : La quantit\u00e9 minimale de commande est de 20 tonnes.<\/p>\n<\/div>\n<\/div>\n<\/div>\n<\/div>\n<\/div>\n<\/div>\n<\/div>","protected":false},"excerpt":{"rendered":"<p>Product Description High Rise Steel Building Prefabricated Structural Steel Building CE AISC JIS CWB Product Description: Sunway steel building offer a seamless design, manufacturing, and installation solution, tailored to your specific needs. Using advanced fabrication techniques and high-quality materials, we ensure precision, durability, and efficient assembly. From concept to completion, we deliver fully functional, cost-effective, [&hellip;]<\/p>\n","protected":false},"featured_media":335,"comment_status":"open","ping_status":"closed","template":"","meta":{"_acf_changed":false},"product_brand":[],"product_cat":[32],"product_tag":[],"class_list":{"0":"post-2085","1":"product","2":"type-product","3":"status-publish","4":"has-post-thumbnail","6":"product_cat-high-rise-steel-structure-manufacturing","8":"first","9":"instock","10":"shipping-taxable","11":"product-type-simple"},"acf":[],"_links":{"self":[{"href":"https:\/\/sdshijie.com\/fr\/wp-json\/wp\/v2\/product\/2085","targetHints":{"allow":["GET"]}}],"collection":[{"href":"https:\/\/sdshijie.com\/fr\/wp-json\/wp\/v2\/product"}],"about":[{"href":"https:\/\/sdshijie.com\/fr\/wp-json\/wp\/v2\/types\/product"}],"replies":[{"embeddable":true,"href":"https:\/\/sdshijie.com\/fr\/wp-json\/wp\/v2\/comments?post=2085"}],"wp:featuredmedia":[{"embeddable":true,"href":"https:\/\/sdshijie.com\/fr\/wp-json\/wp\/v2\/media\/335"}],"wp:attachment":[{"href":"https:\/\/sdshijie.com\/fr\/wp-json\/wp\/v2\/media?parent=2085"}],"wp:term":[{"taxonomy":"product_brand","embeddable":true,"href":"https:\/\/sdshijie.com\/fr\/wp-json\/wp\/v2\/product_brand?post=2085"},{"taxonomy":"product_cat","embeddable":true,"href":"https:\/\/sdshijie.com\/fr\/wp-json\/wp\/v2\/product_cat?post=2085"},{"taxonomy":"product_tag","embeddable":true,"href":"https:\/\/sdshijie.com\/fr\/wp-json\/wp\/v2\/product_tag?post=2085"}],"curies":[{"name":"wp","href":"https:\/\/api.w.org\/{rel}","templated":true}]}}