{"id":1840,"date":"2025-12-26T01:38:25","date_gmt":"2025-12-26T01:38:25","guid":{"rendered":"https:\/\/sdshijie.com\/?post_type=product&#038;p=1840"},"modified":"2026-03-27T01:11:50","modified_gmt":"2026-03-27T01:11:50","slug":"portal-frame-steel-structure-manufacturer-steel-structure-factory-warehouse-solutions-l","status":"publish","type":"product","link":"https:\/\/sdshijie.com\/fr\/produit\/portal-frame-steel-structure-manufacturer-steel-structure-factory-warehouse-solutions-l\/","title":{"rendered":"Atelier de fabrication de structures m\u00e9talliques de portail et de structures m\u00e9talliques"},"content":{"rendered":"<h2>Atelier de construction m\u00e9tallique \u00e0 portique \u00e0 installation rapide<\/h2>\n<p>&nbsp;<\/p>\n<h3>Caract\u00e9ristiques principales et avantages<\/h3>\n<p>Les ateliers industriels \u00e0 structure m\u00e9tallique \u00e0 portique offrent des avantages consid\u00e9rables. Leur conception \u00e0 grande port\u00e9e et sans poteaux \u00e9limine les contraintes spatiales, offrant un environnement id\u00e9al pour la fabrication d'\u00e9quipements lourds tout en maximisant l'utilisation de l'espace. Le mod\u00e8le de pr\u00e9fabrication en usine et d'assemblage sur site raccourcit le d\u00e9lai de construction. L'acier combine une grande r\u00e9sistance et des propri\u00e9t\u00e9s l\u00e9g\u00e8res, ce qui lui permet de supporter en toute s\u00e9curit\u00e9 des charges lourdes tout en r\u00e9duisant les charges sur les fondations, ce qui le rend adapt\u00e9 \u00e0 un large \u00e9ventail de conditions g\u00e9ologiques.<\/p>\n<p>\u2666 20-30% moins d'acier, conception optimis\u00e9e ;<\/p>\n<p>\u2666 Port\u00e9e libre de plus de 60 m ; grue pr\u00eate \u00e0 l'emploi (5-100 T) ;<\/p>\n<p>\u2666 50% construction plus rapide ;<\/p>\n<p>\u2666 Pas d'entretien, 50 ans et plus ;<\/p>\n<p>\u2666 Enti\u00e8rement personnalisable ;<\/p>\n<p>\u2666 Conforme aux normes AISC\/IBC.<\/p>\n<h3>Applications<\/h3>\n<p>Les ateliers d'usine \u00e0 structure m\u00e9tallique se concentrent directement sur les exigences industrielles de base ; en s'appuyant sur des conceptions expansives et sans colonnes, ils accueillent sans effort des machines lourdes et des lignes de production \u00e0 haute efficacit\u00e9, fournissant des environnements de fabrication spacieux et adaptables pour des secteurs tels que la fabrication d'\u00e9quipements et la logistique. Soutenues par une expertise sp\u00e9cialis\u00e9e dans les structures en acier - allant de l'am\u00e9lioration de la qualit\u00e9 des entr\u00e9es de b\u00e2timents \u00e0 l'autonomisation de la production industrielle gr\u00e2ce \u00e0 une utilisation optimis\u00e9e de l'espace - ces structures offrent une personnalisation flexible, une durabilit\u00e9 et une stabilit\u00e9 permettant de r\u00e9pondre pr\u00e9cis\u00e9ment aux divers besoins des diff\u00e9rents sc\u00e9narios d'exploitation.<\/p>\n<p>\u2666 Usines de fabrication ;<\/p>\n<p>\u2666 Entrep\u00f4ts&amp;logistique ;<\/p>\n<p>\u2666 Entreposage frigorifique ;<\/p>\n<p>\u2666 Ateliers de fabrication ;<\/p>\n<p>\u2666 Stockage de produits chimiques ;<\/p>\n<p>\u2666 Hangars agricoles ;<\/p>\n<p>\u2666 Salles d'exposition et de sport.<\/p>\n<p>&nbsp;<\/p>\n<h3>Param\u00e8tres du produit<\/h3>","protected":false},"excerpt":{"rendered":"<p>La structure m\u00e9tallique du portail et l'atelier d'usine de la structure m\u00e9tallique combinent une conception m\u00e9canique pr\u00e9cise avec les avantages de la compression et de la r\u00e9sistance au vent, ainsi qu'un assemblage modulaire rapide. Les ateliers de fabrication de structures en acier se caract\u00e9risent par des espaces de grande port\u00e9e, sans poteaux, qui accueillent des \u00e9quipements lourds et permettent une production efficace. La combinaison de la pr\u00e9fabrication en usine et de l'assemblage sur site acc\u00e9l\u00e8re la construction, tandis que l'acier \u00e0 haute r\u00e9sistance \u00e0 la corrosion assure une stabilit\u00e9 \u00e0 long terme. Adapt\u00e9es aux besoins de l'industrie, ces structures font appel \u00e0 une technologie de construction m\u00e9tallique professionnelle pour \u00e9tablir une base solide pour les espaces architecturaux et industriels. Syst\u00e8me de portique rigide avec colonnes\/traverses en H (Q355B\/ASTM A572). Profil\u00e9s soud\u00e9s ou lamin\u00e9s \u00e0 chaud, assemblages boulonn\u00e9s. Pannes secondaires C\/Z. Pr\u00e9cision CNC, finition grenaill\u00e9e, \u00e9poxy ou galvanis\u00e9e. Port\u00e9e 10-60m (simple), 60-120m+ (multiple). Hauteur d'avant-toit 4-20m. Pr\u00eat pour grue (5-100T). Dur\u00e9e de vie de plus de 50 ans. Conforme aux normes AISC\/IBC\/MBMA.<\/p>","protected":false},"featured_media":3358,"comment_status":"open","ping_status":"closed","template":"","meta":{"_acf_changed":false},"product_brand":[],"product_cat":[26],"product_tag":[],"class_list":{"0":"post-1840","1":"product","2":"type-product","3":"status-publish","4":"has-post-thumbnail","6":"product_cat-portal-steel-structure","8":"first","9":"instock","10":"shipping-taxable","11":"product-type-simple"},"acf":[],"_links":{"self":[{"href":"https:\/\/sdshijie.com\/fr\/wp-json\/wp\/v2\/product\/1840","targetHints":{"allow":["GET"]}}],"collection":[{"href":"https:\/\/sdshijie.com\/fr\/wp-json\/wp\/v2\/product"}],"about":[{"href":"https:\/\/sdshijie.com\/fr\/wp-json\/wp\/v2\/types\/product"}],"replies":[{"embeddable":true,"href":"https:\/\/sdshijie.com\/fr\/wp-json\/wp\/v2\/comments?post=1840"}],"wp:featuredmedia":[{"embeddable":true,"href":"https:\/\/sdshijie.com\/fr\/wp-json\/wp\/v2\/media\/3358"}],"wp:attachment":[{"href":"https:\/\/sdshijie.com\/fr\/wp-json\/wp\/v2\/media?parent=1840"}],"wp:term":[{"taxonomy":"product_brand","embeddable":true,"href":"https:\/\/sdshijie.com\/fr\/wp-json\/wp\/v2\/product_brand?post=1840"},{"taxonomy":"product_cat","embeddable":true,"href":"https:\/\/sdshijie.com\/fr\/wp-json\/wp\/v2\/product_cat?post=1840"},{"taxonomy":"product_tag","embeddable":true,"href":"https:\/\/sdshijie.com\/fr\/wp-json\/wp\/v2\/product_tag?post=1840"}],"curies":[{"name":"wp","href":"https:\/\/api.w.org\/{rel}","templated":true}]}}