{"id":1805,"date":"2025-12-25T01:51:44","date_gmt":"2025-12-25T01:51:44","guid":{"rendered":"https:\/\/sdshijie.com\/?post_type=product&#038;p=1805"},"modified":"2026-03-27T01:18:27","modified_gmt":"2026-03-27T01:18:27","slug":"customized-industrial-steel-structure-aviation-buildings-for-airbus-hanger","status":"publish","type":"product","link":"https:\/\/sdshijie.com\/fr\/produit\/customized-industrial-steel-structure-aviation-buildings-for-airbus-hanger\/","title":{"rendered":"Structure en acier du portail et conception personnalisable Kits de construction industrielle"},"content":{"rendered":"<div class=\"ecer-main-w\">\n<div class=\"product_detailmain_width chai_product_detailmain_lr\">\n<div class=\"right_main\">\n<section id=\"sention2\">\n<div class=\"remark\">\n<h2>Portal Steel Construction Building Kits<\/h2>\n<p>&nbsp;<\/p>\n<h3>Caract\u00e9ristiques principales et avantages<\/h3>\n<p>Portal-frame steel structure building kits offer exceptional versatility; their components can be standardized and mass-produced, thereby significantly shortening delivery cycles. The structures exhibit excellent stability, resisting deformation even after prolonged use, and require only simple maintenance over time. Furthermore, they support on-demand customization of dimensions, spans, and aesthetic styles, effectively meeting the diverse requirements of industrial, warehousing, and commercial applications. This makes them a highly efficient and practical solution for prefabricated construction.<\/p>\n<p>\u2666 Complete kit, ready to assemble;<\/p>\n<p>\u2666 60m+ de port\u00e9e libre ;<\/p>\n<p>\u2666 50% construction plus rapide ;<\/p>\n<p>\u2666 Pas d'entretien, 50 ans et plus ;<\/p>\n<p>\u2666 Fully customizable.<\/p>\n<h3><strong><b>Applications<\/b><\/strong><\/h3>\n<p>The portal-frame steel building component kits are suitable for a wide range of applications, and their modular design enables rapid assembly. The high-strength materials not only provide a solid structural foundation for residential buildings and campuses but also allow for the creation of custom porches for commercial spaces that combine a premium aesthetic with distinctive design. With their flexible adaptability and robust load-bearing capacity, these kits offer practical yet visually appealing spatial solutions for building entrances of all types.<\/p>\n<p>\u2666 Workshops;<\/p>\n<p>\u2666 Entrep\u00f4ts ;<\/p>\n<p>\u2666 Agricultural storage;<\/p>\n<p>\u2666 Logistics centers;<\/p>\n<p>\u2666 Cold storage;<\/p>\n<p>\u2666 Vehicle maintenance.<\/p>\n<h3>Param\u00e8tres du produit<\/h3>\n<table border=\"1\">\n<colgroup>\n<col \/>\n<col \/>\n<col \/>\n<col \/><\/colgroup>\n<tbody>\n<tr>\n<td>Galvanisation \u00e0 chaud<\/td>\n<td>Poutres et colonnes en acier<\/td>\n<td>Pulv\u00e9risation de peinture<\/td>\n<td>Poutres et colonnes en acier<\/td>\n<\/tr>\n<tr>\n<td>Longueur 30m<\/td>\n<td>Maison en acier<\/td>\n<td>Soudage de l'acier H<\/td>\n<td>Soudage de l'acier H<\/td>\n<\/tr>\n<tr>\n<td>200m2<\/td>\n<td>Entrep\u00f4t d'acier<\/td>\n<td>Longueur 50m<\/td>\n<td>Entrep\u00f4t d'acier<\/td>\n<\/tr>\n<tr>\n<td>Panneau PU de 50 mm<\/td>\n<td>Entrep\u00f4t d'acier<\/td>\n<td>500m2<\/td>\n<td>Entrep\u00f4t d'acier<\/td>\n<\/tr>\n<tr>\n<td>Paquet<\/td>\n<td>Chargement dans des conteneurs 20gp\/40gp\/Hq\/Ot<\/td>\n<td>Acier<\/td>\n<td>Tour d'aviation \u00e0 structure m\u00e9tallique<\/td>\n<\/tr>\n<tr>\n<td>Mat\u00e9riau<\/td>\n<td>Structure en acier<\/td>\n<td>Multi-\u00e9tages<\/td>\n<td>Entrep\u00f4t \u00e0 structure m\u00e9tallique \u00e0 plusieurs \u00e9tages<\/td>\n<\/tr>\n<tr>\n<td>Sur mesure<\/td>\n<td>Sur mesure<\/td>\n<td>Certification<\/td>\n<td>ISO, CE<\/td>\n<\/tr>\n<tr>\n<td>Paquet de transport<\/td>\n<td>Ensemble en \u00e9tat de navigabilit\u00e9 en 40hc\/40ot<\/td>\n<td>Garantie<\/td>\n<td>1 an<\/td>\n<\/tr>\n<\/tbody>\n<\/table>\n<p>&nbsp;<\/p>\n<table border=\"1\" cellspacing=\"1\" cellpadding=\"1\">\n<tbody>\n<tr>\n<td colspan=\"2\"><strong>Structure d'acier Entrep\u00f4t Atelier Hangar B\u00e2timent Stockage Charpente Hall Mat\u00e9riaux Construction<\/strong><\/td>\n<\/tr>\n<tr>\n<td>POINTS<\/td>\n<td>SPECIFICATION<\/td>\n<\/tr>\n<tr>\n<td>Acier principal :<\/td>\n<td>Q355, Q235, Q355B, Q235B, etc.<\/td>\n<\/tr>\n<tr>\n<td>Protection antirouille<\/td>\n<td>Galvanisation \u00e0 chaud ou peinture antirouille<\/td>\n<\/tr>\n<tr>\n<td>Pannes et poutres<\/td>\n<td>Acier C ou Z lamin\u00e9 \u00e0 froid, Q355 ou Q235<\/td>\n<\/tr>\n<tr>\n<td>Colonne et poutre :<\/td>\n<td>Profil\u00e9 en H soud\u00e9 ou lamin\u00e9 \u00e0 chaud<\/td>\n<\/tr>\n<tr>\n<td>M\u00e9thode d'assemblage des structures en acier :<\/td>\n<td>Raccord \u00e0 souder ou raccord \u00e0 boulon<\/td>\n<\/tr>\n<tr>\n<td>Mur et toit :<\/td>\n<td>Panneau sandwich ou t\u00f4le d'acier.<\/td>\n<\/tr>\n<tr>\n<td>Porte :<\/td>\n<td>Porte enroul\u00e9e ou coulissante<\/td>\n<\/tr>\n<tr>\n<td>Fen\u00eatre :<\/td>\n<td>Fen\u00eatre en acier plastique ou en alliage d'aluminium<\/td>\n<\/tr>\n<tr>\n<td>Surface :<\/td>\n<td>Galvanis\u00e9 \u00e0 chaud ou peint<\/td>\n<\/tr>\n<tr>\n<td>Grue :<\/td>\n<td>5MT, 10MT, 15MT et plus<\/td>\n<\/tr>\n<tr>\n<td colspan=\"2\"><strong>Dessins et informations sur les devis :<\/strong><\/td>\n<\/tr>\n<tr>\n<td colspan=\"2\">1) Les conceptions personnalis\u00e9es sont les bienvenues.<\/td>\n<\/tr>\n<tr>\n<td colspan=\"2\">2) Pouvez-vous me d\u00e9crire votre projet de structure m\u00e9tallique ?<\/td>\n<\/tr>\n<\/tbody>\n<\/table>\n<p>&nbsp;<\/p>\n<p>&nbsp;<\/p>\n<\/div>\n<\/section>\n<\/div>\n<\/div>\n<\/div>\n<div class=\"product_cont_p_99716\">\n<div class=\"simi_swiper\">\n<div class=\"item_p_box\">\n<div class=\"p_right_box ecer-flex-align\">\n<div class=\"p_img image-all\"><\/div>\n<\/div>\n<\/div>\n<\/div>\n<\/div>","protected":false},"excerpt":{"rendered":"<p>The prefabricated portal-frame steel structure kits utilize a modular assembly method, requiring no heavy construction machinery; standard construction personnel can erect them rapidly. Characterized by short construction periods and low costs, they significantly reduce overall investment in construction. The kits support extensive customization, allowing for flexible adjustment of structural parameters based on specific site conditions and functional requirements, and are backed by comprehensive after-sales and technical support. Complete ready-to-assemble steel building kit. Includes rigid frames (Q355B\/ASTM A572), C\/Z purlins, bracing, cladding, fasteners. CNC-cut, pre-drilled, hot-dip galvanized. Bolted assembly, no welding. Clear-span, 60m+ column-free. 50+ year life. AISC\/IBC compliant.<\/p>","protected":false},"featured_media":3196,"comment_status":"open","ping_status":"closed","template":"","meta":{"_acf_changed":false},"product_brand":[],"product_cat":[26],"product_tag":[],"class_list":{"0":"post-1805","1":"product","2":"type-product","3":"status-publish","4":"has-post-thumbnail","6":"product_cat-portal-steel-structure","8":"first","9":"instock","10":"shipping-taxable","11":"product-type-simple"},"acf":[],"_links":{"self":[{"href":"https:\/\/sdshijie.com\/fr\/wp-json\/wp\/v2\/product\/1805","targetHints":{"allow":["GET"]}}],"collection":[{"href":"https:\/\/sdshijie.com\/fr\/wp-json\/wp\/v2\/product"}],"about":[{"href":"https:\/\/sdshijie.com\/fr\/wp-json\/wp\/v2\/types\/product"}],"replies":[{"embeddable":true,"href":"https:\/\/sdshijie.com\/fr\/wp-json\/wp\/v2\/comments?post=1805"}],"wp:featuredmedia":[{"embeddable":true,"href":"https:\/\/sdshijie.com\/fr\/wp-json\/wp\/v2\/media\/3196"}],"wp:attachment":[{"href":"https:\/\/sdshijie.com\/fr\/wp-json\/wp\/v2\/media?parent=1805"}],"wp:term":[{"taxonomy":"product_brand","embeddable":true,"href":"https:\/\/sdshijie.com\/fr\/wp-json\/wp\/v2\/product_brand?post=1805"},{"taxonomy":"product_cat","embeddable":true,"href":"https:\/\/sdshijie.com\/fr\/wp-json\/wp\/v2\/product_cat?post=1805"},{"taxonomy":"product_tag","embeddable":true,"href":"https:\/\/sdshijie.com\/fr\/wp-json\/wp\/v2\/product_tag?post=1805"}],"curies":[{"name":"wp","href":"https:\/\/api.w.org\/{rel}","templated":true}]}}