{"id":2546,"date":"2026-01-07T08:44:37","date_gmt":"2026-01-07T08:44:37","guid":{"rendered":"https:\/\/sdshijie.com\/?post_type=product&#038;p=2546"},"modified":"2026-03-27T07:38:54","modified_gmt":"2026-03-27T07:38:54","slug":"rock-wool-sandwich-panel","status":"publish","type":"product","link":"https:\/\/sdshijie.com\/es\/producto\/rock-wool-sandwich-panel\/","title":{"rendered":"Estructura de acero Tablero de lana de roca de alta densidad"},"content":{"rendered":"<h2>Aislamiento t\u00e9rmico Paneles aislantes de lana de roca para tejados<\/h2>\n<p>&nbsp;<\/p>\n<h3>Principales caracter\u00edsticas y ventajas<\/h3>\n<p>Los paneles de lana de roca ofrecen ventajas como resistencia al fuego de clase A, aislamiento t\u00e9rmico, absorci\u00f3n ac\u00fastica y reducci\u00f3n del ruido, alta resistencia y resistencia a la corrosi\u00f3n. Son seguros y respetuosos con el medio ambiente, y resultan adecuados para una amplia gama de sistemas de cerramiento de edificios y estructuras de acero. Fabricados con materias primas de alta calidad y procesos de producci\u00f3n probados, estos productos ofrecen un rendimiento duradero y estable y cumplen las normas de los materiales de revestimiento ecol\u00f3gicos y seguros en la construcci\u00f3n moderna.<\/p>\n<h3>Aplicaciones<\/h3>\n<p>Los paneles de lana de roca se utilizan principalmente en edificios industriales con estructura de acero, almacenes, estadios, edificios comerciales y paredes exteriores y tejados de estructuras residenciales. Se emplean ampliamente para el aislamiento de paredes exteriores, el aislamiento t\u00e9rmico de tejados, la ignifugaci\u00f3n e insonorizaci\u00f3n de paredes y el aislamiento t\u00e9rmico de envolventes de edificios con estructura de acero. Tambi\u00e9n son adecuados para el aislamiento t\u00e9rmico de equipos y tuber\u00edas industriales.<\/p>\n<h3>Par\u00e1metros del producto<\/h3>","protected":false},"excerpt":{"rendered":"<p>Los paneles de lana de roca para estructuras de acero son un tipo de material utilizado para el aislamiento t\u00e9rmico, el aislamiento t\u00e9rmico y el aislamiento ac\u00fastico en paredes exteriores de edificios, tejados y estructuras de acero. Estos paneles est\u00e1n hechos de lana de roca y suelen estar recubiertos de una capa exterior protectora de acero o aluminio para mejorar su durabilidad y resistencia al agua. Las especificaciones de los paneles de lana de roca pueden adaptarse a los requisitos del proyecto. Cuando se utilizan junto con sistemas de cubiertas y paredes con estructura de acero, forman una envolvente completa del edificio. Los paneles son f\u00e1ciles de instalar y se ajustan perfectamente a la estructura de acero, garantizando la integridad y estabilidad de la envolvente del edificio.<\/p>","protected":false},"featured_media":3405,"comment_status":"open","ping_status":"closed","template":"","meta":{"_acf_changed":false},"product_brand":[],"product_cat":[34],"product_tag":[],"class_list":{"0":"post-2546","1":"product","2":"type-product","3":"status-publish","4":"has-post-thumbnail","6":"product_cat-maintenance-system","8":"first","9":"instock","10":"shipping-taxable","11":"product-type-simple"},"acf":[],"_links":{"self":[{"href":"https:\/\/sdshijie.com\/es\/wp-json\/wp\/v2\/product\/2546","targetHints":{"allow":["GET"]}}],"collection":[{"href":"https:\/\/sdshijie.com\/es\/wp-json\/wp\/v2\/product"}],"about":[{"href":"https:\/\/sdshijie.com\/es\/wp-json\/wp\/v2\/types\/product"}],"replies":[{"embeddable":true,"href":"https:\/\/sdshijie.com\/es\/wp-json\/wp\/v2\/comments?post=2546"}],"wp:featuredmedia":[{"embeddable":true,"href":"https:\/\/sdshijie.com\/es\/wp-json\/wp\/v2\/media\/3405"}],"wp:attachment":[{"href":"https:\/\/sdshijie.com\/es\/wp-json\/wp\/v2\/media?parent=2546"}],"wp:term":[{"taxonomy":"product_brand","embeddable":true,"href":"https:\/\/sdshijie.com\/es\/wp-json\/wp\/v2\/product_brand?post=2546"},{"taxonomy":"product_cat","embeddable":true,"href":"https:\/\/sdshijie.com\/es\/wp-json\/wp\/v2\/product_cat?post=2546"},{"taxonomy":"product_tag","embeddable":true,"href":"https:\/\/sdshijie.com\/es\/wp-json\/wp\/v2\/product_tag?post=2546"}],"curies":[{"name":"wp","href":"https:\/\/api.w.org\/{rel}","templated":true}]}}