{"id":2409,"date":"2025-12-30T03:41:33","date_gmt":"2025-12-30T03:41:33","guid":{"rendered":"https:\/\/sdshijie.com\/?post_type=product&#038;p=2409"},"modified":"2026-03-27T02:51:06","modified_gmt":"2026-03-27T02:51:06","slug":"large-span-steel-space-frame-structures-cost-effective-roofing","status":"publish","type":"product","link":"https:\/\/sdshijie.com\/es\/producto\/large-span-steel-space-frame-structures-cost-effective-roofing\/","title":{"rendered":"Sistemas de cubiertas con estructura espacial de acero para estadios y pabellones"},"content":{"rendered":"<h2 style=\"font-weight: 400;\"><strong>Estructuras espaciales de acero de gran envergadura | Cubiertas rentables<\/strong><\/h2>\n<p>&nbsp;<\/p>\n<h3>Principales caracter\u00edsticas y ventajas<\/h3>\n<p>Las estructuras de cubierta de rejilla de acero Spatial grid utilizan un sistema de celos\u00eda espacial que ofrece una gran rigidez general y una distribuci\u00f3n uniforme de la carga, lo que permite crear espacios sin pilares con grandes luces. Presentan un excelente comportamiento s\u00edsmico y una gran estabilidad estructural. La mayor\u00eda de los componentes se prefabrican en f\u00e1bricas siguiendo especificaciones estandarizadas y pueden combinarse con diversos materiales de cubierta para satisfacer los requisitos de iluminaci\u00f3n natural, aislamiento t\u00e9rmico e impermeabilizaci\u00f3n. Las estructuras son resistentes a la corrosi\u00f3n y duraderas, y su coste global es muy competitivo.<\/p>\n<p>\u2666 Luz libre de m\u00e1s de 150 m, sin columnas;<\/p>\n<p>\u2666 30% m\u00e1s ligero, montaje m\u00e1s r\u00e1pido;<\/p>\n<p>\u2666 Cero mantenimiento, m\u00e1s de 50 a\u00f1os;<\/p>\n<p>\u2666 Cualquier forma de tejado;<\/p>\n<p>\u2666 Resistente a la intemperie.<\/p>\n<h4>Ventaja competitiva<\/h4>\n<p>\u2666 Dise\u00f1o de edificios de acero de alta gama<\/p>\n<p>\u2666 Tecnolog\u00eda de fabricaci\u00f3n digital inteligente<\/p>\n<p>\u2666 Componentes de acero a medida<\/p>\n<h3>Aplicaciones<\/h3>\n<p>La cubierta de estructura de acero Spatial Grid es adecuada para una amplia gama de aplicaciones y se utiliza con frecuencia en edificios que requieren espacios amplios y sin columnas, como plantas industriales a gran escala, almacenes log\u00edsticos, hangares de aviones, grandes centros comerciales y salas de exposiciones. Es igualmente adecuado para estructuras p\u00fablicas, como estadios deportivos, salas de espera de estaciones, terminales de aeropuertos y teatros, donde cumple eficazmente los requisitos de dise\u00f1o de amplios espacios interiores, atractivo est\u00e9tico y abundante iluminaci\u00f3n natural.<\/p>\n<p>\u2666 Estadios;<\/p>\n<p>\u2666 Salas de exposiciones;<\/p>\n<p>\u2666 Salas de conciertos;<\/p>\n<p>\u2666 Aeropuertos;<\/p>\n<p>\u2666 Centros comerciales;<\/p>\n<p>\u2666 Hangares.<\/p>\n<h3>Par\u00e1metros del producto<\/h3>\n<table style=\"font-weight: 400;\">\n<tbody>\n<tr>\n<td>Productos<\/td>\n<td>\n<p style=\"font-weight: 400;\"><span style=\"font-weight: 400;\">Edificio prefabricado con estructura de acero<\/span><\/p>\n<\/td>\n<\/tr>\n<tr>\n<td>Tipo<\/td>\n<td>Viga en H, Columna, Tirante, Celos\u00eda, Columna caj\u00f3n<\/td>\n<\/tr>\n<tr>\n<td>Material principal<\/td>\n<td>Q235B(ASTM A36,S235JR), Q355B<\/td>\n<\/tr>\n<tr>\n<td>Tratamiento de superficies<\/td>\n<td>Pintura, Galvanizado<\/td>\n<\/tr>\n<tr>\n<td>Proceso de corte<\/td>\n<td><span data-slate-fragment=\"JTVCJTdCJTIydHlwZSUyMiUzQSUyMnBhcmFncmFwaCUyMiUyQyUyMmNoaWxkcmVuJTIyJTNBJTVCJTdCJTIyaWQlMjIlM0ElMjJWb0F4N0pYM3FuJTIyJTJDJTIycGFyYUlkeCUyMiUzQTAlMkMlMjJzcmMlMjIlM0ElMjJDdXR0aW5nJTNBJTIwTGFzZXIlMjBjdXR0aW5nJTJDJTIwcGxhc21hJTIwY3V0dGluZyUyQyUyMGZsYW1lJTIwY3V0dGluZyUyQyUyMG9yJTIwd2F0ZXJqZXQlMjBjdXR0aW5nJTIwZm9yJTIwaW50cmljYXRlJTIwc2hhcGVzLiUyMiUyQyUyMmRzdCUyMiUzQSUyMiVFNSU4OCU4NyVFNSU4OSVCMiVFRiVCQyU5QSVFNyU5NCVBOCVFNCVCQSU4RSVFNSVBNCU4RCVFNiU5RCU4MiVFNSVCRCVBMiVFNyU4QSVCNiVFNyU5QSU4NCVFNiVCRiU4MCVFNSU4NSU4OSVFNSU4OCU4NyVFNSU4OSVCMiVFMyU4MCU4MSVFNyVBRCU4OSVFNyVBNiVCQiVFNSVBRCU5MCVFNSU4OCU4NyVFNSU4OSVCMiVFMyU4MCU4MSVFNyU4MSVBQiVFNyU4NCVCMCVFNSU4OCU4NyVFNSU4OSVCMiVFNiU4OCU5NiVFNiVCMCVCNCVFNSVCMCU4NCVFNiVCNSU4MSVFNSU4OCU4NyVFNSU4OSVCMiVFMyU4MCU4MiUyMiUyQyUyMm1ldGFkYXRhJTIyJTNBJTIyJTIyJTJDJTIybWF0Y2hlcyUyMiUzQW51bGwlMkMlMjJtZXRhRGF0YSUyMiUzQSU1QiU1RCUyQyUyMnRleHQlMjIlM0ElMjJMYXNlciUyMGN1dHRpbmclMkMlMjBwbGFzbWElMjBjdXR0aW5nJTJDJTIwZmxhbWUlMjBjdXR0aW5nJTJDJTIwb3IlMjB3YXRlcmpldCUyMGN1dHRpbmclMjBmb3IlMjBpbnRyaWNhdGUlMjBzaGFwZXMlMjIlN0QlNUQlN0QlNUQ=\">Corte por l\u00e1ser, corte por plasma, oxicorte para formas complejas<\/span><\/td>\n<\/tr>\n<tr>\n<td>Formando<\/td>\n<td><span data-slate-fragment=\"JTVCJTdCJTIydHlwZSUyMiUzQSUyMnBhcmFncmFwaCUyMiUyQyUyMmNoaWxkcmVuJTIyJTNBJTVCJTdCJTIyaWQlMjIlM0ElMjI5WHdZdlJEdnFQJTIyJTJDJTIycGFyYUlkeCUyMiUzQTElMkMlMjJzcmMlMjIlM0ElMjJGb3JtaW5nJTNBJTIwUHJlc3MlMjBicmFraW5nJTJDJTIwcm9sbGluZyUyQyUyMGFuZCUyMGJlbmRpbmclMjB0byUyMG1lZXQlMjBjb21wbGV4JTIwc3RydWN0dXJhbCUyMGRlc2lnbnMuJTIyJTJDJTIyZHN0JTIyJTNBJTIyJUU2JTg4JTkwJUU1JTlFJThCJUVGJUJDJTlBJUU1JThFJThCJUU1JTg4JUI2JUU1JTg4JUI2JUU1JThBJUE4JUUzJTgwJTgxJUU4JUJEJUE3JUU1JTg4JUI2JUU1JTkyJThDJUU1JUJDJUFGJUU2JTlCJUIyJUVGJUJDJThDJUU0JUJCJUE1JUU2JUJCJUExJUU4JUI2JUIzJUU1JUE0JThEJUU2JTlEJTgyJUU3JTlBJTg0JUU3JUJCJTkzJUU2JTlFJTg0JUU4JUFFJUJFJUU4JUFFJUExJUUzJTgwJTgyJTIyJTJDJTIybWV0YWRhdGElMjIlM0ElMjIlMjIlMkMlMjJtYXRjaGVzJTIyJTNBbnVsbCUyQyUyMm1ldGFEYXRhJTIyJTNBJTVCJTVEJTJDJTIydGV4dCUyMiUzQSUyMnJvbGxpbmclMkMlMjBhbmQlMjBiZW5kaW5nJTIwdG8lMjBtZWV0JTIwY29tcGxleCUyMHN0cnVjdHVyYWwlMjBkZXNpZ25zJTIyJTdEJTVEJTdEJTVE\">laminado y plegado para dise\u00f1os estructurales complejos<\/span><\/td>\n<\/tr>\n<tr>\n<td>Soldadura<\/td>\n<td><span data-slate-fragment=\"JTVCJTdCJTIydHlwZSUyMiUzQSUyMnBhcmFncmFwaCUyMiUyQyUyMmNoaWxkcmVuJTIyJTNBJTVCJTdCJTIyaWQlMjIlM0ElMjJWRXExS2pFTTUwJTIyJTJDJTIycGFyYUlkeCUyMiUzQTIlMkMlMjJzcmMlMjIlM0ElMjJXZWxkaW5nJTNBJTIwSGlnaC1xdWFsaXR5JTIwd2VsZGluZyUyMChNSUclMkMlMjBUSUclMkMlMjBzdWJtZXJnZWQlMjBhcmMpJTIwZm9yJTIwcm9idXN0JTIwam9pbnRzLiUyMiUyQyUyMmRzdCUyMiUzQSUyMiVFNyU4NCU4QSVFNiU4RSVBNSVFRiVCQyU5QSVFNyU5NCVBOCVFNCVCQSU4RSVFNSU5RCU5QSVFNSU5QiVCQSVFNiU4RSVBNSVFNSVBNCVCNCVFNyU5QSU4NCVFOSVBQiU5OCVFOCVCNCVBOCVFOSU4NyU4RiVFNyU4NCU4QSVFNiU4RSVBNSVFRiVCQyU4OE1JRyVFMyU4MCU4MVRJRyVFMyU4MCU4MSVFNSU5RiU4QiVFNSVCQyVBNyVFRiVCQyU4OSVFMyU4MCU4MiUyMiUyQyUyMm1ldGFkYXRhJTIyJTNBJTIyJTIyJTJDJTIybWF0Y2hlcyUyMiUzQW51bGwlMkMlMjJtZXRhRGF0YSUyMiUzQSU1QiU1RCUyQyUyMnRleHQlMjIlM0ElMjJNSUclMkMlMjBUSUclMkMlMjBzdWJtZXJnZWQlMjBhcmMlMjIlN0QlNUQlN0QlNUQ=\">MIG, TIG, Arco sumergido<\/span><\/td>\n<\/tr>\n<tr>\n<td>Mecanizado<\/td>\n<td><span data-slate-fragment=\"JTVCJTdCJTIydHlwZSUyMiUzQSUyMnBhcmFncmFwaCUyMiUyQyUyMmNoaWxkcmVuJTIyJTNBJTVCJTdCJTIyaWQlMjIlM0ElMjJqTDVST1lnQndvJTIyJTJDJTIycGFyYUlkeCUyMiUzQTMlMkMlMjJzcmMlMjIlM0ElMjJNYWNoaW5pbmclM0ElMjBEcmlsbGluZyUyQyUyMG1pbGxpbmclMkMlMjBhbmQlMjB0aHJlYWRpbmclMjBmb3IlMjBwcmVjaXNlJTIwZml0dGluZ3MuJTIyJTJDJTIyZHN0JTIyJTNBJTIyJUU2JTlDJUJBJUU2JUEyJUIwJUU1JThBJUEwJUU1JUI3JUE1JUVGJUJDJTlBJUU3JTk0JUE4JUU0JUJBJThFJUU3JUIyJUJFJUU1JUFGJTg2JUU5JTg1JThEJUU0JUJCJUI2JUU3JTlBJTg0JUU5JTkyJUJCJUU1JUFEJTk0JUUzJTgwJTgxJUU5JTkzJUEzJUU1JTg5JThBJUU1JTkyJThDJUU4JTlFJUJBJUU3JUJBJUI5JUU1JThBJUEwJUU1JUI3JUE1JUUzJTgwJTgyJTIyJTJDJTIybWV0YWRhdGElMjIlM0ElMjIlMjIlMkMlMjJtYXRjaGVzJTIyJTNBbnVsbCUyQyUyMm1ldGFEYXRhJTIyJTNBJTVCJTVEJTJDJTIydGV4dCUyMiUzQSUyMkRyaWxsaW5nJTJDJTIwbWlsbGluZyUyQyUyMGFuZCUyMHRocmVhZGluZyUyMGZvciUyMHByZWNpc2UlMjBmaXR0aW5ncyUyMiU3RCU1RCU3RCU1RA==\">Taladrado, fresado para accesorios precisos<\/span><\/td>\n<\/tr>\n<tr>\n<td>Control de calidad<\/td>\n<td>Inspecci\u00f3n de control de calidad, inspecci\u00f3n por terceros<\/td>\n<\/tr>\n<tr>\n<td>Paquete<\/td>\n<td>Seg\u00fan lo solicitado<\/td>\n<\/tr>\n<\/tbody>\n<\/table>\n<p>&nbsp;<\/p>","protected":false},"excerpt":{"rendered":"<p>En \u00e1mbitos arquitect\u00f3nicos como los grandes estadios deportivos y los centros de exposiciones internacionales, que imponen rigurosas exigencias en cuanto a la envergadura de la cubierta, la estabilidad estructural y la durabilidad a largo plazo, las estructuras reticulares de acero se han convertido en la opci\u00f3n de referencia para la construcci\u00f3n de cubiertas. Sistema de cubierta de celos\u00eda 3D para recintos de gran envergadura. Estructura espacial de doble\/triple capa con secciones huecas de acero (Q355B\/ASTM A572) y nudos esf\u00e9ricos atornillados. Vanos sin pilares de hasta 150 m o m\u00e1s. Formas de cubierta personalizables (abovedada, arqueada, plana). Galvanizado en caliente. Vida \u00fatil de m\u00e1s de 50 a\u00f1os. Conforme a AISC\/IBC. Adem\u00e1s, las estructuras reticulares de acero logran un equilibrio entre individualidad y practicidad. Permiten una personalizaci\u00f3n flexible de las formas del tejado para satisfacer los requisitos funcionales y las necesidades est\u00e9ticas arquitect\u00f3nicas de los distintos lugares, abarcando la grandeza de las c\u00fapulas, el ritmo fluido de los arcos y la sencillez y el orden de los tejados planos, garantizando que el exterior del edificio se adapte perfectamente a sus necesidades funcionales.<\/p>","protected":false},"featured_media":3363,"comment_status":"open","ping_status":"closed","template":"","meta":{"_acf_changed":false},"product_brand":[],"product_cat":[29],"product_tag":[],"class_list":{"0":"post-2409","1":"product","2":"type-product","3":"status-publish","4":"has-post-thumbnail","6":"product_cat-spatial-grid-structure","8":"first","9":"instock","10":"shipping-taxable","11":"product-type-simple"},"acf":[],"_links":{"self":[{"href":"https:\/\/sdshijie.com\/es\/wp-json\/wp\/v2\/product\/2409","targetHints":{"allow":["GET"]}}],"collection":[{"href":"https:\/\/sdshijie.com\/es\/wp-json\/wp\/v2\/product"}],"about":[{"href":"https:\/\/sdshijie.com\/es\/wp-json\/wp\/v2\/types\/product"}],"replies":[{"embeddable":true,"href":"https:\/\/sdshijie.com\/es\/wp-json\/wp\/v2\/comments?post=2409"}],"wp:featuredmedia":[{"embeddable":true,"href":"https:\/\/sdshijie.com\/es\/wp-json\/wp\/v2\/media\/3363"}],"wp:attachment":[{"href":"https:\/\/sdshijie.com\/es\/wp-json\/wp\/v2\/media?parent=2409"}],"wp:term":[{"taxonomy":"product_brand","embeddable":true,"href":"https:\/\/sdshijie.com\/es\/wp-json\/wp\/v2\/product_brand?post=2409"},{"taxonomy":"product_cat","embeddable":true,"href":"https:\/\/sdshijie.com\/es\/wp-json\/wp\/v2\/product_cat?post=2409"},{"taxonomy":"product_tag","embeddable":true,"href":"https:\/\/sdshijie.com\/es\/wp-json\/wp\/v2\/product_tag?post=2409"}],"curies":[{"name":"wp","href":"https:\/\/api.w.org\/{rel}","templated":true}]}}