{"id":2403,"date":"2025-12-30T03:32:05","date_gmt":"2025-12-30T03:32:05","guid":{"rendered":"https:\/\/sdshijie.com\/?post_type=product&#038;p=2403"},"modified":"2026-03-27T02:58:14","modified_gmt":"2026-03-27T02:58:14","slug":"steel-space-frame-roof-systems-for-stadiums-halls","status":"publish","type":"product","link":"https:\/\/sdshijie.com\/es\/producto\/steel-space-frame-roof-systems-for-stadiums-halls\/","title":{"rendered":"Fabricante de estructuras espaciales de acero | Ingenier\u00eda de estructuras reticulares"},"content":{"rendered":"<h2 style=\"font-weight: 400;\"><strong>Sistemas de cubiertas espaciales de acero para estadios y pabellones<\/strong><\/h2>\n<p>&nbsp;<\/p>\n<h3>Principales caracter\u00edsticas y ventajas<\/h3>\n<p>Los sistemas de cubiertas con cerchas espaciales de acero se liberan de las limitaciones de la estandarizaci\u00f3n, permitiendo la personalizaci\u00f3n de una gran variedad de formas de cubierta -incluidas las abovedadas, arqueadas y planas-, lo que permite la creaci\u00f3n flexible de formas exteriores que se alinean con el prop\u00f3sito funcional y los requisitos est\u00e9ticos arquitect\u00f3nicos de un local. Esto garantiza que la cubierta no s\u00f3lo cumpla su funci\u00f3n pr\u00e1ctica, sino que tambi\u00e9n sirva como elemento caracter\u00edstico que realce el car\u00e1cter distintivo del edificio, logrando un equilibrio armonioso entre funcionalidad y atractivo visual.<\/p>\n<p>Vano libre de m\u00e1s de 200 m;<\/p>\n<p>\u2666 Encendedor 30%;<\/p>\n<p>\u2666 Cualquier forma;<\/p>\n<p>\u2666 Cero mantenimiento, m\u00e1s de 50 a\u00f1os;<\/p>\n<p>\u2666 Montaje r\u00e1pido;<\/p>\n<p>\u2666 Servicio llave en mano.<\/p>\n<h3>Aplicaciones<\/h3>\n<p>Los sistemas de cubierta con armaz\u00f3n espacial de acero ofrecen una versatilidad excepcional. Su dise\u00f1o \u00fanico minimiza el n\u00famero de columnas de soporte del tejado, creando un espacio interior m\u00e1s abierto y flexible. Son ideales para una amplia gama de edificios, como estadios deportivos, centros de convenciones, terminales de aeropuertos, grandes centros comerciales, plantas industriales, hangares y museos.  Cumplen plenamente los requisitos de dise\u00f1o de cubiertas con grandes luces, est\u00e9tica atractiva y altos niveles de seguridad en diversos tipos de edificios.<\/p>\n<p>\u2666 Estadios;<\/p>\n<p>\u2666 Centros de convenciones;<\/p>\n<p>\u2666 Aeropuertos;<\/p>\n<p>\u2666 Centros comerciales;<\/p>\n<p>\u2666 F\u00e1bricas;<\/p>\n<p>\u2666 Hangares;<\/p>\n<p>\u2666 Museos.<\/p>\n<h3 style=\"font-weight: 400;\"><strong>Par\u00e1metros del producto<\/strong><\/h3>\n<table style=\"font-weight: 400;\">\n<tbody>\n<tr>\n<td>Productos<\/td>\n<td>\n<p style=\"font-weight: 400;\"><span style=\"font-weight: 400;\">Edificio prefabricado con estructura de acero<\/span><\/p>\n<\/td>\n<\/tr>\n<tr>\n<td>Tipo<\/td>\n<td>Viga en H, Columna, Tirante, Celos\u00eda, Columna caj\u00f3n<\/td>\n<\/tr>\n<tr>\n<td>Material principal<\/td>\n<td>Q235B(ASTM A36,S235JR), Q355B<\/td>\n<\/tr>\n<tr>\n<td>Tratamiento de superficies<\/td>\n<td>Pintura, Galvanizado<\/td>\n<\/tr>\n<tr>\n<td>Proceso de corte<\/td>\n<td><span data-slate-fragment=\"JTVCJTdCJTIydHlwZSUyMiUzQSUyMnBhcmFncmFwaCUyMiUyQyUyMmNoaWxkcmVuJTIyJTNBJTVCJTdCJTIyaWQlMjIlM0ElMjJWb0F4N0pYM3FuJTIyJTJDJTIycGFyYUlkeCUyMiUzQTAlMkMlMjJzcmMlMjIlM0ElMjJDdXR0aW5nJTNBJTIwTGFzZXIlMjBjdXR0aW5nJTJDJTIwcGxhc21hJTIwY3V0dGluZyUyQyUyMGZsYW1lJTIwY3V0dGluZyUyQyUyMG9yJTIwd2F0ZXJqZXQlMjBjdXR0aW5nJTIwZm9yJTIwaW50cmljYXRlJTIwc2hhcGVzLiUyMiUyQyUyMmRzdCUyMiUzQSUyMiVFNSU4OCU4NyVFNSU4OSVCMiVFRiVCQyU5QSVFNyU5NCVBOCVFNCVCQSU4RSVFNSVBNCU4RCVFNiU5RCU4MiVFNSVCRCVBMiVFNyU4QSVCNiVFNyU5QSU4NCVFNiVCRiU4MCVFNSU4NSU4OSVFNSU4OCU4NyVFNSU4OSVCMiVFMyU4MCU4MSVFNyVBRCU4OSVFNyVBNiVCQiVFNSVBRCU5MCVFNSU4OCU4NyVFNSU4OSVCMiVFMyU4MCU4MSVFNyU4MSVBQiVFNyU4NCVCMCVFNSU4OCU4NyVFNSU4OSVCMiVFNiU4OCU5NiVFNiVCMCVCNCVFNSVCMCU4NCVFNiVCNSU4MSVFNSU4OCU4NyVFNSU4OSVCMiVFMyU4MCU4MiUyMiUyQyUyMm1ldGFkYXRhJTIyJTNBJTIyJTIyJTJDJTIybWF0Y2hlcyUyMiUzQW51bGwlMkMlMjJtZXRhRGF0YSUyMiUzQSU1QiU1RCUyQyUyMnRleHQlMjIlM0ElMjJMYXNlciUyMGN1dHRpbmclMkMlMjBwbGFzbWElMjBjdXR0aW5nJTJDJTIwZmxhbWUlMjBjdXR0aW5nJTJDJTIwb3IlMjB3YXRlcmpldCUyMGN1dHRpbmclMjBmb3IlMjBpbnRyaWNhdGUlMjBzaGFwZXMlMjIlN0QlNUQlN0QlNUQ=\">Corte por l\u00e1ser, corte por plasma, oxicorte para formas complejas<\/span><\/td>\n<\/tr>\n<tr>\n<td>Formando<\/td>\n<td><span data-slate-fragment=\"JTVCJTdCJTIydHlwZSUyMiUzQSUyMnBhcmFncmFwaCUyMiUyQyUyMmNoaWxkcmVuJTIyJTNBJTVCJTdCJTIyaWQlMjIlM0ElMjI5WHdZdlJEdnFQJTIyJTJDJTIycGFyYUlkeCUyMiUzQTElMkMlMjJzcmMlMjIlM0ElMjJGb3JtaW5nJTNBJTIwUHJlc3MlMjBicmFraW5nJTJDJTIwcm9sbGluZyUyQyUyMGFuZCUyMGJlbmRpbmclMjB0byUyMG1lZXQlMjBjb21wbGV4JTIwc3RydWN0dXJhbCUyMGRlc2lnbnMuJTIyJTJDJTIyZHN0JTIyJTNBJTIyJUU2JTg4JTkwJUU1JTlFJThCJUVGJUJDJTlBJUU1JThFJThCJUU1JTg4JUI2JUU1JTg4JUI2JUU1JThBJUE4JUUzJTgwJTgxJUU4JUJEJUE3JUU1JTg4JUI2JUU1JTkyJThDJUU1JUJDJUFGJUU2JTlCJUIyJUVGJUJDJThDJUU0JUJCJUE1JUU2JUJCJUExJUU4JUI2JUIzJUU1JUE0JThEJUU2JTlEJTgyJUU3JTlBJTg0JUU3JUJCJTkzJUU2JTlFJTg0JUU4JUFFJUJFJUU4JUFFJUExJUUzJTgwJTgyJTIyJTJDJTIybWV0YWRhdGElMjIlM0ElMjIlMjIlMkMlMjJtYXRjaGVzJTIyJTNBbnVsbCUyQyUyMm1ldGFEYXRhJTIyJTNBJTVCJTVEJTJDJTIydGV4dCUyMiUzQSUyMnJvbGxpbmclMkMlMjBhbmQlMjBiZW5kaW5nJTIwdG8lMjBtZWV0JTIwY29tcGxleCUyMHN0cnVjdHVyYWwlMjBkZXNpZ25zJTIyJTdEJTVEJTdEJTVE\">laminado y plegado para dise\u00f1os estructurales complejos<\/span><\/td>\n<\/tr>\n<tr>\n<td>Soldadura<\/td>\n<td><span data-slate-fragment=\"JTVCJTdCJTIydHlwZSUyMiUzQSUyMnBhcmFncmFwaCUyMiUyQyUyMmNoaWxkcmVuJTIyJTNBJTVCJTdCJTIyaWQlMjIlM0ElMjJWRXExS2pFTTUwJTIyJTJDJTIycGFyYUlkeCUyMiUzQTIlMkMlMjJzcmMlMjIlM0ElMjJXZWxkaW5nJTNBJTIwSGlnaC1xdWFsaXR5JTIwd2VsZGluZyUyMChNSUclMkMlMjBUSUclMkMlMjBzdWJtZXJnZWQlMjBhcmMpJTIwZm9yJTIwcm9idXN0JTIwam9pbnRzLiUyMiUyQyUyMmRzdCUyMiUzQSUyMiVFNyU4NCU4QSVFNiU4RSVBNSVFRiVCQyU5QSVFNyU5NCVBOCVFNCVCQSU4RSVFNSU5RCU5QSVFNSU5QiVCQSVFNiU4RSVBNSVFNSVBNCVCNCVFNyU5QSU4NCVFOSVBQiU5OCVFOCVCNCVBOCVFOSU4NyU4RiVFNyU4NCU4QSVFNiU4RSVBNSVFRiVCQyU4OE1JRyVFMyU4MCU4MVRJRyVFMyU4MCU4MSVFNSU5RiU4QiVFNSVCQyVBNyVFRiVCQyU4OSVFMyU4MCU4MiUyMiUyQyUyMm1ldGFkYXRhJTIyJTNBJTIyJTIyJTJDJTIybWF0Y2hlcyUyMiUzQW51bGwlMkMlMjJtZXRhRGF0YSUyMiUzQSU1QiU1RCUyQyUyMnRleHQlMjIlM0ElMjJNSUclMkMlMjBUSUclMkMlMjBzdWJtZXJnZWQlMjBhcmMlMjIlN0QlNUQlN0QlNUQ=\">MIG, TIG, Arco sumergido<\/span><\/td>\n<\/tr>\n<tr>\n<td>Mecanizado<\/td>\n<td><span data-slate-fragment=\"JTVCJTdCJTIydHlwZSUyMiUzQSUyMnBhcmFncmFwaCUyMiUyQyUyMmNoaWxkcmVuJTIyJTNBJTVCJTdCJTIyaWQlMjIlM0ElMjJqTDVST1lnQndvJTIyJTJDJTIycGFyYUlkeCUyMiUzQTMlMkMlMjJzcmMlMjIlM0ElMjJNYWNoaW5pbmclM0ElMjBEcmlsbGluZyUyQyUyMG1pbGxpbmclMkMlMjBhbmQlMjB0aHJlYWRpbmclMjBmb3IlMjBwcmVjaXNlJTIwZml0dGluZ3MuJTIyJTJDJTIyZHN0JTIyJTNBJTIyJUU2JTlDJUJBJUU2JUEyJUIwJUU1JThBJUEwJUU1JUI3JUE1JUVGJUJDJTlBJUU3JTk0JUE4JUU0JUJBJThFJUU3JUIyJUJFJUU1JUFGJTg2JUU5JTg1JThEJUU0JUJCJUI2JUU3JTlBJTg0JUU5JTkyJUJCJUU1JUFEJTk0JUUzJTgwJTgxJUU5JTkzJUEzJUU1JTg5JThBJUU1JTkyJThDJUU4JTlFJUJBJUU3JUJBJUI5JUU1JThBJUEwJUU1JUI3JUE1JUUzJTgwJTgyJTIyJTJDJTIybWV0YWRhdGElMjIlM0ElMjIlMjIlMkMlMjJtYXRjaGVzJTIyJTNBbnVsbCUyQyUyMm1ldGFEYXRhJTIyJTNBJTVCJTVEJTJDJTIydGV4dCUyMiUzQSUyMkRyaWxsaW5nJTJDJTIwbWlsbGluZyUyQyUyMGFuZCUyMHRocmVhZGluZyUyMGZvciUyMHByZWNpc2UlMjBmaXR0aW5ncyUyMiU3RCU1RCU3RCU1RA==\">Taladrado, fresado para accesorios precisos<\/span><\/td>\n<\/tr>\n<tr>\n<td>Control de calidad<\/td>\n<td>Inspecci\u00f3n de control de calidad, inspecci\u00f3n por terceros<\/td>\n<\/tr>\n<tr>\n<td>Paquete<\/td>\n<td>Seg\u00fan lo solicitado<\/td>\n<\/tr>\n<\/tbody>\n<\/table>\n<p style=\"font-weight: 400;\">","protected":false},"excerpt":{"rendered":"<p>Este sistema de cubierta con estructura espacial de acero, dise\u00f1ado para gimnasios y auditorios, presenta un dise\u00f1o de ingenier\u00eda estructural que permite una cobertura sin columnas en vanos extremadamente grandes, creando un espacio interior abierto y aireado. Combinando una excepcional seguridad estructural, durabilidad a largo plazo y una rentabilidad altamente competitiva, es la soluci\u00f3n \u00f3ptima y rentable para proyectos de cubiertas en grandes edificios p\u00fablicos. Fabricante profesional de estructuras de armaz\u00f3n espacial para proyectos de gran envergadura. Sistemas de entramado con perfiles huecos de acero (Q355B\/ASTM A572) y nudos esf\u00e9ricos atornillados. Vanos superiores a 20-200 m. Cualquier geometr\u00eda (plana, curva, abovedada). Precisi\u00f3n CNC, galvanizado en caliente. Vida \u00fatil de m\u00e1s de 50 a\u00f1os. Conformidad AISC\/IBC. Certificaci\u00f3n ISO.<\/p>","protected":false},"featured_media":3364,"comment_status":"open","ping_status":"closed","template":"","meta":{"_acf_changed":false},"product_brand":[],"product_cat":[29],"product_tag":[],"class_list":{"0":"post-2403","1":"product","2":"type-product","3":"status-publish","4":"has-post-thumbnail","6":"product_cat-spatial-grid-structure","8":"first","9":"instock","10":"shipping-taxable","11":"product-type-simple"},"acf":[],"_links":{"self":[{"href":"https:\/\/sdshijie.com\/es\/wp-json\/wp\/v2\/product\/2403","targetHints":{"allow":["GET"]}}],"collection":[{"href":"https:\/\/sdshijie.com\/es\/wp-json\/wp\/v2\/product"}],"about":[{"href":"https:\/\/sdshijie.com\/es\/wp-json\/wp\/v2\/types\/product"}],"replies":[{"embeddable":true,"href":"https:\/\/sdshijie.com\/es\/wp-json\/wp\/v2\/comments?post=2403"}],"wp:featuredmedia":[{"embeddable":true,"href":"https:\/\/sdshijie.com\/es\/wp-json\/wp\/v2\/media\/3364"}],"wp:attachment":[{"href":"https:\/\/sdshijie.com\/es\/wp-json\/wp\/v2\/media?parent=2403"}],"wp:term":[{"taxonomy":"product_brand","embeddable":true,"href":"https:\/\/sdshijie.com\/es\/wp-json\/wp\/v2\/product_brand?post=2403"},{"taxonomy":"product_cat","embeddable":true,"href":"https:\/\/sdshijie.com\/es\/wp-json\/wp\/v2\/product_cat?post=2403"},{"taxonomy":"product_tag","embeddable":true,"href":"https:\/\/sdshijie.com\/es\/wp-json\/wp\/v2\/product_tag?post=2403"}],"curies":[{"name":"wp","href":"https:\/\/api.w.org\/{rel}","templated":true}]}}