{"id":2401,"date":"2025-12-30T03:30:16","date_gmt":"2025-12-30T03:30:16","guid":{"rendered":"https:\/\/sdshijie.com\/?post_type=product&#038;p=2401"},"modified":"2026-04-20T06:29:42","modified_gmt":"2026-04-20T06:29:42","slug":"steel-space-frame-structure-solutions-grid-lattice-systems","status":"publish","type":"product","link":"https:\/\/sdshijie.com\/es\/producto\/steel-space-frame-structure-solutions-grid-lattice-systems\/","title":{"rendered":"Spatial Grid Steel Structures Meet AISC, EN1090, CWB &#038; JIS Standards"},"content":{"rendered":"<h2>Construcci\u00f3n de almacenes modernos de estructura de acero con rejilla espacial<\/h2>\n<p>&nbsp;<\/p>\n<h3>Principales caracter\u00edsticas y ventajas<\/h3>\n<p>La construcci\u00f3n de los modernos almacenes de estructura de acero de tipo reticular ha sido certificada conforme a m\u00faltiples normas internacionales (como AISC y EN 1090), lo que garantiza una calidad fiable. Al eliminar la dependencia de las columnas de soporte internas t\u00edpicas de los edificios tradicionales, estas estructuras consiguen una distribuci\u00f3n espacial abierta y sin obst\u00e1culos. Sus componentes principales se prefabrican en f\u00e1brica seg\u00fan especificaciones estandarizadas y se ensamblan r\u00e1pidamente in situ mediante pernos, lo que mejora significativamente la eficiencia de la construcci\u00f3n. Combinado con una filosof\u00eda de dise\u00f1o modular, este enfoque no s\u00f3lo satisface las necesidades operativas actuales, sino que tambi\u00e9n proporciona una amplia flexibilidad para futuras ampliaciones funcionales o ajustes de la distribuci\u00f3n.<\/p>\n<p>\u2666 Certificaci\u00f3n multiest\u00e1ndar (AISC, EN1090, CWB, JIS);<\/p>\n<p>Vano libre de m\u00e1s de 60 m;<\/p>\n<p>\u2666 50% construcci\u00f3n m\u00e1s r\u00e1pida;<\/p>\n<p>\u2666 Cero mantenimiento, m\u00e1s de 50 a\u00f1os;<\/p>\n<p>Gr\u00faa lista.<\/p>\n<h3>Aplicaciones<\/h3>\n<p>Las estructuras reticulares de acero son adecuadas para una amplia gama de aplicaciones. Ya sea en los espacios abiertos de los recintos deportivos y los centros de convenciones, en las operaciones pesadas de los almacenes industriales o en los entornos complejos de los aeropuertos y las instalaciones energ\u00e9ticas, estas estructuras sirven de soporte central para proyectos de construcci\u00f3n de grandes luces gracias a su gran capacidad de carga y su r\u00e1pida construcci\u00f3n.<\/p>\n<p>\u2666 Plantas de fabricaci\u00f3n;<\/p>\n<p>\u2666 Almacenes;<\/p>\n<p>\u2666 Centros comerciales;<\/p>\n<p>\u2666 Edificios agr\u00edcolas;<\/p>\n<p>\u2666 Hangares de aviones;<\/p>\n<p>\u2666 Pabellones deportivos;<\/p>\n<p>\u2666 Almacenamiento en fr\u00edo.<\/p>\n<h3 style=\"font-weight: 400;\"><strong>Par\u00e1metros del producto<\/strong><\/h3>\n<table style=\"font-weight: 400;\">\n<tbody>\n<tr>\n<td>Productos<\/td>\n<td>\n<p style=\"font-weight: 400;\"><span style=\"font-weight: 400;\">Edificio prefabricado con estructura de acero<\/span><\/p>\n<\/td>\n<\/tr>\n<tr>\n<td>Tipo<\/td>\n<td>Viga en H, Columna, Tirante, Celos\u00eda, Columna caj\u00f3n<\/td>\n<\/tr>\n<tr>\n<td>Material principal<\/td>\n<td>Q235B(ASTM A36,S235JR), Q355B<\/td>\n<\/tr>\n<tr>\n<td>Tratamiento de superficies<\/td>\n<td>Pintura, Galvanizado<\/td>\n<\/tr>\n<tr>\n<td>Proceso de corte<\/td>\n<td><span data-slate-fragment=\"JTVCJTdCJTIydHlwZSUyMiUzQSUyMnBhcmFncmFwaCUyMiUyQyUyMmNoaWxkcmVuJTIyJTNBJTVCJTdCJTIyaWQlMjIlM0ElMjJWb0F4N0pYM3FuJTIyJTJDJTIycGFyYUlkeCUyMiUzQTAlMkMlMjJzcmMlMjIlM0ElMjJDdXR0aW5nJTNBJTIwTGFzZXIlMjBjdXR0aW5nJTJDJTIwcGxhc21hJTIwY3V0dGluZyUyQyUyMGZsYW1lJTIwY3V0dGluZyUyQyUyMG9yJTIwd2F0ZXJqZXQlMjBjdXR0aW5nJTIwZm9yJTIwaW50cmljYXRlJTIwc2hhcGVzLiUyMiUyQyUyMmRzdCUyMiUzQSUyMiVFNSU4OCU4NyVFNSU4OSVCMiVFRiVCQyU5QSVFNyU5NCVBOCVFNCVCQSU4RSVFNSVBNCU4RCVFNiU5RCU4MiVFNSVCRCVBMiVFNyU4QSVCNiVFNyU5QSU4NCVFNiVCRiU4MCVFNSU4NSU4OSVFNSU4OCU4NyVFNSU4OSVCMiVFMyU4MCU4MSVFNyVBRCU4OSVFNyVBNiVCQiVFNSVBRCU5MCVFNSU4OCU4NyVFNSU4OSVCMiVFMyU4MCU4MSVFNyU4MSVBQiVFNyU4NCVCMCVFNSU4OCU4NyVFNSU4OSVCMiVFNiU4OCU5NiVFNiVCMCVCNCVFNSVCMCU4NCVFNiVCNSU4MSVFNSU4OCU4NyVFNSU4OSVCMiVFMyU4MCU4MiUyMiUyQyUyMm1ldGFkYXRhJTIyJTNBJTIyJTIyJTJDJTIybWF0Y2hlcyUyMiUzQW51bGwlMkMlMjJtZXRhRGF0YSUyMiUzQSU1QiU1RCUyQyUyMnRleHQlMjIlM0ElMjJMYXNlciUyMGN1dHRpbmclMkMlMjBwbGFzbWElMjBjdXR0aW5nJTJDJTIwZmxhbWUlMjBjdXR0aW5nJTJDJTIwb3IlMjB3YXRlcmpldCUyMGN1dHRpbmclMjBmb3IlMjBpbnRyaWNhdGUlMjBzaGFwZXMlMjIlN0QlNUQlN0QlNUQ=\">Corte por l\u00e1ser, corte por plasma, oxicorte para formas complejas<\/span><\/td>\n<\/tr>\n<tr>\n<td>Formando<\/td>\n<td><span data-slate-fragment=\"JTVCJTdCJTIydHlwZSUyMiUzQSUyMnBhcmFncmFwaCUyMiUyQyUyMmNoaWxkcmVuJTIyJTNBJTVCJTdCJTIyaWQlMjIlM0ElMjI5WHdZdlJEdnFQJTIyJTJDJTIycGFyYUlkeCUyMiUzQTElMkMlMjJzcmMlMjIlM0ElMjJGb3JtaW5nJTNBJTIwUHJlc3MlMjBicmFraW5nJTJDJTIwcm9sbGluZyUyQyUyMGFuZCUyMGJlbmRpbmclMjB0byUyMG1lZXQlMjBjb21wbGV4JTIwc3RydWN0dXJhbCUyMGRlc2lnbnMuJTIyJTJDJTIyZHN0JTIyJTNBJTIyJUU2JTg4JTkwJUU1JTlFJThCJUVGJUJDJTlBJUU1JThFJThCJUU1JTg4JUI2JUU1JTg4JUI2JUU1JThBJUE4JUUzJTgwJTgxJUU4JUJEJUE3JUU1JTg4JUI2JUU1JTkyJThDJUU1JUJDJUFGJUU2JTlCJUIyJUVGJUJDJThDJUU0JUJCJUE1JUU2JUJCJUExJUU4JUI2JUIzJUU1JUE0JThEJUU2JTlEJTgyJUU3JTlBJTg0JUU3JUJCJTkzJUU2JTlFJTg0JUU4JUFFJUJFJUU4JUFFJUExJUUzJTgwJTgyJTIyJTJDJTIybWV0YWRhdGElMjIlM0ElMjIlMjIlMkMlMjJtYXRjaGVzJTIyJTNBbnVsbCUyQyUyMm1ldGFEYXRhJTIyJTNBJTVCJTVEJTJDJTIydGV4dCUyMiUzQSUyMnJvbGxpbmclMkMlMjBhbmQlMjBiZW5kaW5nJTIwdG8lMjBtZWV0JTIwY29tcGxleCUyMHN0cnVjdHVyYWwlMjBkZXNpZ25zJTIyJTdEJTVEJTdEJTVE\">laminado y plegado para dise\u00f1os estructurales complejos<\/span><\/td>\n<\/tr>\n<tr>\n<td>Soldadura<\/td>\n<td><span data-slate-fragment=\"JTVCJTdCJTIydHlwZSUyMiUzQSUyMnBhcmFncmFwaCUyMiUyQyUyMmNoaWxkcmVuJTIyJTNBJTVCJTdCJTIyaWQlMjIlM0ElMjJWRXExS2pFTTUwJTIyJTJDJTIycGFyYUlkeCUyMiUzQTIlMkMlMjJzcmMlMjIlM0ElMjJXZWxkaW5nJTNBJTIwSGlnaC1xdWFsaXR5JTIwd2VsZGluZyUyMChNSUclMkMlMjBUSUclMkMlMjBzdWJtZXJnZWQlMjBhcmMpJTIwZm9yJTIwcm9idXN0JTIwam9pbnRzLiUyMiUyQyUyMmRzdCUyMiUzQSUyMiVFNyU4NCU4QSVFNiU4RSVBNSVFRiVCQyU5QSVFNyU5NCVBOCVFNCVCQSU4RSVFNSU5RCU5QSVFNSU5QiVCQSVFNiU4RSVBNSVFNSVBNCVCNCVFNyU5QSU4NCVFOSVBQiU5OCVFOCVCNCVBOCVFOSU4NyU4RiVFNyU4NCU4QSVFNiU4RSVBNSVFRiVCQyU4OE1JRyVFMyU4MCU4MVRJRyVFMyU4MCU4MSVFNSU5RiU4QiVFNSVCQyVBNyVFRiVCQyU4OSVFMyU4MCU4MiUyMiUyQyUyMm1ldGFkYXRhJTIyJTNBJTIyJTIyJTJDJTIybWF0Y2hlcyUyMiUzQW51bGwlMkMlMjJtZXRhRGF0YSUyMiUzQSU1QiU1RCUyQyUyMnRleHQlMjIlM0ElMjJNSUclMkMlMjBUSUclMkMlMjBzdWJtZXJnZWQlMjBhcmMlMjIlN0QlNUQlN0QlNUQ=\">MIG, TIG, Arco sumergido<\/span><\/td>\n<\/tr>\n<tr>\n<td>Mecanizado<\/td>\n<td><span data-slate-fragment=\"JTVCJTdCJTIydHlwZSUyMiUzQSUyMnBhcmFncmFwaCUyMiUyQyUyMmNoaWxkcmVuJTIyJTNBJTVCJTdCJTIyaWQlMjIlM0ElMjJqTDVST1lnQndvJTIyJTJDJTIycGFyYUlkeCUyMiUzQTMlMkMlMjJzcmMlMjIlM0ElMjJNYWNoaW5pbmclM0ElMjBEcmlsbGluZyUyQyUyMG1pbGxpbmclMkMlMjBhbmQlMjB0aHJlYWRpbmclMjBmb3IlMjBwcmVjaXNlJTIwZml0dGluZ3MuJTIyJTJDJTIyZHN0JTIyJTNBJTIyJUU2JTlDJUJBJUU2JUEyJUIwJUU1JThBJUEwJUU1JUI3JUE1JUVGJUJDJTlBJUU3JTk0JUE4JUU0JUJBJThFJUU3JUIyJUJFJUU1JUFGJTg2JUU5JTg1JThEJUU0JUJCJUI2JUU3JTlBJTg0JUU5JTkyJUJCJUU1JUFEJTk0JUUzJTgwJTgxJUU5JTkzJUEzJUU1JTg5JThBJUU1JTkyJThDJUU4JTlFJUJBJUU3JUJBJUI5JUU1JThBJUEwJUU1JUI3JUE1JUUzJTgwJTgyJTIyJTJDJTIybWV0YWRhdGElMjIlM0ElMjIlMjIlMkMlMjJtYXRjaGVzJTIyJTNBbnVsbCUyQyUyMm1ldGFEYXRhJTIyJTNBJTVCJTVEJTJDJTIydGV4dCUyMiUzQSUyMkRyaWxsaW5nJTJDJTIwbWlsbGluZyUyQyUyMGFuZCUyMHRocmVhZGluZyUyMGZvciUyMHByZWNpc2UlMjBmaXR0aW5ncyUyMiU3RCU1RCU3RCU1RA==\">Taladrado, fresado para accesorios precisos<\/span><\/td>\n<\/tr>\n<tr>\n<td>Control de calidad<\/td>\n<td>Inspecci\u00f3n de control de calidad, inspecci\u00f3n por terceros<\/td>\n<\/tr>\n<tr>\n<td>Paquete<\/td>\n<td>Seg\u00fan lo solicitado<\/td>\n<\/tr>\n<\/tbody>\n<\/table>\n<p>&nbsp;<\/p>\n<p>&nbsp;<\/p>","protected":false},"excerpt":{"rendered":"<p>El edificio prefabricado de estructura de acero -dise\u00f1ado como un taller y almac\u00e9n de estructura espacial- cuenta con componentes principales que se prefabrican por completo en la f\u00e1brica antes de ser transportados a la obra para su montaje e instalaci\u00f3n. Conforme a normas relevantes como AISC, EN1090, CWB y JIS, garantiza el cumplimiento de la normativa y la fiabilidad del producto tanto en la fase de fabricaci\u00f3n como en la de construcci\u00f3n, sirviendo como una instalaci\u00f3n de estructura de acero totalmente prefabricada que integra a la perfecci\u00f3n las funciones de producci\u00f3n de taller y almacenamiento de almac\u00e9n. Edificio prefabricado de acero dise\u00f1ado conforme a las normas mundiales (AISC, EN1090, CWB, JIS). Estructura principal: Secciones en H Q355B \/ ASTM A572 \/ S355JR. Correas C\/Z, revestimiento aislante o monocapa. Precisi\u00f3n CNC, montaje atornillado. Luz libre de hasta 60m+. Galvanizado en caliente. Vida \u00fatil de m\u00e1s de 50 a\u00f1os. Inspecci\u00f3n SGS\/BV disponible.<\/p>","protected":false},"featured_media":3366,"comment_status":"open","ping_status":"closed","template":"","meta":{"_acf_changed":false},"product_brand":[],"product_cat":[29],"product_tag":[],"class_list":{"0":"post-2401","1":"product","2":"type-product","3":"status-publish","4":"has-post-thumbnail","6":"product_cat-spatial-grid-structure","8":"first","9":"instock","10":"shipping-taxable","11":"product-type-simple"},"acf":[],"_links":{"self":[{"href":"https:\/\/sdshijie.com\/es\/wp-json\/wp\/v2\/product\/2401","targetHints":{"allow":["GET"]}}],"collection":[{"href":"https:\/\/sdshijie.com\/es\/wp-json\/wp\/v2\/product"}],"about":[{"href":"https:\/\/sdshijie.com\/es\/wp-json\/wp\/v2\/types\/product"}],"replies":[{"embeddable":true,"href":"https:\/\/sdshijie.com\/es\/wp-json\/wp\/v2\/comments?post=2401"}],"wp:featuredmedia":[{"embeddable":true,"href":"https:\/\/sdshijie.com\/es\/wp-json\/wp\/v2\/media\/3366"}],"wp:attachment":[{"href":"https:\/\/sdshijie.com\/es\/wp-json\/wp\/v2\/media?parent=2401"}],"wp:term":[{"taxonomy":"product_brand","embeddable":true,"href":"https:\/\/sdshijie.com\/es\/wp-json\/wp\/v2\/product_brand?post=2401"},{"taxonomy":"product_cat","embeddable":true,"href":"https:\/\/sdshijie.com\/es\/wp-json\/wp\/v2\/product_cat?post=2401"},{"taxonomy":"product_tag","embeddable":true,"href":"https:\/\/sdshijie.com\/es\/wp-json\/wp\/v2\/product_tag?post=2401"}],"curies":[{"name":"wp","href":"https:\/\/api.w.org\/{rel}","templated":true}]}}