{"id":2389,"date":"2025-12-30T03:19:40","date_gmt":"2025-12-30T03:19:40","guid":{"rendered":"https:\/\/sdshijie.com\/?post_type=product&#038;p=2389"},"modified":"2026-03-27T01:48:18","modified_gmt":"2026-03-27T01:48:18","slug":"steel-structure-high-rise-buildings-for-commercial-residential-use","status":"publish","type":"product","link":"https:\/\/sdshijie.com\/es\/producto\/steel-structure-high-rise-buildings-for-commercial-residential-use\/","title":{"rendered":"Comportamiento s\u00edsmico y construcci\u00f3n de estructuras de armaz\u00f3n de acero"},"content":{"rendered":"<h2>Comportamiento s\u00edsmico y optimizaci\u00f3n estructural de estructuras de p\u00f3rticos de acero<\/h2>\n<p>&nbsp;<\/p>\n<h3>Principales caracter\u00edsticas y ventajas<\/h3>\n<p>Los marcos estructurales de acero de alto rendimiento, construidos mediante un m\u00e9todo de montaje prefabricado industrializado, combinan una construcci\u00f3n eficiente con un rendimiento superior. Con una clasificaci\u00f3n de resistencia s\u00edsmica de Grado 9 y el cumplimiento de los requisitos de resistencia al fuego de 3 horas, todos los materiales de acero son 100% reciclables, lo que proporciona una soluci\u00f3n eficiente, fiable y con bajas emisiones de carbono para edificios de gran altura y gran envergadura. Combina m\u00faltiples ventajas como alta eficiencia, seguridad, respeto al medio ambiente y espacio flexible, lo que la convierte en una soluci\u00f3n estructural ideal para los edificios modernos.<\/p>\n<p>\u2666 50% construcci\u00f3n m\u00e1s r\u00e1pida (5-7 d\u00edas\/pisos);<\/p>\n<p>\u2666 Magnitud 9 s\u00edsmica resistente;<\/p>\n<p>\u2666 40% m\u00e1s ligero que el hormig\u00f3n;<\/p>\n<p>Vanos libres de 12-15 m;<\/p>\n<p>\u2666 Resistencia al fuego de 3 horas;<\/p>\n<p>\u2666 100% reciclable.<\/p>\n<h3>Aplicaciones<\/h3>\n<p>El comportamiento s\u00edsmico y las t\u00e9cnicas de construcci\u00f3n de estructuras de acero en edificios de gran altura absorben eficazmente la energ\u00eda s\u00edsmica y minimizan los da\u00f1os estructurales. Se utilizan habitualmente en proyectos como grandes complejos comerciales urbanos, hospitales, escuelas, centros de transporte, edificios industriales de varias plantas y locales p\u00fablicos, y son especialmente adecuadas para proyectos en zonas propensas a los terremotos y para aquellos con requisitos estrictos de eficiencia constructiva.<\/p>\n<p>\u2666 Oficinas comerciales;<\/p>\n<p>\u2666 Torres residenciales;<\/p>\n<p>\u2666 Uso mixto;<\/p>\n<p>\u2666 Hoteles;<\/p>\n<p>\u2666 Hospitales;<\/p>\n<p>\u2666 Edificios gubernamentales.<\/p>\n<h3>Par\u00e1metros del producto<\/h3>\n<table class=\"has-title all magic-47\" style=\"height: 161px;\" width=\"1134\">\n<tbody>\n<tr>\n<td colspan=\"1\" rowspan=\"1\">\n<div class=\"magic-48\">Nombre del producto<\/div>\n<\/td>\n<td colspan=\"1\" rowspan=\"1\">\n<div class=\"magic-49\">Estructuras de acero a medida para la producci\u00f3n de cemento<\/div>\n<\/td>\n<\/tr>\n<tr>\n<td colspan=\"1\" rowspan=\"1\">\n<div class=\"magic-48\">Material<\/div>\n<\/td>\n<td colspan=\"1\" rowspan=\"1\">\n<div class=\"magic-49\">Q235B, Q345B<\/div>\n<\/td>\n<\/tr>\n<tr>\n<td colspan=\"1\" rowspan=\"1\">\n<div class=\"magic-48\">Tratamiento de superficies<\/div>\n<\/td>\n<td colspan=\"1\" rowspan=\"1\">\n<div class=\"magic-49\">1. Pintado; 2. Galvanizado;<\/div>\n<\/td>\n<\/tr>\n<tr>\n<td colspan=\"1\" rowspan=\"1\">\n<div class=\"magic-48\">Certificaci\u00f3n<\/div>\n<\/td>\n<td colspan=\"1\" rowspan=\"1\">\n<div class=\"magic-49\">SO9001, ISO14001, OHSAS18001, EN1090, ISO3834<\/div>\n<\/td>\n<\/tr>\n<tr>\n<td colspan=\"1\" rowspan=\"1\">\n<div class=\"magic-50\">Est\u00e1ndar<\/div>\n<\/td>\n<td colspan=\"1\" rowspan=\"1\">\n<div class=\"magic-51\" data-spm-anchor-id=\"a2700.details-description.0.i0.355cV18JV18Jfe\">GB, ASTM, EN, ISO, AS\/ANS,JIS,JWB<\/div>\n<\/td>\n<\/tr>\n<\/tbody>\n<\/table>\n<p>&nbsp;<\/p>","protected":false},"excerpt":{"rendered":"<p>Las estructuras de armaz\u00f3n de acero se construyen utilizando p\u00f3rticos y cerchas espaciales, creando m\u00faltiples l\u00edneas de defensa s\u00edsmica. Durante un terremoto, la deformaci\u00f3n el\u00e1stico-pl\u00e1stica del acero ampl\u00eda eficazmente el periodo de vibraci\u00f3n natural de la estructura, mitigando as\u00ed el riesgo de resonancia. El acero utilizado en estas estructuras posee una gran ductilidad y tenacidad, lo que le permite resistir eficazmente los impactos y deformaciones causados por las fuerzas s\u00edsmicas y mejorar la seguridad general del edificio. Estructura de acero de gran altura (10-100+ plantas) con p\u00f3rticos resistentes a momentos s\u00edsmicos y forjados met\u00e1licos compuestos. Acero primario: ASTM A992 \/ A572 Gr.65. Conexiones atornilladas, precisi\u00f3n CNC. Revestimiento intumescente ign\u00edfugo. Vida \u00fatil de m\u00e1s de 50 a\u00f1os. Conforme a AISC, IBC, ASCE 7.<\/p>","protected":false},"featured_media":3197,"comment_status":"open","ping_status":"closed","template":"","meta":{"_acf_changed":false},"product_brand":[],"product_cat":[28],"product_tag":[],"class_list":{"0":"post-2389","1":"product","2":"type-product","3":"status-publish","4":"has-post-thumbnail","6":"product_cat-frame-steel-structure","8":"first","9":"instock","10":"shipping-taxable","11":"product-type-simple"},"acf":[],"_links":{"self":[{"href":"https:\/\/sdshijie.com\/es\/wp-json\/wp\/v2\/product\/2389","targetHints":{"allow":["GET"]}}],"collection":[{"href":"https:\/\/sdshijie.com\/es\/wp-json\/wp\/v2\/product"}],"about":[{"href":"https:\/\/sdshijie.com\/es\/wp-json\/wp\/v2\/types\/product"}],"replies":[{"embeddable":true,"href":"https:\/\/sdshijie.com\/es\/wp-json\/wp\/v2\/comments?post=2389"}],"wp:featuredmedia":[{"embeddable":true,"href":"https:\/\/sdshijie.com\/es\/wp-json\/wp\/v2\/media\/3197"}],"wp:attachment":[{"href":"https:\/\/sdshijie.com\/es\/wp-json\/wp\/v2\/media?parent=2389"}],"wp:term":[{"taxonomy":"product_brand","embeddable":true,"href":"https:\/\/sdshijie.com\/es\/wp-json\/wp\/v2\/product_brand?post=2389"},{"taxonomy":"product_cat","embeddable":true,"href":"https:\/\/sdshijie.com\/es\/wp-json\/wp\/v2\/product_cat?post=2389"},{"taxonomy":"product_tag","embeddable":true,"href":"https:\/\/sdshijie.com\/es\/wp-json\/wp\/v2\/product_tag?post=2389"}],"curies":[{"name":"wp","href":"https:\/\/api.w.org\/{rel}","templated":true}]}}