{"id":2385,"date":"2025-12-30T03:17:04","date_gmt":"2025-12-30T03:17:04","guid":{"rendered":"https:\/\/sdshijie.com\/?post_type=product&#038;p=2385"},"modified":"2026-03-27T01:54:11","modified_gmt":"2026-03-27T01:54:11","slug":"high-rise-steel-buildings-fast-construction-seismic-performance","status":"publish","type":"product","link":"https:\/\/sdshijie.com\/es\/producto\/high-rise-steel-buildings-fast-construction-seismic-performance\/","title":{"rendered":"Fabricante especializado en estructuras de acero a medida"},"content":{"rendered":"<h2>Soluciones de estructuras de acero a medida para naves industriales<\/h2>\n<p>&nbsp;<\/p>\n<h3>Principales caracter\u00edsticas y ventajas<\/h3>\n<p>Utilizando l\u00edneas de producci\u00f3n estandarizadas y un riguroso control de calidad, ofrecemos servicios integrales que abarcan desde el dise\u00f1o detallado y la fabricaci\u00f3n hasta la instalaci\u00f3n. Nos aseguramos de que nuestros componentes estructurales de acero ofrezcan una alta precisi\u00f3n y un rendimiento constante, con resistencia s\u00edsmica, resistencia al fuego y resistencia estructural que cumplen los m\u00e1s altos est\u00e1ndares de la industria.<\/p>\n<p>\u2666 50% construcci\u00f3n m\u00e1s r\u00e1pida;<\/p>\n<p>\u2666 Sismorresistente de magnitud 8+;<\/p>\n<p>\u2666 Encendedor 40%;<\/p>\n<p>Vanos libres de 12-15 m;<\/p>\n<p>\u2666 Vida \u00fatil de m\u00e1s de 50 a\u00f1os;<\/p>\n<p>\u2666 Servicio de ventanilla \u00fanica.<\/p>\n<h3>Aplicaciones<\/h3>\n<p>Como proveedor profesional de estructuras de acero, nuestros sistemas de estructuras de acero se utilizan principalmente en edificios de gran altura, plantas industriales, escuelas, instalaciones deportivas y edificios p\u00fablicos municipales. Proporcionamos soluciones personalizadas de estructuras de acero adaptadas a diferentes regiones y tipos de edificios, equilibrando la utilizaci\u00f3n del espacio, la seguridad estructural y la eficiencia de la construcci\u00f3n para ofrecer productos de estructuras de acero altamente adaptables para una amplia gama de proyectos.<\/p>\n<p>\u2666 Oficinas comerciales;<\/p>\n<p>\u2666 Torres residenciales;<\/p>\n<p>\u2666 Uso mixto;<\/p>\n<p>\u2666 Hoteles;<\/p>\n<p>\u2666 Hospitales;<\/p>\n<p>\u2666 Torres emblem\u00e1ticas.<\/p>\n<h3>Par\u00e1metros del producto<\/h3>\n<table class=\"has-title all magic-47\" style=\"height: 161px;\" width=\"1134\">\n<tbody>\n<tr>\n<td colspan=\"1\" rowspan=\"1\">\n<div class=\"magic-48\">Nombre del producto<\/div>\n<\/td>\n<td colspan=\"1\" rowspan=\"1\">\n<div class=\"magic-49\">Estructuras de acero a medida para la producci\u00f3n de cemento<\/div>\n<\/td>\n<\/tr>\n<tr>\n<td colspan=\"1\" rowspan=\"1\">\n<div class=\"magic-48\">Material<\/div>\n<\/td>\n<td colspan=\"1\" rowspan=\"1\">\n<div class=\"magic-49\">Q235B, Q345B<\/div>\n<\/td>\n<\/tr>\n<tr>\n<td colspan=\"1\" rowspan=\"1\">\n<div class=\"magic-48\">Tratamiento de superficies<\/div>\n<\/td>\n<td colspan=\"1\" rowspan=\"1\">\n<div class=\"magic-49\">1. Pintado; 2. Galvanizado;<\/div>\n<\/td>\n<\/tr>\n<tr>\n<td colspan=\"1\" rowspan=\"1\">\n<div class=\"magic-48\">Certificaci\u00f3n<\/div>\n<\/td>\n<td colspan=\"1\" rowspan=\"1\">\n<div class=\"magic-49\">SO9001, ISO14001, OHSAS18001, EN1090, ISO3834<\/div>\n<\/td>\n<\/tr>\n<tr>\n<td colspan=\"1\" rowspan=\"1\">\n<div class=\"magic-50\">Est\u00e1ndar<\/div>\n<\/td>\n<td colspan=\"1\" rowspan=\"1\">\n<div class=\"magic-51\" data-spm-anchor-id=\"a2700.details-description.0.i0.355cV18JV18Jfe\">GB, ASTM, EN, ISO, AS\/ANS,JIS,JWB<\/div>\n<\/td>\n<\/tr>\n<\/tbody>\n<\/table>\n<p>&nbsp;<\/p>","protected":false},"excerpt":{"rendered":"<p>Como fabricante especializado en estructuras de acero a medida, ofrecemos servicios integrales que van desde el dise\u00f1o conceptual y la fabricaci\u00f3n hasta la instalaci\u00f3n in situ. Proporcionamos soluciones estructurales a medida adaptadas a contextos arquitect\u00f3nicos, requisitos de carga y necesidades funcionales espec\u00edficos. Con procesos de producci\u00f3n probados y un riguroso sistema de control de calidad, somos capaces de ejecutar con precisi\u00f3n estructuras de acero a medida para aplicaciones de gran envergadura, gran altura y especializadas. Fabricante profesional de edificios de acero de gran altura (10-100+ plantas) para uso comercial\/residencial. Acero primario: ASTM A992 \/ A572 Gr.65 \/ Q355B. Estructuras resistentes al momento + suelos de cubierta met\u00e1lica compuesta. Opciones CFST avanzadas disponibles. Precisi\u00f3n CNC, revestimiento ign\u00edfugo. Vida \u00fatil de m\u00e1s de 50 a\u00f1os. Certificaci\u00f3n ISO.<\/p>","protected":false},"featured_media":3198,"comment_status":"open","ping_status":"closed","template":"","meta":{"_acf_changed":false},"product_brand":[],"product_cat":[28],"product_tag":[],"class_list":{"0":"post-2385","1":"product","2":"type-product","3":"status-publish","4":"has-post-thumbnail","6":"product_cat-frame-steel-structure","8":"first","9":"instock","10":"shipping-taxable","11":"product-type-simple"},"acf":[],"_links":{"self":[{"href":"https:\/\/sdshijie.com\/es\/wp-json\/wp\/v2\/product\/2385","targetHints":{"allow":["GET"]}}],"collection":[{"href":"https:\/\/sdshijie.com\/es\/wp-json\/wp\/v2\/product"}],"about":[{"href":"https:\/\/sdshijie.com\/es\/wp-json\/wp\/v2\/types\/product"}],"replies":[{"embeddable":true,"href":"https:\/\/sdshijie.com\/es\/wp-json\/wp\/v2\/comments?post=2385"}],"wp:featuredmedia":[{"embeddable":true,"href":"https:\/\/sdshijie.com\/es\/wp-json\/wp\/v2\/media\/3198"}],"wp:attachment":[{"href":"https:\/\/sdshijie.com\/es\/wp-json\/wp\/v2\/media?parent=2385"}],"wp:term":[{"taxonomy":"product_brand","embeddable":true,"href":"https:\/\/sdshijie.com\/es\/wp-json\/wp\/v2\/product_brand?post=2385"},{"taxonomy":"product_cat","embeddable":true,"href":"https:\/\/sdshijie.com\/es\/wp-json\/wp\/v2\/product_cat?post=2385"},{"taxonomy":"product_tag","embeddable":true,"href":"https:\/\/sdshijie.com\/es\/wp-json\/wp\/v2\/product_tag?post=2385"}],"curies":[{"name":"wp","href":"https:\/\/api.w.org\/{rel}","templated":true}]}}