{"id":2140,"date":"2025-12-27T00:57:12","date_gmt":"2025-12-27T00:57:12","guid":{"rendered":"https:\/\/sdshijie.com\/?post_type=product&#038;p=2140"},"modified":"2026-03-26T08:37:26","modified_gmt":"2026-03-26T08:37:26","slug":"prefab-high-rise-steel-building-construction-steel-structure-fabrication","status":"publish","type":"product","link":"https:\/\/sdshijie.com\/es\/producto\/prefab-high-rise-steel-building-construction-steel-structure-fabrication\/","title":{"rendered":"Estructura de acero de p\u00f3rtico y almac\u00e9n ASTM AISC PEB"},"content":{"rendered":"<div class=\"page-wrap template1\">\n<h2>Almac\u00e9n prefabricado de p\u00f3rticos de acero de alto est\u00e1ndar<\/h2>\n<p>&nbsp;<\/p>\n<h3>Principales caracter\u00edsticas y ventajas<\/h3>\n<p>Las estructuras de almac\u00e9n de p\u00f3rtico de acero presentan un dise\u00f1o modular prefabricado que permite una r\u00e1pida instalaci\u00f3n y un breve plazo de construcci\u00f3n. La estructura de gran envergadura y sin columnas crea un interior espacioso. Las estructuras ofrecen un rendimiento estable y cumplen las normas internacionales de construcci\u00f3n. Representan una soluci\u00f3n muy eficaz, rentable y pr\u00e1ctica para los almacenes modernos.<\/p>\n<p>\u2666 40% m\u00e1s ligero, 50% de construcci\u00f3n m\u00e1s r\u00e1pida;<\/p>\n<p>\u2666 Sin columnas, espacio m\u00e1ximo;<\/p>\n<p>\u2666 Cero mantenimiento, m\u00e1s de 50 a\u00f1os;<\/p>\n<p>\u2666 Conforme a AISC, s\u00edsmico\/resistente al viento;<\/p>\n<p>Ampliable y reubicable.<\/p>\n<h3>Aplicaciones<\/h3>\n<p>Los almacenes de acero tipo p\u00f3rtico tienen una amplia gama de aplicaciones, como plantas industriales, almacenes log\u00edsticos, centros de cumplimiento de comercio electr\u00f3nico e instalaciones de almacenamiento agr\u00edcola. Pueden construirse como estructuras temporales o permanentes para satisfacer necesidades espec\u00edficas, y son muy adaptables a diversos terrenos e industrias, lo que los hace extremadamente pr\u00e1cticos.<\/p>\n<p>\u2666 Almacenamiento industrial;<\/p>\n<p>\u2666 Almacenamiento agr\u00edcola;<\/p>\n<p>\u2666 Entornos hostiles;<\/p>\n<p>\u2666 Instalaciones temporales.<\/p>\n<h3>Par\u00e1metros t\u00e9cnicos<\/h3>\n<table style=\"height: 521px;\" width=\"1151\">\n<tbody>\n<tr>\n<td>Productos<\/td>\n<td>\n<p style=\"font-weight: 400;\">Vigas,Columnas,Perfil en H,Columna en celos\u00eda,Viga caj\u00f3n,Tubo,Columna en cruz<\/p>\n<\/td>\n<\/tr>\n<tr>\n<td>Material principal<\/td>\n<td>Q235B(ASTM A36,S235JR), Q355B<\/td>\n<\/tr>\n<tr>\n<td>Tratamiento de superficies<\/td>\n<td>Pintura, Galvanizado<\/td>\n<\/tr>\n<tr>\n<td>Proceso<\/td>\n<td>corte, perforaci\u00f3n, montaje, soldadura, pintura\/HDG, embalaje<\/td>\n<\/tr>\n<tr>\n<td>Control de calidad<\/td>\n<td>Inspecci\u00f3n de control de calidad, inspecci\u00f3n por terceros<\/td>\n<\/tr>\n<tr>\n<td>Color<\/td>\n<td>Seg\u00fan lo solicitado<\/td>\n<\/tr>\n<\/tbody>\n<\/table>\n<\/div>","protected":false},"excerpt":{"rendered":"<p>Edificio met\u00e1lico prefabricado dise\u00f1ado seg\u00fan las normas AISC\/ASTM. Estructura principal: perfil en H c\u00f3nico (ASTM A992\/Grado 65). Secundaria: correas C\/Z conformadas en fr\u00edo G550. Envergadura de 20 a 100 m, altura de alero de 6 a 20 m. Galvanizado en caliente. Vida \u00fatil de m\u00e1s de 50 a\u00f1os. Estos almacenes de p\u00f3rticos de acero se construyen utilizando estructuras ligeras de p\u00f3rticos y se dise\u00f1an y fabrican de acuerdo con normas internacionales y nacionales como AISC y GB. Este dise\u00f1o no s\u00f3lo proporciona a la estructura una capacidad de carga excepcional, sino que tambi\u00e9n le permite acomodar f\u00e1cilmente cargas de larga duraci\u00f3n de estanter\u00edas para cargas pesadas, equipos de gran tama\u00f1o y cargas de alta densidad.<\/p>","protected":false},"featured_media":3355,"comment_status":"open","ping_status":"closed","template":"","meta":{"_acf_changed":false},"product_brand":[],"product_cat":[26],"product_tag":[],"class_list":{"0":"post-2140","1":"product","2":"type-product","3":"status-publish","4":"has-post-thumbnail","6":"product_cat-portal-steel-structure","8":"first","9":"instock","10":"shipping-taxable","11":"product-type-simple"},"acf":[],"_links":{"self":[{"href":"https:\/\/sdshijie.com\/es\/wp-json\/wp\/v2\/product\/2140","targetHints":{"allow":["GET"]}}],"collection":[{"href":"https:\/\/sdshijie.com\/es\/wp-json\/wp\/v2\/product"}],"about":[{"href":"https:\/\/sdshijie.com\/es\/wp-json\/wp\/v2\/types\/product"}],"replies":[{"embeddable":true,"href":"https:\/\/sdshijie.com\/es\/wp-json\/wp\/v2\/comments?post=2140"}],"wp:featuredmedia":[{"embeddable":true,"href":"https:\/\/sdshijie.com\/es\/wp-json\/wp\/v2\/media\/3355"}],"wp:attachment":[{"href":"https:\/\/sdshijie.com\/es\/wp-json\/wp\/v2\/media?parent=2140"}],"wp:term":[{"taxonomy":"product_brand","embeddable":true,"href":"https:\/\/sdshijie.com\/es\/wp-json\/wp\/v2\/product_brand?post=2140"},{"taxonomy":"product_cat","embeddable":true,"href":"https:\/\/sdshijie.com\/es\/wp-json\/wp\/v2\/product_cat?post=2140"},{"taxonomy":"product_tag","embeddable":true,"href":"https:\/\/sdshijie.com\/es\/wp-json\/wp\/v2\/product_tag?post=2140"}],"curies":[{"name":"wp","href":"https:\/\/api.w.org\/{rel}","templated":true}]}}