{"id":2134,"date":"2025-12-27T00:49:13","date_gmt":"2025-12-27T00:49:13","guid":{"rendered":"https:\/\/sdshijie.com\/?post_type=product&#038;p=2134"},"modified":"2026-03-27T05:14:03","modified_gmt":"2026-03-27T05:14:03","slug":"customized-steel-roof-truss-systems-fire-resistant-for-stadium-structures","status":"publish","type":"product","link":"https:\/\/sdshijie.com\/es\/producto\/customized-steel-roof-truss-systems-fire-resistant-for-stadium-structures\/","title":{"rendered":"Estructura de acero para cubiertas de estadios deportivos a gran escala"},"content":{"rendered":"<h2>Estructuras de acero para cubiertas de instalaciones deportivas<\/h2>\n<p>&nbsp;<\/p>\n<h3>Principales caracter\u00edsticas y ventajas<\/h3>\n<p>La estructura distribuye las cargas uniformemente y ofrece una estabilidad excepcional, con excelentes propiedades de soporte de carga, resistencia al viento, resistencia s\u00edsmica y resistencia al fuego. Apoyamos la personalizaci\u00f3n y el dise\u00f1o detallado, lo que permite soluciones adaptadas a las dimensiones, formas y requisitos de carga espec\u00edficos de diversos recintos.<\/p>\n<h3>Aplicaciones<\/h3>\n<p>Las estructuras de acero para cubiertas son adecuadas para proyectos de cubiertas de grandes luces, como grandes estadios deportivos, pabellones de entrenamiento y centros culturales y deportivos. El sistema estructural est\u00e1 claramente definido, con una distribuci\u00f3n uniforme de las tensiones entre los elementos, lo que proporciona una excelente resistencia a la flexi\u00f3n, la torsi\u00f3n y la deformaci\u00f3n. En comparaci\u00f3n con las formas estructurales tradicionales, las cubiertas de cerchas de acero ofrecen eficiencia material y una construcci\u00f3n racionalizada, proporcionando un s\u00f3lido soporte t\u00e9cnico para el desarrollo de infraestructuras culturales y deportivas urbanas.<\/p>\n<h3>Par\u00e1metros del producto<\/h3>\n<table style=\"height: 287px;\" border=\"1\" width=\"1080\">\n<colgroup>\n<col \/>\n<col \/><\/colgroup>\n<tbody>\n<tr>\n<td>Nombre del producto<\/td>\n<td>\u00a0\u00a0\u00a0Sistemas de vigas de acero para cubiertas de estadios<\/td>\n<\/tr>\n<tr>\n<td>Material<\/td>\n<td>\u00a0 \u00a0 ASTM; EN; GB;<\/td>\n<\/tr>\n<tr>\n<td>Superficie<\/td>\n<td>\u00a0 \u00a0 Pintado; HDG<\/td>\n<\/tr>\n<\/tbody>\n<\/table>\n<p>&nbsp;<\/p>","protected":false},"excerpt":{"rendered":"<p>Las estructuras de acero para cubiertas de instalaciones deportivas de gran envergadura se fabrican con acero de aleaci\u00f3n de alta resistencia y se dise\u00f1an espec\u00edficamente para edificios p\u00fablicos de gran envergadura. Construidas con acero de alta calidad mediante soldadura, estas estructuras se prefabrican en f\u00e1bricas y se montan in situ utilizando componentes modulares. Este enfoque garantiza una construcci\u00f3n r\u00e1pida y una gran precisi\u00f3n, y satisface los m\u00faltiples requisitos de la arquitectura moderna, como la eficiencia espacial, la seguridad, la est\u00e9tica, la iluminaci\u00f3n natural y la ventilaci\u00f3n, por lo que es una soluci\u00f3n ideal para los sistemas de cubiertas de grandes edificios p\u00fablicos.<\/p>","protected":false},"featured_media":3383,"comment_status":"open","ping_status":"closed","template":"","meta":{"_acf_changed":false},"product_brand":[],"product_cat":[30],"product_tag":[],"class_list":{"0":"post-2134","1":"product","2":"type-product","3":"status-publish","4":"has-post-thumbnail","6":"product_cat-steel-truss","8":"first","9":"instock","10":"shipping-taxable","11":"product-type-simple"},"acf":[],"_links":{"self":[{"href":"https:\/\/sdshijie.com\/es\/wp-json\/wp\/v2\/product\/2134","targetHints":{"allow":["GET"]}}],"collection":[{"href":"https:\/\/sdshijie.com\/es\/wp-json\/wp\/v2\/product"}],"about":[{"href":"https:\/\/sdshijie.com\/es\/wp-json\/wp\/v2\/types\/product"}],"replies":[{"embeddable":true,"href":"https:\/\/sdshijie.com\/es\/wp-json\/wp\/v2\/comments?post=2134"}],"wp:featuredmedia":[{"embeddable":true,"href":"https:\/\/sdshijie.com\/es\/wp-json\/wp\/v2\/media\/3383"}],"wp:attachment":[{"href":"https:\/\/sdshijie.com\/es\/wp-json\/wp\/v2\/media?parent=2134"}],"wp:term":[{"taxonomy":"product_brand","embeddable":true,"href":"https:\/\/sdshijie.com\/es\/wp-json\/wp\/v2\/product_brand?post=2134"},{"taxonomy":"product_cat","embeddable":true,"href":"https:\/\/sdshijie.com\/es\/wp-json\/wp\/v2\/product_cat?post=2134"},{"taxonomy":"product_tag","embeddable":true,"href":"https:\/\/sdshijie.com\/es\/wp-json\/wp\/v2\/product_tag?post=2134"}],"curies":[{"name":"wp","href":"https:\/\/api.w.org\/{rel}","templated":true}]}}