{"id":2114,"date":"2025-12-27T00:33:58","date_gmt":"2025-12-27T00:33:58","guid":{"rendered":"https:\/\/sdshijie.com\/?post_type=product&#038;p=2114"},"modified":"2026-03-27T05:21:13","modified_gmt":"2026-03-27T05:21:13","slug":"customized-heavy-duty-steel-truss-structure-fabricated-for-bridge","status":"publish","type":"product","link":"https:\/\/sdshijie.com\/es\/producto\/customized-heavy-duty-steel-truss-structure-fabricated-for-bridge\/","title":{"rendered":"Estructuras portantes de acero de alta resistencia a medida para puentes de acero"},"content":{"rendered":"<h2>Celos\u00eda de acero portante espec\u00edfica para puentes<\/h2>\n<p>&nbsp;<\/p>\n<h3>Principales caracter\u00edsticas y ventajas<\/h3>\n<p>Las armaduras de acero portantes dise\u00f1adas espec\u00edficamente para puentes concretos se fabrican utilizando dise\u00f1os estructurales a medida y acero de alta resistencia. Pueden personalizarse para cumplir los requisitos espec\u00edficos de luz, carga, topograf\u00eda y aplicaci\u00f3n de los distintos puentes, garantizando una distribuci\u00f3n racional de la tensi\u00f3n estructural y un rendimiento estable de la carga. Los puentes de celos\u00eda de acero ofrecen una gran capacidad de carga, una estructura ligera, gran resistencia s\u00edsmica, excelente durabilidad y bajos costes de mantenimiento, lo que los convierte en la opci\u00f3n ideal para la construcci\u00f3n de puentes modernos.<\/p>\n<h3>Aplicaciones<\/h3>\n<p>Esta estructura portante de celos\u00eda de acero para cargas pesadas, dise\u00f1ada a medida y dise\u00f1ada espec\u00edficamente para puentes con estructura de acero, se utiliza ampliamente en proyectos de puentes que implican cargas elevadas y entornos complejos, como puentes de autopistas, puentes ferroviarios, puentes mar\u00edtimos, puentes de grandes luces y puentes industriales para cargas pesadas, ofreciendo una capacidad portante, durabilidad y seguridad excepcionales.<\/p>\n<h3>Productos Par\u00e1metros<\/h3>\n<table border=\"1\" width=\"633\" cellspacing=\"0\" cellpadding=\"0\">\n<tbody>\n<tr>\n<td class=\"et2\" width=\"327\" height=\"24\">Material<\/td>\n<td class=\"et3\" width=\"306\">Tubo de acero Q235,355B cualificado ,placa de acero<\/td>\n<\/tr>\n<tr>\n<td class=\"et4\" height=\"24\">Certificaci\u00f3n de la empresa<\/td>\n<td class=\"et3\">JIS GB CE AISC<\/td>\n<\/tr>\n<tr>\n<td class=\"et5\" width=\"327\" height=\"24\">Soldadores<\/td>\n<td class=\"et5\" width=\"306\">Soldadores certificados.<\/td>\n<\/tr>\n<tr>\n<td class=\"et5\" width=\"327\" height=\"24\">Proceso de superficie del producto<\/td>\n<td class=\"et5\" width=\"306\">Pintura galvanizada o seg\u00fan se requiera.<\/td>\n<\/tr>\n<tr>\n<td class=\"et5\" width=\"327\" height=\"24\">Vida laboral<\/td>\n<td class=\"et6\" width=\"306\">Larga durabilidad<\/td>\n<\/tr>\n<tr>\n<td class=\"et4\" height=\"24\">Paquete<\/td>\n<td class=\"et4\">paleta fija de acero<\/td>\n<\/tr>\n<\/tbody>\n<\/table>\n<p>&nbsp;<\/p>","protected":false},"excerpt":{"rendered":"<p>Este puente de acero presenta una estructura portante de celos\u00eda de acero, dise\u00f1ada espec\u00edficamente para cumplir los requisitos de carga pesada de la construcci\u00f3n de puentes. Est\u00e1 pensado para soportar tuber\u00edas de gran luz que atraviesen terrenos complejos o zonas sensibles desde el punto de vista medioambiental. Combinando una gran capacidad de carga con una utilizaci\u00f3n \u00f3ptima de los materiales, el puente emplea unidades de celos\u00eda triangulares para distribuir uniformemente las fuerzas axiales (tensi\u00f3n y compresi\u00f3n) entre sus componentes. La celos\u00eda triangular, que act\u00faa como estructura portante central, mitiga eficazmente los problemas de concentraci\u00f3n de tensiones que pueden surgir durante el proceso de carga de puentes de gran luz, gracias a su gran estabilidad geom\u00e9trica.<\/p>","protected":false},"featured_media":3141,"comment_status":"open","ping_status":"closed","template":"","meta":{"_acf_changed":false},"product_brand":[],"product_cat":[30],"product_tag":[],"class_list":{"0":"post-2114","1":"product","2":"type-product","3":"status-publish","4":"has-post-thumbnail","6":"product_cat-steel-truss","8":"first","9":"instock","10":"shipping-taxable","11":"product-type-simple"},"acf":[],"_links":{"self":[{"href":"https:\/\/sdshijie.com\/es\/wp-json\/wp\/v2\/product\/2114","targetHints":{"allow":["GET"]}}],"collection":[{"href":"https:\/\/sdshijie.com\/es\/wp-json\/wp\/v2\/product"}],"about":[{"href":"https:\/\/sdshijie.com\/es\/wp-json\/wp\/v2\/types\/product"}],"replies":[{"embeddable":true,"href":"https:\/\/sdshijie.com\/es\/wp-json\/wp\/v2\/comments?post=2114"}],"wp:featuredmedia":[{"embeddable":true,"href":"https:\/\/sdshijie.com\/es\/wp-json\/wp\/v2\/media\/3141"}],"wp:attachment":[{"href":"https:\/\/sdshijie.com\/es\/wp-json\/wp\/v2\/media?parent=2114"}],"wp:term":[{"taxonomy":"product_brand","embeddable":true,"href":"https:\/\/sdshijie.com\/es\/wp-json\/wp\/v2\/product_brand?post=2114"},{"taxonomy":"product_cat","embeddable":true,"href":"https:\/\/sdshijie.com\/es\/wp-json\/wp\/v2\/product_cat?post=2114"},{"taxonomy":"product_tag","embeddable":true,"href":"https:\/\/sdshijie.com\/es\/wp-json\/wp\/v2\/product_tag?post=2114"}],"curies":[{"name":"wp","href":"https:\/\/api.w.org\/{rel}","templated":true}]}}