{"id":2109,"date":"2025-12-27T00:29:21","date_gmt":"2025-12-27T00:29:21","guid":{"rendered":"https:\/\/sdshijie.com\/?post_type=product&#038;p=2109"},"modified":"2026-03-27T05:31:05","modified_gmt":"2026-03-27T05:31:05","slug":"steel-truss-support-system-fabricated-for-pipelines-steel-structure","status":"publish","type":"product","link":"https:\/\/sdshijie.com\/es\/producto\/steel-truss-support-system-fabricated-for-pipelines-steel-structure\/","title":{"rendered":"Sistema de soporte de vigas de acero con tubos a medida"},"content":{"rendered":"<h2>Truss de acero duradero para cruce y soporte de tuber\u00edas<\/h2>\n<p>&nbsp;<\/p>\n<h3>Principales caracter\u00edsticas y ventajas<\/h3>\n<p>Estas cerchas de acero, dise\u00f1adas a medida para aplicaciones como cruces de tuber\u00edas, instalaciones a\u00e9reas y soporte lateral, presentan grandes luces, poco peso y gran capacidad de carga. Responden eficazmente a los retos que plantea la instalaci\u00f3n de tuber\u00edas en grandes luces sin soporte de columnas. La estructura ofrece una gran rigidez e integridad generales, una excelente resistencia s\u00edsmica y al viento, y un funcionamiento seguro y fiable. Adem\u00e1s, el dise\u00f1o triangular de la celos\u00eda garantiza una distribuci\u00f3n racional de la carga y una excelente estabilidad, lo que mejora eficazmente la seguridad y la durabilidad de los soportes de tuber\u00edas. La estructura de celos\u00eda de acero es resistente a la corrosi\u00f3n, duradera y muy r\u00edgida, lo que garantiza el funcionamiento estable y a largo plazo de las tuber\u00edas con bajos costes de mantenimiento.<\/p>\n<h3>Aplicaciones<\/h3>\n<p>Adecuado para proyectos como soportes de tuber\u00edas, galer\u00edas de tuber\u00edas y puentes de tuber\u00edas que requieren grandes luces y una gran capacidad de carga. Gracias a la fiabilidad de las uniones y a la gran rigidez de su estructura, este sistema es adecuado para proyectos de tuber\u00edas de gran envergadura y larga distancia. Puede adaptarse a condiciones de trabajo industriales complejas, como alta temperatura, alta presi\u00f3n, corrosi\u00f3n y vibraci\u00f3n, garantizando el funcionamiento seguro y estable a largo plazo de la tuber\u00eda.<\/p>\n<h3>Productos Par\u00e1metros<\/h3>\n<table border=\"1\" width=\"633\" cellspacing=\"0\" cellpadding=\"0\">\n<tbody>\n<tr>\n<td class=\"et2\" width=\"327\" height=\"24\">Material<\/td>\n<td class=\"et3\" width=\"306\">Tubo de acero Q235,355B cualificado ,placa de acero<\/td>\n<\/tr>\n<tr>\n<td class=\"et4\" height=\"24\">Certificaci\u00f3n de la empresa<\/td>\n<td class=\"et3\">JIS GB CE AISC<\/td>\n<\/tr>\n<tr>\n<td class=\"et5\" width=\"327\" height=\"24\">Soldadores<\/td>\n<td class=\"et5\" width=\"306\">Soldadores certificados.<\/td>\n<\/tr>\n<tr>\n<td class=\"et5\" width=\"327\" height=\"24\">Proceso de superficie del producto<\/td>\n<td class=\"et5\" width=\"306\">Pintura galvanizada o seg\u00fan se requiera.<\/td>\n<\/tr>\n<tr>\n<td class=\"et5\" width=\"327\" height=\"24\">Vida laboral<\/td>\n<td class=\"et6\" width=\"306\">Larga durabilidad<\/td>\n<\/tr>\n<tr>\n<td class=\"et4\" height=\"24\">Paquete<\/td>\n<td class=\"et4\">paleta fija de acero<\/td>\n<\/tr>\n<\/tbody>\n<\/table>\n<p>&nbsp;<\/p>\n<p>&nbsp;<\/p>","protected":false},"excerpt":{"rendered":"<p>Las estructuras de celos\u00eda para oleoductos son robustas estructuras de acero dise\u00f1adas para soportar tuber\u00edas de gran longitud que atraviesan terrenos complejos o zonas sensibles desde el punto de vista medioambiental. Al combinar acero de alta resistencia con unidades de celos\u00eda triangulares optimizadas, estas estructuras ofrecen una capacidad de carga y una estabilidad excepcionales, al tiempo que minimizan la presi\u00f3n sobre el suelo gracias a su dise\u00f1o ligero. Cada sistema de soporte de celos\u00eda se adapta con precisi\u00f3n a los distintos di\u00e1metros de tuber\u00eda, presiones nominales y requisitos de luz, garantizando el funcionamiento seguro y estable de las tuber\u00edas en todas las condiciones de operaci\u00f3n. Su excelente rendimiento estructural lo hace especialmente adecuado para proyectos de tuber\u00edas de grandes luces y cargas pesadas, reduciendo eficazmente el n\u00famero de columnas de soporte necesarias.<\/p>","protected":false},"featured_media":3143,"comment_status":"open","ping_status":"closed","template":"","meta":{"_acf_changed":false},"product_brand":[],"product_cat":[30],"product_tag":[],"class_list":{"0":"post-2109","1":"product","2":"type-product","3":"status-publish","4":"has-post-thumbnail","6":"product_cat-steel-truss","8":"first","9":"instock","10":"shipping-taxable","11":"product-type-simple"},"acf":[],"_links":{"self":[{"href":"https:\/\/sdshijie.com\/es\/wp-json\/wp\/v2\/product\/2109","targetHints":{"allow":["GET"]}}],"collection":[{"href":"https:\/\/sdshijie.com\/es\/wp-json\/wp\/v2\/product"}],"about":[{"href":"https:\/\/sdshijie.com\/es\/wp-json\/wp\/v2\/types\/product"}],"replies":[{"embeddable":true,"href":"https:\/\/sdshijie.com\/es\/wp-json\/wp\/v2\/comments?post=2109"}],"wp:featuredmedia":[{"embeddable":true,"href":"https:\/\/sdshijie.com\/es\/wp-json\/wp\/v2\/media\/3143"}],"wp:attachment":[{"href":"https:\/\/sdshijie.com\/es\/wp-json\/wp\/v2\/media?parent=2109"}],"wp:term":[{"taxonomy":"product_brand","embeddable":true,"href":"https:\/\/sdshijie.com\/es\/wp-json\/wp\/v2\/product_brand?post=2109"},{"taxonomy":"product_cat","embeddable":true,"href":"https:\/\/sdshijie.com\/es\/wp-json\/wp\/v2\/product_cat?post=2109"},{"taxonomy":"product_tag","embeddable":true,"href":"https:\/\/sdshijie.com\/es\/wp-json\/wp\/v2\/product_tag?post=2109"}],"curies":[{"name":"wp","href":"https:\/\/api.w.org\/{rel}","templated":true}]}}