{"id":2108,"date":"2025-12-27T00:23:35","date_gmt":"2025-12-27T00:23:35","guid":{"rendered":"https:\/\/sdshijie.com\/?post_type=product&#038;p=2108"},"modified":"2026-03-26T08:44:25","modified_gmt":"2026-03-26T08:44:25","slug":"large-span-steel-structure-warehouse-astm572-for-primary-framework","status":"publish","type":"product","link":"https:\/\/sdshijie.com\/es\/producto\/large-span-steel-structure-warehouse-astm572-for-primary-framework\/","title":{"rendered":"Almac\u00e9n de pasillos completos con estructura de acero y p\u00f3rticos a medida"},"content":{"rendered":"<h2>P\u00f3rtico Multiusos Estructura de Acero Almac\u00e9n Transversal<\/h2>\n<p>&nbsp;<\/p>\n<h3>Principales caracter\u00edsticas y ventajas<\/h3>\n<p>Dise\u00f1ado espec\u00edficamente para aplicaciones de almacenamiento a gran escala, este almac\u00e9n de acero tipo p\u00f3rtico presenta un dise\u00f1o sin columnas 100% que maximiza el espacio interior utilizable. El espacio puede ampliarse en cualquier momento para satisfacer las necesidades reales, adapt\u00e1ndose plenamente a los requisitos de almacenamiento modernos. El dise\u00f1o flexible se adapta a diversos terrenos, ya sean llanos o de topograf\u00eda compleja, lo que permite una construcci\u00f3n r\u00e1pida. La estabilidad estructural no se ve afectada por el terreno, lo que hace que estos almacenes sean adecuados para una amplia gama de aplicaciones.<\/p>\n<p>\u2666 100% sin columna;<\/p>\n<p>Vano libre de m\u00e1s de 80 m;<\/p>\n<p>\u2666 50% construcci\u00f3n m\u00e1s r\u00e1pida;<\/p>\n<p>\u2666 Cero mantenimiento, m\u00e1s de 50 a\u00f1os;<\/p>\n<p>\u2666 Puertas grandes;<\/p>\n<p>Gr\u00faa lista;<\/p>\n<p>\u2666 Ampliable.<\/p>\n<h3>Aplicaciones<\/h3>\n<p>Con ventajas fundamentales como grandes luces, gran capacidad de carga, construcci\u00f3n r\u00e1pida y gran adaptabilidad, las estructuras de acero de p\u00f3rtico cumplen a la perfecci\u00f3n los estrictos requisitos de escala espacial, necesidades funcionales y rendimiento de seguridad en diversas aplicaciones. En diversos entornos, como hangares de aviones, almacenes y salas de exposiciones, sirven como marcos arquitect\u00f3nicos clave que soportan las operaciones b\u00e1sicas y permiten un funcionamiento eficiente, desbloqueando las infinitas posibilidades de diversas aplicaciones espaciales gracias a sus s\u00f3lidas capacidades.<\/p>\n<p>\u2666 Hangares de aviones;<\/p>\n<p>\u2666 Almacenes;<\/p>\n<p>\u2666 Salas de exposici\u00f3n;<\/p>\n<p>\u2666 Arenas deportivas;<\/p>\n<p>\u2666 Salas de exposiciones;<\/p>\n<p>\u2666 Almacenamiento agr\u00edcola;<\/p>\n<p>\u2666 Talleres industriales.<\/p>\n<h3>Superioridad t\u00e9cnica frente a las estructuras de hormig\u00f3n<\/h3>\n<table style=\"font-weight: 400;\">\n<thead>\n<tr>\n<th style=\"font-weight: 400;\">M\u00e9trica de rendimiento<\/th>\n<th style=\"font-weight: 400;\">Estructura de acero<\/th>\n<th style=\"font-weight: 400;\">Estructura de hormig\u00f3n<\/th>\n<th style=\"font-weight: 400;\">Tasa de mejora<\/th>\n<\/tr>\n<\/thead>\n<tbody>\n<tr>\n<td>Relaci\u00f3n resistencia\/peso<\/td>\n<td>490MPa de l\u00edmite el\u00e1stico<\/td>\n<td>30MPa de compresi\u00f3n<\/td>\n<td>1630%\u2191<\/td>\n<\/tr>\n<tr>\n<td>Velocidad de construcci\u00f3n<\/td>\n<td>500 m\u00b2\/d\u00eda<\/td>\n<td>150 m\u00b2\/d\u00eda<\/td>\n<td>233%\u2191<\/td>\n<\/tr>\n<tr>\n<td>Comportamiento s\u00edsmico<\/td>\n<td>Coeficiente de ductilidad \u03bc=6-8<\/td>\n<td>\u03bc=3-4<\/td>\n<td>100%\u2191<\/td>\n<\/tr>\n<tr>\n<td>Huella de carbono<\/td>\n<td>85% reciclable<\/td>\n<td>40% reciclable<\/td>\n<td>112%\u2193<\/td>\n<\/tr>\n<\/tbody>\n<\/table>\n<p>&nbsp;<\/p>\n<table border=\"1\">\n<colgroup>\n<col \/>\n<col \/><\/colgroup>\n<tbody>\n<tr>\n<td>Nombre del producto<\/td>\n<td>\u00a0 \u00a0 Almac\u00e9n de acero<\/td>\n<\/tr>\n<tr>\n<td>Material<\/td>\n<td>\u00a0 \u00a0 ASTM; GB;<\/td>\n<\/tr>\n<tr>\n<td>Superficie<\/td>\n<td>\u00a0 \u00a0 Pintado<\/td>\n<\/tr>\n<\/tbody>\n<\/table>\n<p style=\"font-weight: 400;\">","protected":false},"excerpt":{"rendered":"<p>Los almacenes de pasillo completo con estructura de acero de p\u00f3rtico a medida y dise\u00f1o pasante facilitan el acceso y la gesti\u00f3n de las mercanc\u00edas. La disposici\u00f3n abierta y ventilada permite una optimizaci\u00f3n estructural adaptada a las necesidades operativas espec\u00edficas del cliente. Con una disposici\u00f3n de todos los pasillos bien dise\u00f1ada y un flujo log\u00edstico fluido, estas instalaciones son ideales para operaciones de almacenamiento a gran escala. Estructura de p\u00f3rtico r\u00edgida con pilares y vigas de secci\u00f3n en H (Q355B\/ASTM A572). Dise\u00f1o de vano libre, sin pilares interiores. Conexiones atornilladas, correas C\/Z. Galvanizado en caliente o recubierto de epoxi. Luz de 20-80 m (hasta 120 m), altura de alero de 5-25 m. Preparado para gr\u00faa (5-50T). Vida \u00fatil de m\u00e1s de 50 a\u00f1os. Conforme a AISC\/IBC.<\/p>","protected":false},"featured_media":3357,"comment_status":"open","ping_status":"closed","template":"","meta":{"_acf_changed":false},"product_brand":[],"product_cat":[26],"product_tag":[],"class_list":{"0":"post-2108","1":"product","2":"type-product","3":"status-publish","4":"has-post-thumbnail","6":"product_cat-portal-steel-structure","8":"first","9":"instock","10":"shipping-taxable","11":"product-type-simple"},"acf":[],"_links":{"self":[{"href":"https:\/\/sdshijie.com\/es\/wp-json\/wp\/v2\/product\/2108","targetHints":{"allow":["GET"]}}],"collection":[{"href":"https:\/\/sdshijie.com\/es\/wp-json\/wp\/v2\/product"}],"about":[{"href":"https:\/\/sdshijie.com\/es\/wp-json\/wp\/v2\/types\/product"}],"replies":[{"embeddable":true,"href":"https:\/\/sdshijie.com\/es\/wp-json\/wp\/v2\/comments?post=2108"}],"wp:featuredmedia":[{"embeddable":true,"href":"https:\/\/sdshijie.com\/es\/wp-json\/wp\/v2\/media\/3357"}],"wp:attachment":[{"href":"https:\/\/sdshijie.com\/es\/wp-json\/wp\/v2\/media?parent=2108"}],"wp:term":[{"taxonomy":"product_brand","embeddable":true,"href":"https:\/\/sdshijie.com\/es\/wp-json\/wp\/v2\/product_brand?post=2108"},{"taxonomy":"product_cat","embeddable":true,"href":"https:\/\/sdshijie.com\/es\/wp-json\/wp\/v2\/product_cat?post=2108"},{"taxonomy":"product_tag","embeddable":true,"href":"https:\/\/sdshijie.com\/es\/wp-json\/wp\/v2\/product_tag?post=2108"}],"curies":[{"name":"wp","href":"https:\/\/api.w.org\/{rel}","templated":true}]}}