{"id":2107,"date":"2025-12-27T00:18:57","date_gmt":"2025-12-27T00:18:57","guid":{"rendered":"https:\/\/sdshijie.com\/?post_type=product&#038;p=2107"},"modified":"2026-03-27T03:13:45","modified_gmt":"2026-03-27T03:13:45","slug":"prefab-steel-structure-workshop-warehouse-engineered-steel-building-aisc-en1090-cwb-jis","status":"publish","type":"product","link":"https:\/\/sdshijie.com\/es\/producto\/prefab-steel-structure-workshop-warehouse-engineered-steel-building-aisc-en1090-cwb-jis\/","title":{"rendered":"Estadio Prefabricado Espacial Edificio de Acero Proyecto Espacial de Gran envergadura"},"content":{"rendered":"<div class=\"page-wrap template1\">\n<h2>Estructura de Acero Taller Almac\u00e9n Prefabricado Edificio de Acero AISC EN1090 CWB JIS<\/h2>\n<p>&nbsp;<\/p>\n<h3>Principales caracter\u00edsticas y ventajas<\/h3>\n<p>The large-span prefabricated steel structure project for a stadium utilizes innovative prefabricated steel construction technology to provide robust load-bearing capacity and flexible spatial layouts. The large-span design eliminates obstructions from central columns, creating a spacious viewing area that enhances both the spectator experience and the venue\u2019s functionality.<\/p>\n<p>\u2666 150m+ clear span;<\/p>\n<p>\u2666 50% construcci\u00f3n m\u00e1s r\u00e1pida;<\/p>\n<p>\u2666 Seismic resistant;<\/p>\n<p>\u2666 Cero mantenimiento, m\u00e1s de 50 a\u00f1os;<\/p>\n<p>\u2666 Lightweight, lower foundation costs.<\/p>\n<h3>Aplicaciones<\/h3>\n<p>Precast grid steel structures for sports venues are used in the construction of various specialized sports facilities, including large-scale multi-purpose stadiums, professional soccer fields, track and field stadiums, and gymnasiums\u2014covering a wide range of venues for competitive sports and public fitness. Designed to accommodate the diverse construction needs of sports facilities, these structures provide safe, spacious, and practical spaces to support a variety of sports-related activities, such as hosting competitions, daily training, and public fitness programs.<\/p>\n<p>\u2666 Sports stadiums;<\/p>\n<p>\u2666 Multi-purpose arenas;<\/p>\n<p>\u2666 Olympic venues;<\/p>\n<p>\u2666 Concert amphitheaters;<\/p>\n<p>\u2666 Equestrian stadiums;<\/p>\n<p>\u2666 Tennis stadiums.<\/p>\n<h3>Technical Parameter<strong>s<\/strong><\/h3>\n<table border=\"1\">\n<tbody>\n<tr>\n<td>Productos<\/td>\n<td>Taller de estructuras de acero<\/td>\n<\/tr>\n<tr>\n<td>Aplicaci\u00f3n<\/td>\n<td>Taller industrial, plantas, plataforma de equipos<\/td>\n<\/tr>\n<tr>\n<td>Material principal<\/td>\n<td>Q235B(ASTM A36,S235JR), Q355B<\/td>\n<\/tr>\n<tr>\n<td>Tratamiento de superficies<\/td>\n<td>Pintura, Galvanizado<\/td>\n<\/tr>\n<tr>\n<td>Proceso<\/td>\n<td>corte, perforaci\u00f3n, montaje, soldadura, pintura\/HDG, embalaje<\/td>\n<\/tr>\n<tr>\n<td>Control de calidad<\/td>\n<td>Inspecci\u00f3n de control de calidad, inspecci\u00f3n por terceros<\/td>\n<\/tr>\n<tr>\n<td>Paquete<\/td>\n<td>Armaz\u00f3n de hierro, contenedores 40GP<\/td>\n<\/tr>\n<\/tbody>\n<\/table>\n<p>&nbsp;<\/p>\n<\/div>\n<div class=\"page-wrap template1\">\n<h3>PREGUNTAS FRECUENTES:<\/h3>\n<p><strong>\u00a0P: \u00bfCu\u00e1l es la marca del producto de estructura de acero?<\/strong><\/p>\n<p>R: La marca es Shijie Heavy Industry.<\/p>\n<p><strong>\u00a0P: \u00bfQu\u00e9 certificaciones tiene el producto Estructura de acero?<\/strong><\/p>\n<p>R: El producto est\u00e1 certificado por CE, AISC, ISO, JIS y CWB.<\/p>\n<p><strong>\u00a0P: \u00bfD\u00f3nde se fabrican las estructuras de acero?<\/strong><\/p>\n<p>R: El producto se fabrica en China.<\/p>\n<p><strong>P: \u00bfCu\u00e1les son las condiciones de pago para adquirir el producto Teel Structure?<\/strong><\/p>\n<p>R: Las condiciones de pago son T\/T (transferencia telegr\u00e1fica).<\/p>\n<p><strong>\u00a0P: \u00bfCu\u00e1l es la cantidad m\u00ednima de pedido del producto Estructura de acero?<\/strong><\/p>\n<p>R: El pedido m\u00ednimo es de 20 toneladas.<\/p>\n<\/div>","protected":false},"excerpt":{"rendered":"<p>The project features a large-span, prefabricated grid steel structure designed specifically for sports stadiums. At its core lies a grid-based steel structural system characterized by high-precision prefabricated components and ease of installation. The unique grid design ensures exceptional structural stability and durability, making it ideally suited for the construction of key structural elements in various sports venues\u2014including roofing, cantilevered eaves, and spectator stands. Prefabricated steel stadium for large-scale sports venues. Clear span up to 150m+ with portal frame or space frame roof. Steel: Q355B \/ ASTM A572 \/ S355JR. Multi-tier seating, integrated concessions. Bolted assembly, hot-dip galvanized. 50+ year life. AISC\/IBC\/Eurocode compliant.<\/p>","protected":false},"featured_media":3367,"comment_status":"open","ping_status":"closed","template":"","meta":{"_acf_changed":false},"product_brand":[],"product_cat":[29],"product_tag":[],"class_list":{"0":"post-2107","1":"product","2":"type-product","3":"status-publish","4":"has-post-thumbnail","6":"product_cat-spatial-grid-structure","8":"first","9":"instock","10":"shipping-taxable","11":"product-type-simple"},"acf":[],"_links":{"self":[{"href":"https:\/\/sdshijie.com\/es\/wp-json\/wp\/v2\/product\/2107","targetHints":{"allow":["GET"]}}],"collection":[{"href":"https:\/\/sdshijie.com\/es\/wp-json\/wp\/v2\/product"}],"about":[{"href":"https:\/\/sdshijie.com\/es\/wp-json\/wp\/v2\/types\/product"}],"replies":[{"embeddable":true,"href":"https:\/\/sdshijie.com\/es\/wp-json\/wp\/v2\/comments?post=2107"}],"wp:featuredmedia":[{"embeddable":true,"href":"https:\/\/sdshijie.com\/es\/wp-json\/wp\/v2\/media\/3367"}],"wp:attachment":[{"href":"https:\/\/sdshijie.com\/es\/wp-json\/wp\/v2\/media?parent=2107"}],"wp:term":[{"taxonomy":"product_brand","embeddable":true,"href":"https:\/\/sdshijie.com\/es\/wp-json\/wp\/v2\/product_brand?post=2107"},{"taxonomy":"product_cat","embeddable":true,"href":"https:\/\/sdshijie.com\/es\/wp-json\/wp\/v2\/product_cat?post=2107"},{"taxonomy":"product_tag","embeddable":true,"href":"https:\/\/sdshijie.com\/es\/wp-json\/wp\/v2\/product_tag?post=2107"}],"curies":[{"name":"wp","href":"https:\/\/api.w.org\/{rel}","templated":true}]}}