{"id":2104,"date":"2025-12-27T00:05:09","date_gmt":"2025-12-27T00:05:09","guid":{"rendered":"https:\/\/sdshijie.com\/?post_type=product&#038;p=2104"},"modified":"2026-01-08T06:53:25","modified_gmt":"2026-01-08T06:53:25","slug":"q235b-q355b-steel-beam-fabrication-with-painting-galvanized-surface","status":"publish","type":"product","link":"https:\/\/sdshijie.com\/es\/producto\/q235b-q355b-steel-beam-fabrication-with-painting-galvanized-surface\/","title":{"rendered":"Q235B Q355B viga de acero de fabricaci\u00f3n con la pintura de superficie galvanizada"},"content":{"rendered":"<h2>Ventaja competitiva Punzonadora Vigas met\u00e1licas de acero para edificios resistentes y duraderos<\/h2>\n<p><strong><img decoding=\"async\" class=\"lazyi\" src=\"https:\/\/www.sunwaysteel.com\/photo\/sunwaysteel\/editor\/20250401155822_12847.jpg\" alt=\"Q235B Q355B Steel Beam Fabrication With Painting Galvanized Surface 0\" \/><\/strong><\/p>\n<p><strong>Edificio con estructura de acero<\/strong><br \/>\nDise\u00f1adas para aplicaciones industriales como talleres, almacenes y f\u00e1bricas, nuestras estructuras de acero utilizan estructuras de acero perfilado con dimensiones personalizadas para satisfacer diversos requisitos espaciales. El dise\u00f1o integra puertas enrollables, ventanas de PVC y correas de acero en forma de C.Z, junto con sistemas de cubierta\/pared de panel s\u00e1ndwich o chapa de acero para una durabilidad y eficiencia t\u00e9rmica \u00f3ptimas.<\/p>\n<p><strong>Soluciones avanzadas de ingenier\u00eda<\/strong><br \/>\nAprovechando el dise\u00f1o de modelos en 3D y la fabricaci\u00f3n digital inteligente, suministramos componentes de acero fabricados con precisi\u00f3n y adaptados a las especificaciones del proyecto. Las configuraciones estructurales de alta gama garantizan la adaptabilidad a demandas industriales complejas, desde la optimizaci\u00f3n de la capacidad de carga hasta el montaje sin juntas.<\/p>\n<p><strong>Personalizaci\u00f3n integral<\/strong><br \/>\nCombinando la prefabricaci\u00f3n modular con flujos de trabajo de producci\u00f3n \u00e1giles, ofrecemos soluciones llave en mano que equilibran la rentabilidad, la rapidez de implantaci\u00f3n y el rendimiento estructural a largo plazo para instalaciones comerciales e industriales a gran escala.<\/p>\n<div dir=\"auto\" data-node=\"true\">\n<div dir=\"auto\" data-node=\"true\">\n<div class=\"_88681e8\">\n<div class=\"_217e214\"><\/div>\n<\/div>\n<pre><strong><img loading=\"lazy\" decoding=\"async\" class=\"lazyi\" src=\"https:\/\/www.sunwaysteel.com\/photo\/sunwaysteel\/editor\/20250401155822_90055.jpg\" alt=\"Q235B Q355B Steel Beam Fabrication With Painting Galvanized Surface 1\" width=\"1105\" height=\"78\" \/><\/strong><\/pre>\n<\/div>\n<\/div>\n<table style=\"height: 583px;\" border=\"1\" width=\"1108\">\n<tbody>\n<tr>\n<td>Productos<\/td>\n<td>Edificio con estructura de acero<\/td>\n<\/tr>\n<tr>\n<td>Material principal<\/td>\n<td>Q235B(ASTM A36,S235JR), Q355B<\/td>\n<\/tr>\n<tr>\n<td>Dise\u00f1o de dibujos<\/td>\n<td><span lang=\"EN-US\">AUTOCAD \/SOLIDWORKS\/TEKLA<\/span><\/td>\n<\/tr>\n<tr>\n<td>Tratamiento de superficies<\/td>\n<td>Pintura, Galvanizado<\/td>\n<\/tr>\n<tr>\n<td>Proceso de corte<\/td>\n<td><span data-slate-fragment=\"JTVCJTdCJTIydHlwZSUyMiUzQSUyMnBhcmFncmFwaCUyMiUyQyUyMmNoaWxkcmVuJTIyJTNBJTVCJTdCJTIyaWQlMjIlM0ElMjJWb0F4N0pYM3FuJTIyJTJDJTIycGFyYUlkeCUyMiUzQTAlMkMlMjJzcmMlMjIlM0ElMjJDdXR0aW5nJTNBJTIwTGFzZXIlMjBjdXR0aW5nJTJDJTIwcGxhc21hJTIwY3V0dGluZyUyQyUyMGZsYW1lJTIwY3V0dGluZyUyQyUyMG9yJTIwd2F0ZXJqZXQlMjBjdXR0aW5nJTIwZm9yJTIwaW50cmljYXRlJTIwc2hhcGVzLiUyMiUyQyUyMmRzdCUyMiUzQSUyMiVFNSU4OCU4NyVFNSU4OSVCMiVFRiVCQyU5QSVFNyU5NCVBOCVFNCVCQSU4RSVFNSVBNCU4RCVFNiU5RCU4MiVFNSVCRCVBMiVFNyU4QSVCNiVFNyU5QSU4NCVFNiVCRiU4MCVFNSU4NSU4OSVFNSU4OCU4NyVFNSU4OSVCMiVFMyU4MCU4MSVFNyVBRCU4OSVFNyVBNiVCQiVFNSVBRCU5MCVFNSU4OCU4NyVFNSU4OSVCMiVFMyU4MCU4MSVFNyU4MSVBQiVFNyU4NCVCMCVFNSU4OCU4NyVFNSU4OSVCMiVFNiU4OCU5NiVFNiVCMCVCNCVFNSVCMCU4NCVFNiVCNSU4MSVFNSU4OCU4NyVFNSU4OSVCMiVFMyU4MCU4MiUyMiUyQyUyMm1ldGFkYXRhJTIyJTNBJTIyJTIyJTJDJTIybWF0Y2hlcyUyMiUzQW51bGwlMkMlMjJtZXRhRGF0YSUyMiUzQSU1QiU1RCUyQyUyMnRleHQlMjIlM0ElMjJMYXNlciUyMGN1dHRpbmclMkMlMjBwbGFzbWElMjBjdXR0aW5nJTJDJTIwZmxhbWUlMjBjdXR0aW5nJTJDJTIwb3IlMjB3YXRlcmpldCUyMGN1dHRpbmclMjBmb3IlMjBpbnRyaWNhdGUlMjBzaGFwZXMlMjIlN0QlNUQlN0QlNUQ=\">Corte por l\u00e1ser, corte por plasma, oxicorte para formas complejas<\/span><\/td>\n<\/tr>\n<tr>\n<td>Formando<\/td>\n<td><span data-slate-fragment=\"JTVCJTdCJTIydHlwZSUyMiUzQSUyMnBhcmFncmFwaCUyMiUyQyUyMmNoaWxkcmVuJTIyJTNBJTVCJTdCJTIyaWQlMjIlM0ElMjI5WHdZdlJEdnFQJTIyJTJDJTIycGFyYUlkeCUyMiUzQTElMkMlMjJzcmMlMjIlM0ElMjJGb3JtaW5nJTNBJTIwUHJlc3MlMjBicmFraW5nJTJDJTIwcm9sbGluZyUyQyUyMGFuZCUyMGJlbmRpbmclMjB0byUyMG1lZXQlMjBjb21wbGV4JTIwc3RydWN0dXJhbCUyMGRlc2lnbnMuJTIyJTJDJTIyZHN0JTIyJTNBJTIyJUU2JTg4JTkwJUU1JTlFJThCJUVGJUJDJTlBJUU1JThFJThCJUU1JTg4JUI2JUU1JTg4JUI2JUU1JThBJUE4JUUzJTgwJTgxJUU4JUJEJUE3JUU1JTg4JUI2JUU1JTkyJThDJUU1JUJDJUFGJUU2JTlCJUIyJUVGJUJDJThDJUU0JUJCJUE1JUU2JUJCJUExJUU4JUI2JUIzJUU1JUE0JThEJUU2JTlEJTgyJUU3JTlBJTg0JUU3JUJCJTkzJUU2JTlFJTg0JUU4JUFFJUJFJUU4JUFFJUExJUUzJTgwJTgyJTIyJTJDJTIybWV0YWRhdGElMjIlM0ElMjIlMjIlMkMlMjJtYXRjaGVzJTIyJTNBbnVsbCUyQyUyMm1ldGFEYXRhJTIyJTNBJTVCJTVEJTJDJTIydGV4dCUyMiUzQSUyMnJvbGxpbmclMkMlMjBhbmQlMjBiZW5kaW5nJTIwdG8lMjBtZWV0JTIwY29tcGxleCUyMHN0cnVjdHVyYWwlMjBkZXNpZ25zJTIyJTdEJTVEJTdEJTVE\">laminado y plegado para dise\u00f1os estructurales complejos<\/span><\/td>\n<\/tr>\n<tr>\n<td>Soldadura<\/td>\n<td><span data-slate-fragment=\"JTVCJTdCJTIydHlwZSUyMiUzQSUyMnBhcmFncmFwaCUyMiUyQyUyMmNoaWxkcmVuJTIyJTNBJTVCJTdCJTIyaWQlMjIlM0ElMjJWRXExS2pFTTUwJTIyJTJDJTIycGFyYUlkeCUyMiUzQTIlMkMlMjJzcmMlMjIlM0ElMjJXZWxkaW5nJTNBJTIwSGlnaC1xdWFsaXR5JTIwd2VsZGluZyUyMChNSUclMkMlMjBUSUclMkMlMjBzdWJtZXJnZWQlMjBhcmMpJTIwZm9yJTIwcm9idXN0JTIwam9pbnRzLiUyMiUyQyUyMmRzdCUyMiUzQSUyMiVFNyU4NCU4QSVFNiU4RSVBNSVFRiVCQyU5QSVFNyU5NCVBOCVFNCVCQSU4RSVFNSU5RCU5QSVFNSU5QiVCQSVFNiU4RSVBNSVFNSVBNCVCNCVFNyU5QSU4NCVFOSVBQiU5OCVFOCVCNCVBOCVFOSU4NyU4RiVFNyU4NCU4QSVFNiU4RSVBNSVFRiVCQyU4OE1JRyVFMyU4MCU4MVRJRyVFMyU4MCU4MSVFNSU5RiU4QiVFNSVCQyVBNyVFRiVCQyU4OSVFMyU4MCU4MiUyMiUyQyUyMm1ldGFkYXRhJTIyJTNBJTIyJTIyJTJDJTIybWF0Y2hlcyUyMiUzQW51bGwlMkMlMjJtZXRhRGF0YSUyMiUzQSU1QiU1RCUyQyUyMnRleHQlMjIlM0ElMjJNSUclMkMlMjBUSUclMkMlMjBzdWJtZXJnZWQlMjBhcmMlMjIlN0QlNUQlN0QlNUQ=\">MIG, TIG, Arco sumergido<\/span><\/td>\n<\/tr>\n<tr>\n<td>Mecanizado<\/td>\n<td><span data-slate-fragment=\"JTVCJTdCJTIydHlwZSUyMiUzQSUyMnBhcmFncmFwaCUyMiUyQyUyMmNoaWxkcmVuJTIyJTNBJTVCJTdCJTIyaWQlMjIlM0ElMjJqTDVST1lnQndvJTIyJTJDJTIycGFyYUlkeCUyMiUzQTMlMkMlMjJzcmMlMjIlM0ElMjJNYWNoaW5pbmclM0ElMjBEcmlsbGluZyUyQyUyMG1pbGxpbmclMkMlMjBhbmQlMjB0aHJlYWRpbmclMjBmb3IlMjBwcmVjaXNlJTIwZml0dGluZ3MuJTIyJTJDJTIyZHN0JTIyJTNBJTIyJUU2JTlDJUJBJUU2JUEyJUIwJUU1JThBJUEwJUU1JUI3JUE1JUVGJUJDJTlBJUU3JTk0JUE4JUU0JUJBJThFJUU3JUIyJUJFJUU1JUFGJTg2JUU5JTg1JThEJUU0JUJCJUI2JUU3JTlBJTg0JUU5JTkyJUJCJUU1JUFEJTk0JUUzJTgwJTgxJUU5JTkzJUEzJUU1JTg5JThBJUU1JTkyJThDJUU4JTlFJUJBJUU3JUJBJUI5JUU1JThBJUEwJUU1JUI3JUE1JUUzJTgwJTgyJTIyJTJDJTIybWV0YWRhdGElMjIlM0ElMjIlMjIlMkMlMjJtYXRjaGVzJTIyJTNBbnVsbCUyQyUyMm1ldGFEYXRhJTIyJTNBJTVCJTVEJTJDJTIydGV4dCUyMiUzQSUyMkRyaWxsaW5nJTJDJTIwbWlsbGluZyUyQyUyMGFuZCUyMHRocmVhZGluZyUyMGZvciUyMHByZWNpc2UlMjBmaXR0aW5ncyUyMiU3RCU1RCU3RCU1RA==\">Taladrado, fresado para accesorios precisos<\/span><\/td>\n<\/tr>\n<\/tbody>\n<\/table>\n<div>\n<div data-target-id=\"message-box-target-id\" data-testid=\"union_message\">\n<div data-testid=\"message-block-container\">\n<div data-testid=\"receive_message\">\n<div data-testid=\"suggest_message_list\">\n<div data-testid=\"suggest_message_item\">\n<p><img loading=\"lazy\" decoding=\"async\" class=\"lazyi\" src=\"https:\/\/www.sunwaysteel.com\/photo\/sunwaysteel\/editor\/20250408095415_34009.jpg\" alt=\"Q235B Q355B Steel Beam Fabrication With Painting Galvanized Surface 2\" width=\"1127\" height=\"1006\" \/><\/p>\n<\/div>\n<\/div>\n<\/div>\n<\/div>\n<\/div>\n<\/div>\n<p>&nbsp;<\/p>\n<p><strong><img loading=\"lazy\" decoding=\"async\" class=\"lazyi\" src=\"https:\/\/www.sunwaysteel.com\/photo\/sunwaysteel\/editor\/20250401155823_63580.jpg\" alt=\"Q235B Q355B Steel Beam Fabrication With Painting Galvanized Surface 3\" width=\"1174\" height=\"870\" \/><\/strong><\/p>\n<p>&nbsp;<\/p>\n<p><strong>Ventaja competitiva<\/strong><\/p>\n<div>\n<div id=\"message-359536589811\" data-complete=\"true\">\n<p>Adem\u00e1s de la l\u00ednea de producci\u00f3n autom\u00e1tica inteligente para viga en H y columna de caja, Sunway est\u00e1 bien equipada con l\u00ednea de corte sint\u00e9tico PKG, m\u00e1quina de corte por l\u00e1ser, m\u00e1quina de soldadura robotizada, m\u00e1quina de sierra, m\u00e1quina de perforaci\u00f3n, m\u00e1quina de prensa hidr\u00e1ulica, m\u00e1quina de punzonado, realizar la escala y la producci\u00f3n de alta eficiencia de la f\u00e1brica de fabricaci\u00f3n inteligente.<\/p>\n<p>Se est\u00e1 desarrollando un sistema MES personalizado que combina TEKLA, Solidworks y el software MES normal para conseguir un control din\u00e1mico centralizado de todo el proceso de dise\u00f1o, producci\u00f3n y montaje de pedidos, logrando una trazabilidad completa de los ciclos de los componentes del producto.<\/p>\n<p><span lang=\"EN-US\">SUNWAY presenta el software de dise\u00f1o 3D l\u00edder del sector, que cuenta con una potente funci\u00f3n de dise\u00f1o param\u00e9trico y visualizaci\u00f3n de efectos. A trav\u00e9s de este software, los dise\u00f1adores pueden construir r\u00e1pidamente modelos de estructuras de acero complejas, simular el rendimiento estructural en diferentes condiciones de trabajo, identificar y resolver problemas potenciales con antelaci\u00f3n.<\/span><\/p>\n<\/div>\n<\/div>\n<div>\n<div>\n<div>\n<p class=\"marklang-paragraph\"><img loading=\"lazy\" decoding=\"async\" class=\"lazyi\" src=\"https:\/\/www.sunwaysteel.com\/photo\/sunwaysteel\/editor\/20250325162608_17862.jpg\" alt=\"Q235B Q355B Steel Beam Fabrication With Painting Galvanized Surface 4\" width=\"1334\" height=\"612\" \/><\/p>\n<p class=\"marklang-paragraph\"><img loading=\"lazy\" decoding=\"async\" class=\"lazyi\" src=\"https:\/\/www.sunwaysteel.com\/photo\/sunwaysteel\/editor\/20250325162609_59912.jpg\" alt=\"Q235B Q355B Steel Beam Fabrication With Painting Galvanized Surface 5\" width=\"1179\" height=\"697\" \/><\/p>\n<p class=\"marklang-paragraph\"><img loading=\"lazy\" decoding=\"async\" class=\"lazyi\" src=\"https:\/\/www.sunwaysteel.com\/photo\/sunwaysteel\/editor\/20250325162609_64069.jpg\" alt=\"Q235B Q355B Steel Beam Fabrication With Painting Galvanized Surface 6\" width=\"1225\" height=\"1193\" \/><\/p>\n<\/div>\n<\/div>\n<\/div>","protected":false},"excerpt":{"rendered":"<p>Dise\u00f1adas para aplicaciones industriales como talleres, almacenes y f\u00e1bricas, nuestras estructuras de acero utilizan estructuras de acero perfilado con dimensiones personalizadas para satisfacer diversos requisitos espaciales. El dise\u00f1o integra puertas enrollables, ventanas de PVC y correas de acero en forma de C.Z, junto con sistemas de cubierta\/pared de panel s\u00e1ndwich o chapa de acero para una durabilidad y eficiencia t\u00e9rmica \u00f3ptimas.<\/p>","protected":false},"featured_media":2591,"comment_status":"open","ping_status":"closed","template":"","meta":{"_acf_changed":false},"product_brand":[],"product_cat":[32],"product_tag":[],"class_list":{"0":"post-2104","1":"product","2":"type-product","3":"status-publish","4":"has-post-thumbnail","6":"product_cat-high-rise-steel-structure-manufacturing","8":"first","9":"instock","10":"shipping-taxable","11":"product-type-simple"},"acf":[],"_links":{"self":[{"href":"https:\/\/sdshijie.com\/es\/wp-json\/wp\/v2\/product\/2104","targetHints":{"allow":["GET"]}}],"collection":[{"href":"https:\/\/sdshijie.com\/es\/wp-json\/wp\/v2\/product"}],"about":[{"href":"https:\/\/sdshijie.com\/es\/wp-json\/wp\/v2\/types\/product"}],"replies":[{"embeddable":true,"href":"https:\/\/sdshijie.com\/es\/wp-json\/wp\/v2\/comments?post=2104"}],"wp:featuredmedia":[{"embeddable":true,"href":"https:\/\/sdshijie.com\/es\/wp-json\/wp\/v2\/media\/2591"}],"wp:attachment":[{"href":"https:\/\/sdshijie.com\/es\/wp-json\/wp\/v2\/media?parent=2104"}],"wp:term":[{"taxonomy":"product_brand","embeddable":true,"href":"https:\/\/sdshijie.com\/es\/wp-json\/wp\/v2\/product_brand?post=2104"},{"taxonomy":"product_cat","embeddable":true,"href":"https:\/\/sdshijie.com\/es\/wp-json\/wp\/v2\/product_cat?post=2104"},{"taxonomy":"product_tag","embeddable":true,"href":"https:\/\/sdshijie.com\/es\/wp-json\/wp\/v2\/product_tag?post=2104"}],"curies":[{"name":"wp","href":"https:\/\/api.w.org\/{rel}","templated":true}]}}