{"id":2085,"date":"2025-12-26T17:37:39","date_gmt":"2025-12-26T17:37:39","guid":{"rendered":"https:\/\/sdshijie.com\/?post_type=product&#038;p=2085"},"modified":"2025-12-27T03:30:27","modified_gmt":"2025-12-27T03:30:27","slug":"prefabricated-high-rise-steel-building-structural-steel-building-ce-aisc-jis-cwb","status":"publish","type":"product","link":"https:\/\/sdshijie.com\/es\/producto\/prefabricated-high-rise-steel-building-structural-steel-building-ce-aisc-jis-cwb\/","title":{"rendered":"Edificio prefabricado de acero de gran altura Edificio de acero estructural CE AISC JIS CWB"},"content":{"rendered":"<div class=\"title\">\n<div class=\"first-title\">Descripci\u00f3n del producto<\/div>\n<\/div>\n<div class=\"desc-wrap\">\n<div class=\"ds-markdown ds-markdown--block\"><\/div>\n<div class=\"ds-flex\">\n<div class=\"ds-flex abe97156\">\n<div class=\"ds-icon-button\" tabindex=\"0\">\n<div class=\"ds-icon\">\n<div class=\"title\"><\/div>\n<div class=\"desc-wrap\">\n<div class=\"page-wrap template1\">\n<div>\n<div data-slate-node=\"element\">\n<div data-line=\"true\" data-line-index=\"0\" data-zone-id=\"0\">\n<div data-line=\"true\" data-line-index=\"0\" data-zone-id=\"0\">\n<h2 dir=\"auto\" data-node=\"true\">Edificio de acero de gran altura Edificio prefabricado de acero estructural CE AISC JIS CWB<\/h2>\n<div dir=\"auto\" data-node=\"true\"><\/div>\n<div dir=\"auto\" data-node=\"true\">Descripci\u00f3n del producto:<\/div>\n<div dir=\"auto\" data-node=\"true\">Los edificios de acero Sunway ofrecen una soluci\u00f3n de dise\u00f1o, fabricaci\u00f3n e instalaci\u00f3n sin fisuras, adaptada a sus necesidades espec\u00edficas. Utilizando t\u00e9cnicas de fabricaci\u00f3n avanzadas y materiales de alta calidad, garantizamos precisi\u00f3n, durabilidad y un montaje eficaz. Desde el concepto hasta la finalizaci\u00f3n, ofrecemos estructuras de acero para talleres totalmente funcionales, rentables y duraderas.<\/div>\n<\/div>\n<\/div>\n<\/div>\n<\/div>\n<h3>Par\u00e1metros t\u00e9cnicos<\/h3>\n<table border=\"1\">\n<tbody>\n<tr>\n<td>Productos<\/td>\n<td>Edificio de acero de gran altura<\/td>\n<\/tr>\n<tr>\n<td>Aplicaci\u00f3n<\/td>\n<td>Construcci\u00f3n de edificios<\/td>\n<\/tr>\n<tr>\n<td>Material principal<\/td>\n<td>Q235B(ASTM A36,S235JR), Q355B<\/td>\n<\/tr>\n<tr>\n<td>Tratamiento de superficies<\/td>\n<td>Pintura, Galvanizado<\/td>\n<\/tr>\n<tr>\n<td>Proceso<\/td>\n<td>corte, perforaci\u00f3n, montaje, soldadura, pintura\/HDG, embalaje<\/td>\n<\/tr>\n<tr>\n<td>Control de calidad<\/td>\n<td>Inspecci\u00f3n de control de calidad, inspecci\u00f3n por terceros<\/td>\n<\/tr>\n<tr>\n<td>Paquete<\/td>\n<td>Break Bulk,Marco de hierro<\/td>\n<\/tr>\n<\/tbody>\n<\/table>\n<\/div>\n<div class=\"page-wrap template1\">\n<h3>Aplicaci\u00f3n:<\/h3>\n<div dir=\"auto\" data-node=\"true\">\n<div><\/div>\n<\/div>\n<h3>Embalaje y env\u00edo:<\/h3>\n<p>La estructura de acero se embalar\u00e1 cuidadosamente para garantizar una entrega segura a nuestros clientes. Se envolver\u00e1 de forma segura en materiales protectores y se colocar\u00e1 en una caja de madera resistente para evitar cualquier da\u00f1o durante el transporte.<br \/>\nPara el env\u00edo, nos asociamos con transportistas de confianza para garantizar una entrega puntual y eficaz. El producto se enviar\u00e1 a la direcci\u00f3n indicada por el cliente, con informaci\u00f3n de seguimiento para facilitar el control del estado del env\u00edo.<\/p>\n<p><img loading=\"lazy\" decoding=\"async\" class=\"lazyi\" src=\"https:\/\/www.sunwaysteel.com\/test\/sunwaysteel.com\/photo\/pl203711500-remark.jpg\" alt=\"Prefabricated High Rise Steel Building Structural Steel Building CE AISC JIS CWB 0\" width=\"959\" height=\"959\" \/><\/p>\n<h3>PREGUNTAS FRECUENTES:<\/h3>\n<p><strong>\u00a0P: \u00bfCu\u00e1l es la marca del producto de estructura de acero?<\/strong><br \/>\nR: La marca es Shijie Heavy Industry.<br \/>\n<strong>\u00a0P: \u00bfQu\u00e9 certificaciones tiene el producto Estructura de acero?<\/strong><br \/>\nR: El producto est\u00e1 certificado por CE, AISC, ISO, JIS y CWB.<br \/>\n<strong>\u00a0P: \u00bfD\u00f3nde se fabrican las estructuras de acero?<\/strong><br \/>\nR: El producto se fabrica en China.<br \/>\n<strong>P: \u00bfCu\u00e1les son las condiciones de pago para adquirir el producto Teel Structure?<\/strong><br \/>\nR: Las condiciones de pago son T\/T (transferencia telegr\u00e1fica).<br \/>\n<strong>\u00a0P: \u00bfCu\u00e1l es la cantidad m\u00ednima de pedido del producto Estructura de acero?<\/strong><br \/>\nR: El pedido m\u00ednimo es de 20 toneladas.<\/p>\n<\/div>\n<\/div>\n<\/div>\n<\/div>\n<\/div>\n<\/div>\n<\/div>","protected":false},"excerpt":{"rendered":"<p>Product Description High Rise Steel Building Prefabricated Structural Steel Building CE AISC JIS CWB Product Description: Sunway steel building offer a seamless design, manufacturing, and installation solution, tailored to your specific needs. Using advanced fabrication techniques and high-quality materials, we ensure precision, durability, and efficient assembly. From concept to completion, we deliver fully functional, cost-effective, [&hellip;]<\/p>\n","protected":false},"featured_media":335,"comment_status":"open","ping_status":"closed","template":"","meta":{"_acf_changed":false},"product_brand":[],"product_cat":[32],"product_tag":[],"class_list":{"0":"post-2085","1":"product","2":"type-product","3":"status-publish","4":"has-post-thumbnail","6":"product_cat-high-rise-steel-structure-manufacturing","8":"first","9":"instock","10":"shipping-taxable","11":"product-type-simple"},"acf":[],"_links":{"self":[{"href":"https:\/\/sdshijie.com\/es\/wp-json\/wp\/v2\/product\/2085","targetHints":{"allow":["GET"]}}],"collection":[{"href":"https:\/\/sdshijie.com\/es\/wp-json\/wp\/v2\/product"}],"about":[{"href":"https:\/\/sdshijie.com\/es\/wp-json\/wp\/v2\/types\/product"}],"replies":[{"embeddable":true,"href":"https:\/\/sdshijie.com\/es\/wp-json\/wp\/v2\/comments?post=2085"}],"wp:featuredmedia":[{"embeddable":true,"href":"https:\/\/sdshijie.com\/es\/wp-json\/wp\/v2\/media\/335"}],"wp:attachment":[{"href":"https:\/\/sdshijie.com\/es\/wp-json\/wp\/v2\/media?parent=2085"}],"wp:term":[{"taxonomy":"product_brand","embeddable":true,"href":"https:\/\/sdshijie.com\/es\/wp-json\/wp\/v2\/product_brand?post=2085"},{"taxonomy":"product_cat","embeddable":true,"href":"https:\/\/sdshijie.com\/es\/wp-json\/wp\/v2\/product_cat?post=2085"},{"taxonomy":"product_tag","embeddable":true,"href":"https:\/\/sdshijie.com\/es\/wp-json\/wp\/v2\/product_tag?post=2085"}],"curies":[{"name":"wp","href":"https:\/\/api.w.org\/{rel}","templated":true}]}}