{"id":2000,"date":"2025-12-26T13:49:13","date_gmt":"2025-12-26T13:49:13","guid":{"rendered":"https:\/\/sdshijie.com\/?post_type=product&#038;p=2000"},"modified":"2026-03-27T05:44:08","modified_gmt":"2026-03-27T05:44:08","slug":"steel-structure-bridge-manufacturer-highway-railway-pedestrian-bridge-solutions","status":"publish","type":"product","link":"https:\/\/sdshijie.com\/es\/producto\/steel-structure-bridge-manufacturer-highway-railway-pedestrian-bridge-solutions\/","title":{"rendered":"Ingenier\u00eda municipal Puente de estructura de acero"},"content":{"rendered":"<h2>Grandes puentes municipales de acero<\/h2>\n<p>&nbsp;<\/p>\n<h3>Principales caracter\u00edsticas y ventajas<\/h3>\n<p>Construido con acero de alta resistencia, presenta una estructura robusta que es segura y fiable, con una excelente resistencia al viento y a los terremotos; prefabricado en f\u00e1brica y montado in situ, garantiza una construcci\u00f3n eficiente con interrupciones m\u00ednimas, cumpliendo los requisitos de planificaci\u00f3n de los proyectos municipales; con tratamiento anticorrosi\u00f3n profesional, es duradero y f\u00e1cil de mantener, lo que lo convierte en la opci\u00f3n preferida para infraestructuras municipales.<\/p>\n<h3>Aplicaciones<\/h3>\n<p>Elevada capacidad de carga, breve plazo de construcci\u00f3n, resistencia s\u00edsmica y al viento superior y sostenibilidad medioambiental. Estas caracter\u00edsticas satisfacen la creciente demanda de infraestructuras de transporte en medio de la urbanizaci\u00f3n y proporcionan corredores de transporte estables y fiables incluso en terrenos complejos y entornos dif\u00edciles.<\/p>\n<h3>Par\u00e1metros del producto<\/h3>","protected":false},"excerpt":{"rendered":"<p>Los puentes con estructura de acero para ingenier\u00eda municipal son el n\u00facleo de la moderna infraestructura de puentes urbanos. Dise\u00f1ados para aplicaciones como puentes de autopista, puentes ferroviarios, pasos elevados para peatones y puentes elevados, equilibran la funcionalidad y la seguridad con la armon\u00eda con el paisaje urbano, contribuyendo as\u00ed a la modernizaci\u00f3n del transporte urbano y a la mejora de las infraestructuras. Mediante un modelo de construcci\u00f3n prefabricada que combina componentes hechos en f\u00e1brica con el montaje in situ, este enfoque permite la producci\u00f3n estandarizada y la r\u00e1pida instalaci\u00f3n de los elementos de construcci\u00f3n. Adem\u00e1s de garantizar la seguridad del tr\u00e1fico, se integra perfectamente en el paisaje arquitect\u00f3nico de la ciudad, mejorando la imagen general de la zona.<\/p>","protected":false},"featured_media":3138,"comment_status":"open","ping_status":"closed","template":"","meta":{"_acf_changed":false},"product_brand":[],"product_cat":[31],"product_tag":[],"class_list":{"0":"post-2000","1":"product","2":"type-product","3":"status-publish","4":"has-post-thumbnail","6":"product_cat-bridge-engineering","8":"first","9":"instock","10":"shipping-taxable","11":"product-type-simple"},"acf":[],"_links":{"self":[{"href":"https:\/\/sdshijie.com\/es\/wp-json\/wp\/v2\/product\/2000","targetHints":{"allow":["GET"]}}],"collection":[{"href":"https:\/\/sdshijie.com\/es\/wp-json\/wp\/v2\/product"}],"about":[{"href":"https:\/\/sdshijie.com\/es\/wp-json\/wp\/v2\/types\/product"}],"replies":[{"embeddable":true,"href":"https:\/\/sdshijie.com\/es\/wp-json\/wp\/v2\/comments?post=2000"}],"wp:featuredmedia":[{"embeddable":true,"href":"https:\/\/sdshijie.com\/es\/wp-json\/wp\/v2\/media\/3138"}],"wp:attachment":[{"href":"https:\/\/sdshijie.com\/es\/wp-json\/wp\/v2\/media?parent=2000"}],"wp:term":[{"taxonomy":"product_brand","embeddable":true,"href":"https:\/\/sdshijie.com\/es\/wp-json\/wp\/v2\/product_brand?post=2000"},{"taxonomy":"product_cat","embeddable":true,"href":"https:\/\/sdshijie.com\/es\/wp-json\/wp\/v2\/product_cat?post=2000"},{"taxonomy":"product_tag","embeddable":true,"href":"https:\/\/sdshijie.com\/es\/wp-json\/wp\/v2\/product_tag?post=2000"}],"curies":[{"name":"wp","href":"https:\/\/api.w.org\/{rel}","templated":true}]}}