{"id":1990,"date":"2025-12-26T13:42:28","date_gmt":"2025-12-26T13:42:28","guid":{"rendered":"https:\/\/sdshijie.com\/?post_type=product&#038;p=1990"},"modified":"2026-04-21T06:17:59","modified_gmt":"2026-04-21T06:17:59","slug":"steel-truss-structure-manufacturer-long-span-industrial-steel-solutions","status":"publish","type":"product","link":"https:\/\/sdshijie.com\/es\/producto\/steel-truss-structure-manufacturer-long-span-industrial-steel-solutions\/","title":{"rendered":"Fabricante profesional de estructuras de acero\uff06Vigas de acero para edificios industriales"},"content":{"rendered":"<h2>Dise\u00f1o y fabricaci\u00f3n de cerchas industriales de acero<\/h2>\n<p>&nbsp;<\/p>\n<h3>Principales caracter\u00edsticas y ventajas<\/h3>\n<p>Como fabricante profesional de estructuras de acero, las cerchas de acero para edificios industriales que producimos pueden lograr mayores espacios sin columnas. El peso propio estructural es razonable y la rigidez general es suficiente. El proceso de instalaci\u00f3n es eficiente y sencillo. Grandes luces, espacios abiertos, peso propio ligero, alta resistencia y construcci\u00f3n r\u00e1pida; la estructura general presenta un dise\u00f1o de carga racional, un excelente comportamiento s\u00edsmico y una gran seguridad y estabilidad. Adem\u00e1s, la combinaci\u00f3n de prefabricaci\u00f3n en f\u00e1brica y montaje in situ acorta considerablemente el calendario de construcci\u00f3n y reduce los costes.<\/p>\n<h3><b><\/b>Aplicaciones<\/h3>\n<p>Las cerchas de acero, como estructura portante clave en los edificios industriales, se utilizan ampliamente en proyectos de construcci\u00f3n como f\u00e1bricas de grandes luces, almacenes e instalaciones industriales. Son f\u00e1ciles de instalar y proporcionan un soporte estructural fiable para los edificios industriales. El uso de dise\u00f1os estandarizados y componentes prefabricados acorta significativamente el calendario de construcci\u00f3n y reduce los costes totales de construcci\u00f3n.<\/p>","protected":false},"excerpt":{"rendered":"<p>Los edificios industriales con cerchas de acero se refieren a plantas industriales, almacenes, talleres y locales industriales que utilizan cerchas de acero como estructura portante principal. Estas estructuras emplean elementos estructurales de acero soldados o atornillados entre s\u00ed para formar un armaz\u00f3n portante tipo celos\u00eda, que soporta el tejado, las paredes y las cargas estructurales generales. Caracterizada por sus espacios abiertos y la ausencia de columnas interiores innecesarias, esta forma estructural es la m\u00e1s utilizada y ofrece una relaci\u00f3n calidad-precio excepcional en la arquitectura industrial moderna.<\/p>","protected":false},"featured_media":5079,"comment_status":"open","ping_status":"closed","template":"","meta":{"_acf_changed":false},"product_brand":[],"product_cat":[30],"product_tag":[],"class_list":{"0":"post-1990","1":"product","2":"type-product","3":"status-publish","4":"has-post-thumbnail","6":"product_cat-steel-truss","8":"first","9":"instock","10":"shipping-taxable","11":"product-type-simple"},"acf":[],"_links":{"self":[{"href":"https:\/\/sdshijie.com\/es\/wp-json\/wp\/v2\/product\/1990","targetHints":{"allow":["GET"]}}],"collection":[{"href":"https:\/\/sdshijie.com\/es\/wp-json\/wp\/v2\/product"}],"about":[{"href":"https:\/\/sdshijie.com\/es\/wp-json\/wp\/v2\/types\/product"}],"replies":[{"embeddable":true,"href":"https:\/\/sdshijie.com\/es\/wp-json\/wp\/v2\/comments?post=1990"}],"wp:featuredmedia":[{"embeddable":true,"href":"https:\/\/sdshijie.com\/es\/wp-json\/wp\/v2\/media\/5079"}],"wp:attachment":[{"href":"https:\/\/sdshijie.com\/es\/wp-json\/wp\/v2\/media?parent=1990"}],"wp:term":[{"taxonomy":"product_brand","embeddable":true,"href":"https:\/\/sdshijie.com\/es\/wp-json\/wp\/v2\/product_brand?post=1990"},{"taxonomy":"product_cat","embeddable":true,"href":"https:\/\/sdshijie.com\/es\/wp-json\/wp\/v2\/product_cat?post=1990"},{"taxonomy":"product_tag","embeddable":true,"href":"https:\/\/sdshijie.com\/es\/wp-json\/wp\/v2\/product_tag?post=1990"}],"curies":[{"name":"wp","href":"https:\/\/api.w.org\/{rel}","templated":true}]}}