{"id":1840,"date":"2025-12-26T01:38:25","date_gmt":"2025-12-26T01:38:25","guid":{"rendered":"https:\/\/sdshijie.com\/?post_type=product&#038;p=1840"},"modified":"2026-03-27T01:11:50","modified_gmt":"2026-03-27T01:11:50","slug":"portal-frame-steel-structure-manufacturer-steel-structure-factory-warehouse-solutions-l","status":"publish","type":"product","link":"https:\/\/sdshijie.com\/es\/producto\/portal-frame-steel-structure-manufacturer-steel-structure-factory-warehouse-solutions-l\/","title":{"rendered":"Portal de estructuras de acero y taller de f\u00e1brica de estructuras de acero"},"content":{"rendered":"<h2>P\u00f3rtico de instalaci\u00f3n r\u00e1pida Taller de estructuras de acero<\/h2>\n<p>&nbsp;<\/p>\n<h3>Principales caracter\u00edsticas y ventajas<\/h3>\n<p>Los talleres industriales con estructura de acero tipo p\u00f3rtico ofrecen ventajas significativas. Su dise\u00f1o de gran envergadura y sin columnas elimina las limitaciones espaciales, proporcionando un entorno ideal para la fabricaci\u00f3n de equipos pesados y maximizando la utilizaci\u00f3n del espacio. El modelo de prefabricaci\u00f3n en f\u00e1brica y montaje in situ acorta los plazos de construcci\u00f3n. El acero combina una gran resistencia con propiedades ligeras, lo que le permite soportar con seguridad cargas pesadas al tiempo que reduce las cargas de cimentaci\u00f3n, por lo que resulta adecuado para una amplia gama de condiciones geol\u00f3gicas.<\/p>\n<p>\u2666 20-30% menos acero, dise\u00f1o optimizado;<\/p>\n<p>\u2666 Vano libre de 60m+;Gr\u00faa preparada (5-100T);<\/p>\n<p>\u2666 50% construcci\u00f3n m\u00e1s r\u00e1pida;<\/p>\n<p>\u2666 Cero mantenimiento, m\u00e1s de 50 a\u00f1os;<\/p>\n<p>\u2666 Totalmente personalizable;<\/p>\n<p>Cumple la normativa AISC\/IBC.<\/p>\n<h3>Aplicaciones<\/h3>\n<p>Los talleres industriales con estructura de acero se centran directamente en los requisitos industriales b\u00e1sicos; aprovechando dise\u00f1os amplios y sin columnas, alojan sin esfuerzo maquinaria pesada y l\u00edneas de producci\u00f3n de alta eficiencia, proporcionando entornos de fabricaci\u00f3n espaciosos y adaptables para sectores como la fabricaci\u00f3n de equipos y la log\u00edstica. Respaldadas por una experiencia especializada en estructuras de acero -que abarca desde la mejora de la calidad de las entradas a los edificios hasta la potenciaci\u00f3n de la producci\u00f3n industrial a trav\u00e9s de una utilizaci\u00f3n optimizada del espacio-, estas estructuras ofrecen una personalizaci\u00f3n flexible, durabilidad y estabilidad para satisfacer con precisi\u00f3n las diversas necesidades de los distintos escenarios operativos.<\/p>\n<p>\u2666 Plantas de fabricaci\u00f3n;<\/p>\n<p>Almacenes y log\u00edstica;<\/p>\n<p>\u2666 Almacenamiento en fr\u00edo;<\/p>\n<p>\u2666 Talleres de fabricaci\u00f3n;<\/p>\n<p>\u2666 Almacenamiento de productos qu\u00edmicos;<\/p>\n<p>\u2666 Cobertizos agr\u00edcolas;<\/p>\n<p>\u2666 Salas de exposiciones y deportes.<\/p>\n<p>&nbsp;<\/p>\n<h3>Par\u00e1metros del producto<\/h3>","protected":false},"excerpt":{"rendered":"<p>La estructura de acero de p\u00f3rtico y el taller de f\u00e1brica de estructura de acero combinan un dise\u00f1o mec\u00e1nico preciso con las ventajas de la resistencia a la compresi\u00f3n y al viento, as\u00ed como un montaje r\u00e1pido modular. Los talleres de f\u00e1brica de estructuras de acero cuentan con espacios de grandes luces y sin columnas que dan cabida a equipos de gran tonelaje y permiten una producci\u00f3n eficiente. La combinaci\u00f3n de prefabricaci\u00f3n en f\u00e1brica y montaje in situ acelera la construcci\u00f3n, mientras que el acero de alta resistencia a la corrosi\u00f3n garantiza la estabilidad a largo plazo. Adaptadas a las necesidades industriales, estas estructuras utilizan tecnolog\u00eda profesional de construcci\u00f3n en acero para sentar unas bases s\u00f3lidas tanto para espacios arquitect\u00f3nicos como industriales. Sistema de p\u00f3rtico r\u00edgido con pilares y vigas de secci\u00f3n en H (Q355B\/ASTM A572). Perfiles soldados o laminados en caliente, uniones atornilladas. Correas C\/Z secundarias. Precisi\u00f3n CNC, acabado granallado, epoxi o galvanizado. Luz 10-60m (simple), 60-120m+ (multipiso). Altura de alero de 4-20 m. Preparadas para gr\u00faa (5-100T). Vida \u00fatil de m\u00e1s de 50 a\u00f1os. Conforme a AISC\/IBC\/MBMA.<\/p>","protected":false},"featured_media":3358,"comment_status":"open","ping_status":"closed","template":"","meta":{"_acf_changed":false},"product_brand":[],"product_cat":[26],"product_tag":[],"class_list":{"0":"post-1840","1":"product","2":"type-product","3":"status-publish","4":"has-post-thumbnail","6":"product_cat-portal-steel-structure","8":"first","9":"instock","10":"shipping-taxable","11":"product-type-simple"},"acf":[],"_links":{"self":[{"href":"https:\/\/sdshijie.com\/es\/wp-json\/wp\/v2\/product\/1840","targetHints":{"allow":["GET"]}}],"collection":[{"href":"https:\/\/sdshijie.com\/es\/wp-json\/wp\/v2\/product"}],"about":[{"href":"https:\/\/sdshijie.com\/es\/wp-json\/wp\/v2\/types\/product"}],"replies":[{"embeddable":true,"href":"https:\/\/sdshijie.com\/es\/wp-json\/wp\/v2\/comments?post=1840"}],"wp:featuredmedia":[{"embeddable":true,"href":"https:\/\/sdshijie.com\/es\/wp-json\/wp\/v2\/media\/3358"}],"wp:attachment":[{"href":"https:\/\/sdshijie.com\/es\/wp-json\/wp\/v2\/media?parent=1840"}],"wp:term":[{"taxonomy":"product_brand","embeddable":true,"href":"https:\/\/sdshijie.com\/es\/wp-json\/wp\/v2\/product_brand?post=1840"},{"taxonomy":"product_cat","embeddable":true,"href":"https:\/\/sdshijie.com\/es\/wp-json\/wp\/v2\/product_cat?post=1840"},{"taxonomy":"product_tag","embeddable":true,"href":"https:\/\/sdshijie.com\/es\/wp-json\/wp\/v2\/product_tag?post=1840"}],"curies":[{"name":"wp","href":"https:\/\/api.w.org\/{rel}","templated":true}]}}