{"id":1805,"date":"2025-12-25T01:51:44","date_gmt":"2025-12-25T01:51:44","guid":{"rendered":"https:\/\/sdshijie.com\/?post_type=product&#038;p=1805"},"modified":"2026-03-27T01:18:27","modified_gmt":"2026-03-27T01:18:27","slug":"customized-industrial-steel-structure-aviation-buildings-for-airbus-hanger","status":"publish","type":"product","link":"https:\/\/sdshijie.com\/es\/producto\/customized-industrial-steel-structure-aviation-buildings-for-airbus-hanger\/","title":{"rendered":"Estructura de acero para p\u00f3rticos y kits de construcci\u00f3n industrial de dise\u00f1o personalizable"},"content":{"rendered":"<div class=\"ecer-main-w\">\n<div class=\"product_detailmain_width chai_product_detailmain_lr\">\n<div class=\"right_main\">\n<section id=\"sention2\">\n<div class=\"remark\">\n<h2>Kits de construcci\u00f3n de acero para p\u00f3rticos<\/h2>\n<p>&nbsp;<\/p>\n<h3>Principales caracter\u00edsticas y ventajas<\/h3>\n<p>Los kits de construcci\u00f3n de estructuras de acero de p\u00f3rtico ofrecen una versatilidad excepcional; sus componentes pueden estandarizarse y producirse en serie, lo que acorta significativamente los ciclos de entrega. Las estructuras presentan una excelente estabilidad, resistiendo la deformaci\u00f3n incluso tras un uso prolongado, y s\u00f3lo requieren un mantenimiento sencillo a lo largo del tiempo. Adem\u00e1s, permiten la personalizaci\u00f3n bajo demanda de dimensiones, luces y estilos est\u00e9ticos, satisfaciendo eficazmente los diversos requisitos de las aplicaciones industriales, de almacenamiento y comerciales. Esto las convierte en una soluci\u00f3n muy eficaz y pr\u00e1ctica para la construcci\u00f3n prefabricada.<\/p>\n<p>\u2666 Kit completo, listo para montar;<\/p>\n<p>Vano libre de m\u00e1s de 60 m;<\/p>\n<p>\u2666 50% construcci\u00f3n m\u00e1s r\u00e1pida;<\/p>\n<p>\u2666 Cero mantenimiento, m\u00e1s de 50 a\u00f1os;<\/p>\n<p>\u2666 Totalmente personalizable.<\/p>\n<h3><strong><b>Aplicaciones<\/b><\/strong><\/h3>\n<p>Los kits de componentes de construcci\u00f3n de p\u00f3rticos de acero son adecuados para una amplia gama de aplicaciones, y su dise\u00f1o modular permite un montaje r\u00e1pido. Los materiales de alta resistencia no s\u00f3lo proporcionan una base estructural s\u00f3lida para edificios residenciales y campus, sino que tambi\u00e9n permiten crear porches personalizados para espacios comerciales que combinan una est\u00e9tica de primera calidad con un dise\u00f1o distintivo. Con su adaptabilidad flexible y su robusta capacidad de carga, estos kits ofrecen soluciones espaciales pr\u00e1cticas y visualmente atractivas para entradas de edificios de todo tipo.<\/p>\n<p>\u2666 Talleres;<\/p>\n<p>\u2666 Almacenes;<\/p>\n<p>\u2666 Almacenamiento agr\u00edcola;<\/p>\n<p>\u2666 Centros log\u00edsticos;<\/p>\n<p>\u2666 Almacenamiento en fr\u00edo;<\/p>\n<p>\u2666 Mantenimiento del veh\u00edculo.<\/p>\n<h3>Par\u00e1metros del producto<\/h3>\n<table border=\"1\">\n<colgroup>\n<col \/>\n<col \/>\n<col \/>\n<col \/><\/colgroup>\n<tbody>\n<tr>\n<td>Galvanizaci\u00f3n en caliente<\/td>\n<td>Vigas y columnas de acero<\/td>\n<td>Pulverizaci\u00f3n de pintura<\/td>\n<td>Vigas y columnas de acero<\/td>\n<\/tr>\n<tr>\n<td>30 m de longitud<\/td>\n<td>Casa de acero<\/td>\n<td>Soldadura de acero H<\/td>\n<td>Soldadura de acero H<\/td>\n<\/tr>\n<tr>\n<td>200m2<\/td>\n<td>Almac\u00e9n de acero<\/td>\n<td>50 m de longitud<\/td>\n<td>Almac\u00e9n de acero<\/td>\n<\/tr>\n<tr>\n<td>Panel de PU de 50 mm<\/td>\n<td>Almac\u00e9n de acero<\/td>\n<td>500m2<\/td>\n<td>Almac\u00e9n de acero<\/td>\n<\/tr>\n<tr>\n<td>Paquete<\/td>\n<td>Cargar en contenedores de 20gp\/40gp\/Hq\/Ot<\/td>\n<td>Acero<\/td>\n<td>Torre a\u00e9rea con estructura de acero<\/td>\n<\/tr>\n<tr>\n<td>Material<\/td>\n<td>Estructura de acero<\/td>\n<td>Varios pisos<\/td>\n<td>Almac\u00e9n de varios pisos con estructura de acero<\/td>\n<\/tr>\n<tr>\n<td>Personalizado<\/td>\n<td>Personalizado<\/td>\n<td>Certificaci\u00f3n<\/td>\n<td>ISO, CE<\/td>\n<\/tr>\n<tr>\n<td>Paquete de transporte<\/td>\n<td>Paquete marinero en 40hc\/40ot<\/td>\n<td>Garant\u00eda<\/td>\n<td>1 a\u00f1o<\/td>\n<\/tr>\n<\/tbody>\n<\/table>\n<p>&nbsp;<\/p>\n<table border=\"1\" cellspacing=\"1\" cellpadding=\"1\">\n<tbody>\n<tr>\n<td colspan=\"2\"><strong>Estructura de acero Almac\u00e9n Taller Percha Cobertizo Edificio Almacenamiento Estructura Nave Materiales Construcci\u00f3n<\/strong><\/td>\n<\/tr>\n<tr>\n<td>ART\u00cdCULOS<\/td>\n<td>ESPECIFICACI\u00d3N<\/td>\n<\/tr>\n<tr>\n<td>Acero principal:<\/td>\n<td>Q355, Q235, Q355B, Q235B, etc.<\/td>\n<\/tr>\n<tr>\n<td>Protecci\u00f3n antioxidante<\/td>\n<td>Galvanizado en caliente o pintura antioxidante<\/td>\n<\/tr>\n<tr>\n<td>Purlin y vigas<\/td>\n<td>Acero C o Z laminado en fr\u00edo, Q355 o Q235<\/td>\n<\/tr>\n<tr>\n<td>Columna y viga:<\/td>\n<td>Perfil en H soldado o laminado en caliente<\/td>\n<\/tr>\n<tr>\n<td>M\u00e9todo de conexi\u00f3n de la estructura de acero:<\/td>\n<td>Conexi\u00f3n soldada o atornillada<\/td>\n<\/tr>\n<tr>\n<td>Pared y techo:<\/td>\n<td>Panel s\u00e1ndwich o chapa de acero.<\/td>\n<\/tr>\n<tr>\n<td>Puerta:<\/td>\n<td>Puerta enrollable o corredera<\/td>\n<\/tr>\n<tr>\n<td>Ventana:<\/td>\n<td>Ventana de pl\u00e1stico de acero o aleaci\u00f3n de aluminio<\/td>\n<\/tr>\n<tr>\n<td>Superficie:<\/td>\n<td>Galvanizado en caliente o pintado<\/td>\n<\/tr>\n<tr>\n<td>Gr\u00faa:<\/td>\n<td>5MT, 10MT, 15MT y m\u00e1s<\/td>\n<\/tr>\n<tr>\n<td colspan=\"2\"><strong>Dibujos e informaci\u00f3n sobre presupuestos:<\/strong><\/td>\n<\/tr>\n<tr>\n<td colspan=\"2\">1) Se aceptan dise\u00f1os personalizados.<\/td>\n<\/tr>\n<tr>\n<td colspan=\"2\">2) \u00bfPodr\u00eda explicarme su proyecto de estructura met\u00e1lica?<\/td>\n<\/tr>\n<\/tbody>\n<\/table>\n<p>&nbsp;<\/p>\n<p>&nbsp;<\/p>\n<\/div>\n<\/section>\n<\/div>\n<\/div>\n<\/div>\n<div class=\"product_cont_p_99716\">\n<div class=\"simi_swiper\">\n<div class=\"item_p_box\">\n<div class=\"p_right_box ecer-flex-align\">\n<div class=\"p_img image-all\"><\/div>\n<\/div>\n<\/div>\n<\/div>\n<\/div>","protected":false},"excerpt":{"rendered":"<p>Los kits prefabricados de estructura de acero de p\u00f3rtico utilizan un m\u00e9todo de ensamblaje modular, que no requiere maquinaria pesada de construcci\u00f3n; el personal de construcci\u00f3n est\u00e1ndar puede erigirlos r\u00e1pidamente. Se caracterizan por sus cortos periodos de construcci\u00f3n y sus bajos costes, lo que reduce significativamente la inversi\u00f3n total en construcci\u00f3n. Los kits se pueden personalizar en gran medida, lo que permite un ajuste flexible de los par\u00e1metros estructurales en funci\u00f3n de las condiciones espec\u00edficas del emplazamiento y de los requisitos funcionales, y est\u00e1n respaldados por un completo servicio posventa y de asistencia t\u00e9cnica. Kit completo de construcci\u00f3n de acero listo para montar. Incluye estructuras r\u00edgidas (Q355B\/ASTM A572), correas C\/Z, arriostramientos, revestimientos y fijaciones. Corte CNC, pretaladrado, galvanizado en caliente. Montaje atornillado, sin soldadura. Luz libre, 60m+ sin columnas. Vida \u00fatil de m\u00e1s de 50 a\u00f1os. Conforme a AISC\/IBC.<\/p>","protected":false},"featured_media":3196,"comment_status":"open","ping_status":"closed","template":"","meta":{"_acf_changed":false},"product_brand":[],"product_cat":[26],"product_tag":[],"class_list":{"0":"post-1805","1":"product","2":"type-product","3":"status-publish","4":"has-post-thumbnail","6":"product_cat-portal-steel-structure","8":"first","9":"instock","10":"shipping-taxable","11":"product-type-simple"},"acf":[],"_links":{"self":[{"href":"https:\/\/sdshijie.com\/es\/wp-json\/wp\/v2\/product\/1805","targetHints":{"allow":["GET"]}}],"collection":[{"href":"https:\/\/sdshijie.com\/es\/wp-json\/wp\/v2\/product"}],"about":[{"href":"https:\/\/sdshijie.com\/es\/wp-json\/wp\/v2\/types\/product"}],"replies":[{"embeddable":true,"href":"https:\/\/sdshijie.com\/es\/wp-json\/wp\/v2\/comments?post=1805"}],"wp:featuredmedia":[{"embeddable":true,"href":"https:\/\/sdshijie.com\/es\/wp-json\/wp\/v2\/media\/3196"}],"wp:attachment":[{"href":"https:\/\/sdshijie.com\/es\/wp-json\/wp\/v2\/media?parent=1805"}],"wp:term":[{"taxonomy":"product_brand","embeddable":true,"href":"https:\/\/sdshijie.com\/es\/wp-json\/wp\/v2\/product_brand?post=1805"},{"taxonomy":"product_cat","embeddable":true,"href":"https:\/\/sdshijie.com\/es\/wp-json\/wp\/v2\/product_cat?post=1805"},{"taxonomy":"product_tag","embeddable":true,"href":"https:\/\/sdshijie.com\/es\/wp-json\/wp\/v2\/product_tag?post=1805"}],"curies":[{"name":"wp","href":"https:\/\/api.w.org\/{rel}","templated":true}]}}