{"id":2546,"date":"2026-01-07T08:44:37","date_gmt":"2026-01-07T08:44:37","guid":{"rendered":"https:\/\/sdshijie.com\/?post_type=product&#038;p=2546"},"modified":"2026-03-27T07:38:54","modified_gmt":"2026-03-27T07:38:54","slug":"rock-wool-sandwich-panel","status":"publish","type":"product","link":"https:\/\/sdshijie.com\/de\/produkt\/rock-wool-sandwich-panel\/","title":{"rendered":"Stahlkonstruktion mit hochdichter Steinwollplatte"},"content":{"rendered":"<h2>W\u00e4rmed\u00e4mmung mit Steinwolle isolierte Dachplatten<\/h2>\n<p>&nbsp;<\/p>\n<h3>Hauptmerkmale und Vorteile<\/h3>\n<p>Steinwolleplatten bieten Vorteile wie Feuerbest\u00e4ndigkeit der Klasse A, W\u00e4rmed\u00e4mmung, Schallabsorption und L\u00e4rmminderung, hohe Festigkeit und Korrosionsbest\u00e4ndigkeit. Sie sind sicher und umweltfreundlich und eignen sich f\u00fcr eine Vielzahl von Geb\u00e4ude- und Stahlkonstruktionsh\u00fcllen. Hergestellt unter Verwendung hochwertiger Rohstoffe und bew\u00e4hrter Produktionsverfahren bieten diese Produkte eine dauerhafte und stabile Leistung und erf\u00fcllen die Standards f\u00fcr umweltfreundliche und sichere Geb\u00e4udeh\u00fcllenmaterialien im modernen Bauwesen.<\/p>\n<h3>Anwendungen<\/h3>\n<p>Steinwolleplatten werden haupts\u00e4chlich in Industriegeb\u00e4uden mit Stahlrahmen, Lagerhallen, Stadien, Gesch\u00e4ftsgeb\u00e4uden sowie in Au\u00dfenw\u00e4nden und D\u00e4chern von Wohngeb\u00e4uden verwendet. Sie werden in gro\u00dfem Umfang f\u00fcr die D\u00e4mmung von Au\u00dfenw\u00e4nden, die W\u00e4rmed\u00e4mmung von D\u00e4chern, den Brand- und Schallschutz von W\u00e4nden und die W\u00e4rmed\u00e4mmung von Geb\u00e4udeh\u00fcllen in Stahlrahmenbauweise verwendet. Sie eignen sich auch f\u00fcr die W\u00e4rmed\u00e4mmung von Industrieanlagen und Rohrleitungen.<\/p>\n<h3>Produkt-Parameter<\/h3>","protected":false},"excerpt":{"rendered":"<p>Stahlbauplatten aus Steinwolle sind ein Material, das zur W\u00e4rmed\u00e4mmung, zum W\u00e4rmeschutz und zur Schalld\u00e4mmung in Au\u00dfenw\u00e4nden, D\u00e4chern und Stahlkonstruktionen von Geb\u00e4uden verwendet wird. Diese Platten bestehen aus Steinwolle und sind in der Regel mit einer sch\u00fctzenden Au\u00dfenschicht aus Stahl oder Aluminium \u00fcberzogen, um ihre Haltbarkeit und Wasserbest\u00e4ndigkeit zu erh\u00f6hen. Die Spezifikationen der Steinwolleplatten k\u00f6nnen an die jeweiligen Projektanforderungen angepasst werden. In Verbindung mit Dach- und Wandsystemen mit Stahlrahmen bilden sie eine komplette Geb\u00e4udeh\u00fclle. Die Platten sind einfach zu verlegen und liegen eng an der Stahlkonstruktion an, wodurch die Integrit\u00e4t und Stabilit\u00e4t der Geb\u00e4udeh\u00fclle gew\u00e4hrleistet wird.<\/p>","protected":false},"featured_media":3405,"comment_status":"open","ping_status":"closed","template":"","meta":{"_acf_changed":false},"product_brand":[],"product_cat":[34],"product_tag":[],"class_list":{"0":"post-2546","1":"product","2":"type-product","3":"status-publish","4":"has-post-thumbnail","6":"product_cat-maintenance-system","8":"first","9":"instock","10":"shipping-taxable","11":"product-type-simple"},"acf":[],"_links":{"self":[{"href":"https:\/\/sdshijie.com\/de\/wp-json\/wp\/v2\/product\/2546","targetHints":{"allow":["GET"]}}],"collection":[{"href":"https:\/\/sdshijie.com\/de\/wp-json\/wp\/v2\/product"}],"about":[{"href":"https:\/\/sdshijie.com\/de\/wp-json\/wp\/v2\/types\/product"}],"replies":[{"embeddable":true,"href":"https:\/\/sdshijie.com\/de\/wp-json\/wp\/v2\/comments?post=2546"}],"wp:featuredmedia":[{"embeddable":true,"href":"https:\/\/sdshijie.com\/de\/wp-json\/wp\/v2\/media\/3405"}],"wp:attachment":[{"href":"https:\/\/sdshijie.com\/de\/wp-json\/wp\/v2\/media?parent=2546"}],"wp:term":[{"taxonomy":"product_brand","embeddable":true,"href":"https:\/\/sdshijie.com\/de\/wp-json\/wp\/v2\/product_brand?post=2546"},{"taxonomy":"product_cat","embeddable":true,"href":"https:\/\/sdshijie.com\/de\/wp-json\/wp\/v2\/product_cat?post=2546"},{"taxonomy":"product_tag","embeddable":true,"href":"https:\/\/sdshijie.com\/de\/wp-json\/wp\/v2\/product_tag?post=2546"}],"curies":[{"name":"wp","href":"https:\/\/api.w.org\/{rel}","templated":true}]}}