{"id":2410,"date":"2025-12-30T03:41:35","date_gmt":"2025-12-30T03:41:35","guid":{"rendered":"https:\/\/sdshijie.com\/?post_type=product&#038;p=2410"},"modified":"2026-03-27T02:40:33","modified_gmt":"2026-03-27T02:40:33","slug":"steel-space-frame-construction-for-global-projects","status":"publish","type":"product","link":"https:\/\/sdshijie.com\/de\/produkt\/steel-space-frame-construction-for-global-projects\/","title":{"rendered":"Gro\u00dfe Spannweite Raumgitterdach Stahlkonstruktion"},"content":{"rendered":"<h2>Gro\u00dffl\u00e4chiges Raumgitterdach<\/h2>\n<p>&nbsp;<\/p>\n<h3>Hauptmerkmale und Vorteile<\/h3>\n<p>Raumgitterd\u00e4cher mit gro\u00dfer Spannweite bieten einen offenen, luftigen Raum und ein hohes Ma\u00df an Gestaltungsfreiheit, wodurch sie sich f\u00fcr eine Vielzahl von Anwendungen eignen. Mit einer rationellen Konstruktion und einem wissenschaftlich entwickelten Tragsystem bieten sie einen hervorragenden Widerstand gegen Wind, Schnee und seismische Kr\u00e4fte und sorgen so f\u00fcr mehr Sicherheit. Die werkseitig gefertigten Komponenten bieten eine hohe Pr\u00e4zision und erm\u00f6glichen eine schnelle Montage, was die Bauzeit erheblich verk\u00fcrzt und die Gesamtbaukosten senkt.<\/p>\n<p>\u2666 150m+ freie Spannweite;<\/p>\n<p>\u2666 30% leichter, weniger Stahl;<\/p>\n<p>\u2666 Schnelle Montage;<\/p>\n<p>\u2666 Wartungsfrei, 50+ Jahre;<\/p>\n<p>\u2666 Jede Form;<\/p>\n<p>\u2666 Wetterbest\u00e4ndig.<\/p>\n<h3>Anwendungen<\/h3>\n<p>Gro\u00dffl\u00e4chige Raumgitterd\u00e4cher bieten weitl\u00e4ufige, st\u00fctzenfreie Innenr\u00e4ume. Sie eignen sich f\u00fcr \u00f6ffentliche Kultur- und Sporteinrichtungen - wie Stadien, Ausstellungszentren und Kultur- und Freizeitzentren - und erf\u00fcllen auch die r\u00e4umlichen Anforderungen gro\u00dfer Verkehrseinrichtungen wie Flughafenterminals und Verkehrsknotenpunkte. Dar\u00fcber hinaus finden sie breite Anwendung in Gewerbe- und Industriebauten wie gro\u00dfen Logistiklagern, Industrieanlagen und Flugzeughangars, wobei sie die funktionalen und betrieblichen Anforderungen einer Vielzahl von Geb\u00e4uden mit gro\u00dfer Spannweite voll erf\u00fcllen.<\/p>\n<p>\u2666 Stadien;<\/p>\n<p>\u2666 Ausstellungshallen;<\/p>\n<p>\u2666 Flugh\u00e4fen;<\/p>\n<p>\u2666 Einkaufszentren;<\/p>\n<p>\u2666 Fabriken;<\/p>\n<p>\u2666 Hangars.<\/p>\n<h3>Produkt-Parameter<\/h3>\n<table style=\"font-weight: 400;\">\n<tbody>\n<tr>\n<td>Produkte<\/td>\n<td>Vorgefertigtes Geb\u00e4ude mit Stahlkonstruktion<\/td>\n<\/tr>\n<tr>\n<td>Typ<\/td>\n<td>H-Tr\u00e4ger, S\u00e4ule, Zuganker, Fachwerk, Kastenst\u00fctze<\/td>\n<\/tr>\n<tr>\n<td>Hauptmaterial<\/td>\n<td>Q235B(ASTM A36,S235JR), Q355B<\/td>\n<\/tr>\n<tr>\n<td>Oberfl\u00e4chenbehandlung<\/td>\n<td>Lackierung, Verzinkt<\/td>\n<\/tr>\n<tr>\n<td>Prozess-Schneiden<\/td>\n<td><span data-slate-fragment=\"JTVCJTdCJTIydHlwZSUyMiUzQSUyMnBhcmFncmFwaCUyMiUyQyUyMmNoaWxkcmVuJTIyJTNBJTVCJTdCJTIyaWQlMjIlM0ElMjJWb0F4N0pYM3FuJTIyJTJDJTIycGFyYUlkeCUyMiUzQTAlMkMlMjJzcmMlMjIlM0ElMjJDdXR0aW5nJTNBJTIwTGFzZXIlMjBjdXR0aW5nJTJDJTIwcGxhc21hJTIwY3V0dGluZyUyQyUyMGZsYW1lJTIwY3V0dGluZyUyQyUyMG9yJTIwd2F0ZXJqZXQlMjBjdXR0aW5nJTIwZm9yJTIwaW50cmljYXRlJTIwc2hhcGVzLiUyMiUyQyUyMmRzdCUyMiUzQSUyMiVFNSU4OCU4NyVFNSU4OSVCMiVFRiVCQyU5QSVFNyU5NCVBOCVFNCVCQSU4RSVFNSVBNCU4RCVFNiU5RCU4MiVFNSVCRCVBMiVFNyU4QSVCNiVFNyU5QSU4NCVFNiVCRiU4MCVFNSU4NSU4OSVFNSU4OCU4NyVFNSU4OSVCMiVFMyU4MCU4MSVFNyVBRCU4OSVFNyVBNiVCQiVFNSVBRCU5MCVFNSU4OCU4NyVFNSU4OSVCMiVFMyU4MCU4MSVFNyU4MSVBQiVFNyU4NCVCMCVFNSU4OCU4NyVFNSU4OSVCMiVFNiU4OCU5NiVFNiVCMCVCNCVFNSVCMCU4NCVFNiVCNSU4MSVFNSU4OCU4NyVFNSU4OSVCMiVFMyU4MCU4MiUyMiUyQyUyMm1ldGFkYXRhJTIyJTNBJTIyJTIyJTJDJTIybWF0Y2hlcyUyMiUzQW51bGwlMkMlMjJtZXRhRGF0YSUyMiUzQSU1QiU1RCUyQyUyMnRleHQlMjIlM0ElMjJMYXNlciUyMGN1dHRpbmclMkMlMjBwbGFzbWElMjBjdXR0aW5nJTJDJTIwZmxhbWUlMjBjdXR0aW5nJTJDJTIwb3IlMjB3YXRlcmpldCUyMGN1dHRpbmclMjBmb3IlMjBpbnRyaWNhdGUlMjBzaGFwZXMlMjIlN0QlNUQlN0QlNUQ=\">Laserschneiden, Plasmaschneiden, Brennschneiden f\u00fcr komplizierte Formen<\/span><\/td>\n<\/tr>\n<tr>\n<td>Bildung von<\/td>\n<td><span data-slate-fragment=\"JTVCJTdCJTIydHlwZSUyMiUzQSUyMnBhcmFncmFwaCUyMiUyQyUyMmNoaWxkcmVuJTIyJTNBJTVCJTdCJTIyaWQlMjIlM0ElMjI5WHdZdlJEdnFQJTIyJTJDJTIycGFyYUlkeCUyMiUzQTElMkMlMjJzcmMlMjIlM0ElMjJGb3JtaW5nJTNBJTIwUHJlc3MlMjBicmFraW5nJTJDJTIwcm9sbGluZyUyQyUyMGFuZCUyMGJlbmRpbmclMjB0byUyMG1lZXQlMjBjb21wbGV4JTIwc3RydWN0dXJhbCUyMGRlc2lnbnMuJTIyJTJDJTIyZHN0JTIyJTNBJTIyJUU2JTg4JTkwJUU1JTlFJThCJUVGJUJDJTlBJUU1JThFJThCJUU1JTg4JUI2JUU1JTg4JUI2JUU1JThBJUE4JUUzJTgwJTgxJUU4JUJEJUE3JUU1JTg4JUI2JUU1JTkyJThDJUU1JUJDJUFGJUU2JTlCJUIyJUVGJUJDJThDJUU0JUJCJUE1JUU2JUJCJUExJUU4JUI2JUIzJUU1JUE0JThEJUU2JTlEJTgyJUU3JTlBJTg0JUU3JUJCJTkzJUU2JTlFJTg0JUU4JUFFJUJFJUU4JUFFJUExJUUzJTgwJTgyJTIyJTJDJTIybWV0YWRhdGElMjIlM0ElMjIlMjIlMkMlMjJtYXRjaGVzJTIyJTNBbnVsbCUyQyUyMm1ldGFEYXRhJTIyJTNBJTVCJTVEJTJDJTIydGV4dCUyMiUzQSUyMnJvbGxpbmclMkMlMjBhbmQlMjBiZW5kaW5nJTIwdG8lMjBtZWV0JTIwY29tcGxleCUyMHN0cnVjdHVyYWwlMjBkZXNpZ25zJTIyJTdEJTVEJTdEJTVE\">Walzen und Biegen zur Erf\u00fcllung komplexer Konstruktionsaufgaben<\/span><\/td>\n<\/tr>\n<tr>\n<td>Schwei\u00dfen<\/td>\n<td><span data-slate-fragment=\"JTVCJTdCJTIydHlwZSUyMiUzQSUyMnBhcmFncmFwaCUyMiUyQyUyMmNoaWxkcmVuJTIyJTNBJTVCJTdCJTIyaWQlMjIlM0ElMjJWRXExS2pFTTUwJTIyJTJDJTIycGFyYUlkeCUyMiUzQTIlMkMlMjJzcmMlMjIlM0ElMjJXZWxkaW5nJTNBJTIwSGlnaC1xdWFsaXR5JTIwd2VsZGluZyUyMChNSUclMkMlMjBUSUclMkMlMjBzdWJtZXJnZWQlMjBhcmMpJTIwZm9yJTIwcm9idXN0JTIwam9pbnRzLiUyMiUyQyUyMmRzdCUyMiUzQSUyMiVFNyU4NCU4QSVFNiU4RSVBNSVFRiVCQyU5QSVFNyU5NCVBOCVFNCVCQSU4RSVFNSU5RCU5QSVFNSU5QiVCQSVFNiU4RSVBNSVFNSVBNCVCNCVFNyU5QSU4NCVFOSVBQiU5OCVFOCVCNCVBOCVFOSU4NyU4RiVFNyU4NCU4QSVFNiU4RSVBNSVFRiVCQyU4OE1JRyVFMyU4MCU4MVRJRyVFMyU4MCU4MSVFNSU5RiU4QiVFNSVCQyVBNyVFRiVCQyU4OSVFMyU4MCU4MiUyMiUyQyUyMm1ldGFkYXRhJTIyJTNBJTIyJTIyJTJDJTIybWF0Y2hlcyUyMiUzQW51bGwlMkMlMjJtZXRhRGF0YSUyMiUzQSU1QiU1RCUyQyUyMnRleHQlMjIlM0ElMjJNSUclMkMlMjBUSUclMkMlMjBzdWJtZXJnZWQlMjBhcmMlMjIlN0QlNUQlN0QlNUQ=\">MIG, TIG, Unterwasserlichtbogen<\/span><\/td>\n<\/tr>\n<tr>\n<td>Bearbeitung<\/td>\n<td><span data-slate-fragment=\"JTVCJTdCJTIydHlwZSUyMiUzQSUyMnBhcmFncmFwaCUyMiUyQyUyMmNoaWxkcmVuJTIyJTNBJTVCJTdCJTIyaWQlMjIlM0ElMjJqTDVST1lnQndvJTIyJTJDJTIycGFyYUlkeCUyMiUzQTMlMkMlMjJzcmMlMjIlM0ElMjJNYWNoaW5pbmclM0ElMjBEcmlsbGluZyUyQyUyMG1pbGxpbmclMkMlMjBhbmQlMjB0aHJlYWRpbmclMjBmb3IlMjBwcmVjaXNlJTIwZml0dGluZ3MuJTIyJTJDJTIyZHN0JTIyJTNBJTIyJUU2JTlDJUJBJUU2JUEyJUIwJUU1JThBJUEwJUU1JUI3JUE1JUVGJUJDJTlBJUU3JTk0JUE4JUU0JUJBJThFJUU3JUIyJUJFJUU1JUFGJTg2JUU5JTg1JThEJUU0JUJCJUI2JUU3JTlBJTg0JUU5JTkyJUJCJUU1JUFEJTk0JUUzJTgwJTgxJUU5JTkzJUEzJUU1JTg5JThBJUU1JTkyJThDJUU4JTlFJUJBJUU3JUJBJUI5JUU1JThBJUEwJUU1JUI3JUE1JUUzJTgwJTgyJTIyJTJDJTIybWV0YWRhdGElMjIlM0ElMjIlMjIlMkMlMjJtYXRjaGVzJTIyJTNBbnVsbCUyQyUyMm1ldGFEYXRhJTIyJTNBJTVCJTVEJTJDJTIydGV4dCUyMiUzQSUyMkRyaWxsaW5nJTJDJTIwbWlsbGluZyUyQyUyMGFuZCUyMHRocmVhZGluZyUyMGZvciUyMHByZWNpc2UlMjBmaXR0aW5ncyUyMiU3RCU1RCU3RCU1RA==\">Bohren, Fr\u00e4sen f\u00fcr pr\u00e4zise Beschl\u00e4ge<\/span><\/td>\n<\/tr>\n<tr>\n<td>Qualit\u00e4tskontrolle<\/td>\n<td>QC-Inspektion, Inspektion durch Dritte<\/td>\n<\/tr>\n<tr>\n<td>Paket<\/td>\n<td>Wie gew\u00fcnscht<\/td>\n<\/tr>\n<\/tbody>\n<\/table>\n<p>&nbsp;<\/p>","protected":false},"excerpt":{"rendered":"<p>Die Raumgitter-Stahlkonstruktion stellt ein r\u00e4umlich integriertes Skelettsystem dar, in dem die Lasten kollektiv verteilt werden. Sie besteht aus einer geordneten Anordnung von Strukturelementen und ist gleichzeitig leicht und robust, was den Bau von st\u00fctzenfreien R\u00e4umen mit gro\u00dfer Spannweite erm\u00f6glicht. Die meisten Bauteile werden in einer Fabrik vorgefertigt, was eine bequeme und schnelle Montage vor Ort erm\u00f6glicht und eine hohe Baueffizienz gew\u00e4hrleistet; diese Konstruktion bringt leichte Eigenschaften mit hoher struktureller Festigkeit in Einklang. Die Struktur weist eine au\u00dfergew\u00f6hnliche Gesamtintegrit\u00e4t auf, widersteht Verformungen bei langfristiger Nutzung und zeigt eine hervorragende und stabile Gesamtleistung. 3D-Fachwerksystem (dreieckige\/pyramidale Einheiten) f\u00fcr sehr gro\u00dfe Spannweiten. Stahlhohlprofile (Q355B\/ASTM A572) mit verschraubten kugelf\u00f6rmigen Knotenpunkten. Leichtes Gewicht, hohe Steifigkeit. Spannweite 30-150m+. Feuerverzinkt. 50+ Jahre Lebensdauer. AISC\/IBC-konform.<\/p>","protected":false},"featured_media":3362,"comment_status":"open","ping_status":"closed","template":"","meta":{"_acf_changed":false},"product_brand":[],"product_cat":[29],"product_tag":[],"class_list":{"0":"post-2410","1":"product","2":"type-product","3":"status-publish","4":"has-post-thumbnail","6":"product_cat-spatial-grid-structure","8":"first","9":"instock","10":"shipping-taxable","11":"product-type-simple"},"acf":[],"_links":{"self":[{"href":"https:\/\/sdshijie.com\/de\/wp-json\/wp\/v2\/product\/2410","targetHints":{"allow":["GET"]}}],"collection":[{"href":"https:\/\/sdshijie.com\/de\/wp-json\/wp\/v2\/product"}],"about":[{"href":"https:\/\/sdshijie.com\/de\/wp-json\/wp\/v2\/types\/product"}],"replies":[{"embeddable":true,"href":"https:\/\/sdshijie.com\/de\/wp-json\/wp\/v2\/comments?post=2410"}],"wp:featuredmedia":[{"embeddable":true,"href":"https:\/\/sdshijie.com\/de\/wp-json\/wp\/v2\/media\/3362"}],"wp:attachment":[{"href":"https:\/\/sdshijie.com\/de\/wp-json\/wp\/v2\/media?parent=2410"}],"wp:term":[{"taxonomy":"product_brand","embeddable":true,"href":"https:\/\/sdshijie.com\/de\/wp-json\/wp\/v2\/product_brand?post=2410"},{"taxonomy":"product_cat","embeddable":true,"href":"https:\/\/sdshijie.com\/de\/wp-json\/wp\/v2\/product_cat?post=2410"},{"taxonomy":"product_tag","embeddable":true,"href":"https:\/\/sdshijie.com\/de\/wp-json\/wp\/v2\/product_tag?post=2410"}],"curies":[{"name":"wp","href":"https:\/\/api.w.org\/{rel}","templated":true}]}}