{"id":2403,"date":"2025-12-30T03:32:05","date_gmt":"2025-12-30T03:32:05","guid":{"rendered":"https:\/\/sdshijie.com\/?post_type=product&#038;p=2403"},"modified":"2026-03-27T02:58:14","modified_gmt":"2026-03-27T02:58:14","slug":"steel-space-frame-roof-systems-for-stadiums-halls","status":"publish","type":"product","link":"https:\/\/sdshijie.com\/de\/produkt\/steel-space-frame-roof-systems-for-stadiums-halls\/","title":{"rendered":"Hersteller von Stahlraumfachwerken | Fachwerkkonstruktionen"},"content":{"rendered":"<h2 style=\"font-weight: 400;\"><strong>Stahl-Space-Frame-Dachsysteme f\u00fcr Stadien und Hallen<\/strong><\/h2>\n<p>&nbsp;<\/p>\n<h3>Hauptmerkmale und Vorteile<\/h3>\n<p>R\u00e4umliche Stahlbinder-Dachsysteme l\u00f6sen sich von den Zw\u00e4ngen der Standardisierung und erm\u00f6glichen die Anpassung an eine Vielzahl von Dachformen - einschlie\u00dflich Kuppel-, Bogen- und Flachd\u00e4chern - und damit die flexible Gestaltung von Au\u00dfenformen, die dem funktionalen Zweck und den architektonisch-\u00e4sthetischen Anforderungen eines Veranstaltungsortes gerecht werden. Auf diese Weise wird sichergestellt, dass das Dach nicht nur seinen praktischen Zweck erf\u00fcllt, sondern auch als charakteristisches Merkmal dient, das die Unverwechselbarkeit des Geb\u00e4udes erh\u00f6ht und ein harmonisches Gleichgewicht zwischen Funktionalit\u00e4t und visueller Attraktivit\u00e4t schafft.<\/p>\n<p>\u2666 200m+ freie Spannweite;<\/p>\n<p>\u2666 30% Feuerzeug;<\/p>\n<p>\u2666 Jede Form;<\/p>\n<p>\u2666 Wartungsfrei, 50+ Jahre;<\/p>\n<p>\u2666 Schnelle Montage;<\/p>\n<p>\u2666 Schl\u00fcsselfertige Dienstleistung.<\/p>\n<h3>Anwendungen<\/h3>\n<p>Space-Frame-Dachsysteme aus Stahl bieten eine au\u00dfergew\u00f6hnliche Vielseitigkeit. Ihr einzigartiges Design minimiert die Anzahl der Dachst\u00fctzen und schafft so einen offeneren und flexibleren Innenraum. Sie eignen sich ideal f\u00fcr eine Vielzahl von Geb\u00e4uden, darunter Sportarenen, Kongresszentren, Flughafenterminals, gro\u00dfe Einkaufszentren, Industrieanlagen, Flugzeughangars und Museen.  Sie erf\u00fcllen die Designanforderungen f\u00fcr D\u00e4cher mit gro\u00dfen Spannweiten, attraktiver \u00c4sthetik und hohen Sicherheitsstandards f\u00fcr verschiedene Geb\u00e4udetypen.<\/p>\n<p>\u2666 Stadien;<\/p>\n<p>\u2666 Kongresszentren;<\/p>\n<p>\u2666 Flugh\u00e4fen;<\/p>\n<p>\u2666 Einkaufszentren;<\/p>\n<p>\u2666 Fabriken;<\/p>\n<p>\u2666 Hangars;<\/p>\n<p>\u2666 Museen.<\/p>\n<h3 style=\"font-weight: 400;\"><strong>Produkt-Parameter<\/strong><\/h3>\n<table style=\"font-weight: 400;\">\n<tbody>\n<tr>\n<td>Produkte<\/td>\n<td>\n<p style=\"font-weight: 400;\"><span style=\"font-weight: 400;\">Vorgefertigtes Geb\u00e4ude mit Stahlkonstruktion<\/span><\/p>\n<\/td>\n<\/tr>\n<tr>\n<td>Typ<\/td>\n<td>H-Tr\u00e4ger, S\u00e4ule, Zuganker, Fachwerk, Kastenst\u00fctze<\/td>\n<\/tr>\n<tr>\n<td>Hauptmaterial<\/td>\n<td>Q235B(ASTM A36,S235JR), Q355B<\/td>\n<\/tr>\n<tr>\n<td>Oberfl\u00e4chenbehandlung<\/td>\n<td>Lackierung, Verzinkt<\/td>\n<\/tr>\n<tr>\n<td>Prozess-Schneiden<\/td>\n<td><span data-slate-fragment=\"JTVCJTdCJTIydHlwZSUyMiUzQSUyMnBhcmFncmFwaCUyMiUyQyUyMmNoaWxkcmVuJTIyJTNBJTVCJTdCJTIyaWQlMjIlM0ElMjJWb0F4N0pYM3FuJTIyJTJDJTIycGFyYUlkeCUyMiUzQTAlMkMlMjJzcmMlMjIlM0ElMjJDdXR0aW5nJTNBJTIwTGFzZXIlMjBjdXR0aW5nJTJDJTIwcGxhc21hJTIwY3V0dGluZyUyQyUyMGZsYW1lJTIwY3V0dGluZyUyQyUyMG9yJTIwd2F0ZXJqZXQlMjBjdXR0aW5nJTIwZm9yJTIwaW50cmljYXRlJTIwc2hhcGVzLiUyMiUyQyUyMmRzdCUyMiUzQSUyMiVFNSU4OCU4NyVFNSU4OSVCMiVFRiVCQyU5QSVFNyU5NCVBOCVFNCVCQSU4RSVFNSVBNCU4RCVFNiU5RCU4MiVFNSVCRCVBMiVFNyU4QSVCNiVFNyU5QSU4NCVFNiVCRiU4MCVFNSU4NSU4OSVFNSU4OCU4NyVFNSU4OSVCMiVFMyU4MCU4MSVFNyVBRCU4OSVFNyVBNiVCQiVFNSVBRCU5MCVFNSU4OCU4NyVFNSU4OSVCMiVFMyU4MCU4MSVFNyU4MSVBQiVFNyU4NCVCMCVFNSU4OCU4NyVFNSU4OSVCMiVFNiU4OCU5NiVFNiVCMCVCNCVFNSVCMCU4NCVFNiVCNSU4MSVFNSU4OCU4NyVFNSU4OSVCMiVFMyU4MCU4MiUyMiUyQyUyMm1ldGFkYXRhJTIyJTNBJTIyJTIyJTJDJTIybWF0Y2hlcyUyMiUzQW51bGwlMkMlMjJtZXRhRGF0YSUyMiUzQSU1QiU1RCUyQyUyMnRleHQlMjIlM0ElMjJMYXNlciUyMGN1dHRpbmclMkMlMjBwbGFzbWElMjBjdXR0aW5nJTJDJTIwZmxhbWUlMjBjdXR0aW5nJTJDJTIwb3IlMjB3YXRlcmpldCUyMGN1dHRpbmclMjBmb3IlMjBpbnRyaWNhdGUlMjBzaGFwZXMlMjIlN0QlNUQlN0QlNUQ=\">Laserschneiden, Plasmaschneiden, Brennschneiden f\u00fcr komplizierte Formen<\/span><\/td>\n<\/tr>\n<tr>\n<td>Bildung von<\/td>\n<td><span data-slate-fragment=\"JTVCJTdCJTIydHlwZSUyMiUzQSUyMnBhcmFncmFwaCUyMiUyQyUyMmNoaWxkcmVuJTIyJTNBJTVCJTdCJTIyaWQlMjIlM0ElMjI5WHdZdlJEdnFQJTIyJTJDJTIycGFyYUlkeCUyMiUzQTElMkMlMjJzcmMlMjIlM0ElMjJGb3JtaW5nJTNBJTIwUHJlc3MlMjBicmFraW5nJTJDJTIwcm9sbGluZyUyQyUyMGFuZCUyMGJlbmRpbmclMjB0byUyMG1lZXQlMjBjb21wbGV4JTIwc3RydWN0dXJhbCUyMGRlc2lnbnMuJTIyJTJDJTIyZHN0JTIyJTNBJTIyJUU2JTg4JTkwJUU1JTlFJThCJUVGJUJDJTlBJUU1JThFJThCJUU1JTg4JUI2JUU1JTg4JUI2JUU1JThBJUE4JUUzJTgwJTgxJUU4JUJEJUE3JUU1JTg4JUI2JUU1JTkyJThDJUU1JUJDJUFGJUU2JTlCJUIyJUVGJUJDJThDJUU0JUJCJUE1JUU2JUJCJUExJUU4JUI2JUIzJUU1JUE0JThEJUU2JTlEJTgyJUU3JTlBJTg0JUU3JUJCJTkzJUU2JTlFJTg0JUU4JUFFJUJFJUU4JUFFJUExJUUzJTgwJTgyJTIyJTJDJTIybWV0YWRhdGElMjIlM0ElMjIlMjIlMkMlMjJtYXRjaGVzJTIyJTNBbnVsbCUyQyUyMm1ldGFEYXRhJTIyJTNBJTVCJTVEJTJDJTIydGV4dCUyMiUzQSUyMnJvbGxpbmclMkMlMjBhbmQlMjBiZW5kaW5nJTIwdG8lMjBtZWV0JTIwY29tcGxleCUyMHN0cnVjdHVyYWwlMjBkZXNpZ25zJTIyJTdEJTVEJTdEJTVE\">Walzen und Biegen zur Erf\u00fcllung komplexer Konstruktionsaufgaben<\/span><\/td>\n<\/tr>\n<tr>\n<td>Schwei\u00dfen<\/td>\n<td><span data-slate-fragment=\"JTVCJTdCJTIydHlwZSUyMiUzQSUyMnBhcmFncmFwaCUyMiUyQyUyMmNoaWxkcmVuJTIyJTNBJTVCJTdCJTIyaWQlMjIlM0ElMjJWRXExS2pFTTUwJTIyJTJDJTIycGFyYUlkeCUyMiUzQTIlMkMlMjJzcmMlMjIlM0ElMjJXZWxkaW5nJTNBJTIwSGlnaC1xdWFsaXR5JTIwd2VsZGluZyUyMChNSUclMkMlMjBUSUclMkMlMjBzdWJtZXJnZWQlMjBhcmMpJTIwZm9yJTIwcm9idXN0JTIwam9pbnRzLiUyMiUyQyUyMmRzdCUyMiUzQSUyMiVFNyU4NCU4QSVFNiU4RSVBNSVFRiVCQyU5QSVFNyU5NCVBOCVFNCVCQSU4RSVFNSU5RCU5QSVFNSU5QiVCQSVFNiU4RSVBNSVFNSVBNCVCNCVFNyU5QSU4NCVFOSVBQiU5OCVFOCVCNCVBOCVFOSU4NyU4RiVFNyU4NCU4QSVFNiU4RSVBNSVFRiVCQyU4OE1JRyVFMyU4MCU4MVRJRyVFMyU4MCU4MSVFNSU5RiU4QiVFNSVCQyVBNyVFRiVCQyU4OSVFMyU4MCU4MiUyMiUyQyUyMm1ldGFkYXRhJTIyJTNBJTIyJTIyJTJDJTIybWF0Y2hlcyUyMiUzQW51bGwlMkMlMjJtZXRhRGF0YSUyMiUzQSU1QiU1RCUyQyUyMnRleHQlMjIlM0ElMjJNSUclMkMlMjBUSUclMkMlMjBzdWJtZXJnZWQlMjBhcmMlMjIlN0QlNUQlN0QlNUQ=\">MIG, TIG, Unterwasserlichtbogen<\/span><\/td>\n<\/tr>\n<tr>\n<td>Bearbeitung<\/td>\n<td><span data-slate-fragment=\"JTVCJTdCJTIydHlwZSUyMiUzQSUyMnBhcmFncmFwaCUyMiUyQyUyMmNoaWxkcmVuJTIyJTNBJTVCJTdCJTIyaWQlMjIlM0ElMjJqTDVST1lnQndvJTIyJTJDJTIycGFyYUlkeCUyMiUzQTMlMkMlMjJzcmMlMjIlM0ElMjJNYWNoaW5pbmclM0ElMjBEcmlsbGluZyUyQyUyMG1pbGxpbmclMkMlMjBhbmQlMjB0aHJlYWRpbmclMjBmb3IlMjBwcmVjaXNlJTIwZml0dGluZ3MuJTIyJTJDJTIyZHN0JTIyJTNBJTIyJUU2JTlDJUJBJUU2JUEyJUIwJUU1JThBJUEwJUU1JUI3JUE1JUVGJUJDJTlBJUU3JTk0JUE4JUU0JUJBJThFJUU3JUIyJUJFJUU1JUFGJTg2JUU5JTg1JThEJUU0JUJCJUI2JUU3JTlBJTg0JUU5JTkyJUJCJUU1JUFEJTk0JUUzJTgwJTgxJUU5JTkzJUEzJUU1JTg5JThBJUU1JTkyJThDJUU4JTlFJUJBJUU3JUJBJUI5JUU1JThBJUEwJUU1JUI3JUE1JUUzJTgwJTgyJTIyJTJDJTIybWV0YWRhdGElMjIlM0ElMjIlMjIlMkMlMjJtYXRjaGVzJTIyJTNBbnVsbCUyQyUyMm1ldGFEYXRhJTIyJTNBJTVCJTVEJTJDJTIydGV4dCUyMiUzQSUyMkRyaWxsaW5nJTJDJTIwbWlsbGluZyUyQyUyMGFuZCUyMHRocmVhZGluZyUyMGZvciUyMHByZWNpc2UlMjBmaXR0aW5ncyUyMiU3RCU1RCU3RCU1RA==\">Bohren, Fr\u00e4sen f\u00fcr pr\u00e4zise Beschl\u00e4ge<\/span><\/td>\n<\/tr>\n<tr>\n<td>Qualit\u00e4tskontrolle<\/td>\n<td>QC-Inspektion, Inspektion durch Dritte<\/td>\n<\/tr>\n<tr>\n<td>Paket<\/td>\n<td>Wie gew\u00fcnscht<\/td>\n<\/tr>\n<\/tbody>\n<\/table>\n<p style=\"font-weight: 400;\">","protected":false},"excerpt":{"rendered":"<p>Dieses f\u00fcr Turnhallen und Auditorien konzipierte Stahlrahmen-Dachsystem zeichnet sich durch eine strukturelle Konstruktion aus, die eine st\u00fctzenfreie \u00dcberdachung \u00fcber extrem gro\u00dfe Spannweiten erm\u00f6glicht und so einen offenen und luftigen Innenraum schafft. Durch die Kombination von au\u00dfergew\u00f6hnlicher statischer Sicherheit, langfristiger Haltbarkeit und \u00e4u\u00dferst wettbewerbsf\u00e4higer Kosteneffizienz ist es die optimale, kosteneffiziente L\u00f6sung f\u00fcr \u00dcberdachungsprojekte in gro\u00dfen \u00f6ffentlichen Geb\u00e4uden. Professioneller Hersteller von Raumfachwerkstrukturen f\u00fcr Projekte mit gro\u00dfer Spannweite. Gittersysteme mit Stahlhohlprofilen (Q355B\/ASTM A572) und verschraubten kugelf\u00f6rmigen Knotenpunkten. Spannweiten 20-200m+. Beliebige Geometrie (flach, gebogen, gew\u00f6lbt). CNC-Pr\u00e4zision, feuerverzinkt. 50+ Jahre Lebensdauer. AISC\/IBC-konform. ISO-zertifiziert.<\/p>","protected":false},"featured_media":3364,"comment_status":"open","ping_status":"closed","template":"","meta":{"_acf_changed":false},"product_brand":[],"product_cat":[29],"product_tag":[],"class_list":{"0":"post-2403","1":"product","2":"type-product","3":"status-publish","4":"has-post-thumbnail","6":"product_cat-spatial-grid-structure","8":"first","9":"instock","10":"shipping-taxable","11":"product-type-simple"},"acf":[],"_links":{"self":[{"href":"https:\/\/sdshijie.com\/de\/wp-json\/wp\/v2\/product\/2403","targetHints":{"allow":["GET"]}}],"collection":[{"href":"https:\/\/sdshijie.com\/de\/wp-json\/wp\/v2\/product"}],"about":[{"href":"https:\/\/sdshijie.com\/de\/wp-json\/wp\/v2\/types\/product"}],"replies":[{"embeddable":true,"href":"https:\/\/sdshijie.com\/de\/wp-json\/wp\/v2\/comments?post=2403"}],"wp:featuredmedia":[{"embeddable":true,"href":"https:\/\/sdshijie.com\/de\/wp-json\/wp\/v2\/media\/3364"}],"wp:attachment":[{"href":"https:\/\/sdshijie.com\/de\/wp-json\/wp\/v2\/media?parent=2403"}],"wp:term":[{"taxonomy":"product_brand","embeddable":true,"href":"https:\/\/sdshijie.com\/de\/wp-json\/wp\/v2\/product_brand?post=2403"},{"taxonomy":"product_cat","embeddable":true,"href":"https:\/\/sdshijie.com\/de\/wp-json\/wp\/v2\/product_cat?post=2403"},{"taxonomy":"product_tag","embeddable":true,"href":"https:\/\/sdshijie.com\/de\/wp-json\/wp\/v2\/product_tag?post=2403"}],"curies":[{"name":"wp","href":"https:\/\/api.w.org\/{rel}","templated":true}]}}