{"id":2401,"date":"2025-12-30T03:30:16","date_gmt":"2025-12-30T03:30:16","guid":{"rendered":"https:\/\/sdshijie.com\/?post_type=product&#038;p=2401"},"modified":"2026-04-20T06:29:42","modified_gmt":"2026-04-20T06:29:42","slug":"steel-space-frame-structure-solutions-grid-lattice-systems","status":"publish","type":"product","link":"https:\/\/sdshijie.com\/de\/produkt\/steel-space-frame-structure-solutions-grid-lattice-systems\/","title":{"rendered":"Spatial Grid Steel Structures Meet AISC, EN1090, CWB &#038; JIS Standards"},"content":{"rendered":"<h2>Bau von modernen Lagerhallen in Stahlbauweise mit r\u00e4umlichen Gittern<\/h2>\n<p>&nbsp;<\/p>\n<h3>Hauptmerkmale und Vorteile<\/h3>\n<p>Die Konstruktion moderner Lagerhallen in Stahlrahmenbauweise ist nach mehreren internationalen Normen (wie AISC und EN 1090) zertifiziert und gew\u00e4hrleistet zuverl\u00e4ssige Qualit\u00e4t. Durch den Verzicht auf die f\u00fcr traditionelle Geb\u00e4ude typischen internen St\u00fctzpfeiler erreichen diese Strukturen eine offene, ungehinderte Raumaufteilung. Ihre Kernkomponenten werden nach standardisierten Vorgaben in einer Fabrik vorgefertigt und vor Ort mit Hilfe von Schrauben schnell zusammengebaut, was die Effizienz der Konstruktion erheblich verbessert. In Kombination mit einer modularen Konstruktionsphilosophie erf\u00fcllt dieser Ansatz nicht nur die aktuellen betrieblichen Anforderungen, sondern bietet auch reichlich Flexibilit\u00e4t f\u00fcr k\u00fcnftige Funktionserweiterungen oder Layoutanpassungen.<\/p>\n<p>\u2666 Mehrere Normen zertifiziert (AISC, EN1090, CWB, JIS);<\/p>\n<p>\u2666 60m+ freie Spannweite;<\/p>\n<p>\u2666 50% schneller bauen;<\/p>\n<p>\u2666 Wartungsfrei, 50+ Jahre;<\/p>\n<p>\u2666 Kran bereit.<\/p>\n<h3>Anwendungen<\/h3>\n<p>Space-Frame-Stahlgitterkonstruktionen sind f\u00fcr eine Vielzahl von Anwendungen geeignet. Ob in den Freifl\u00e4chen von Sportst\u00e4tten und Kongresszentren, im Schwerlastbetrieb von Industrielagern oder in den komplexen Umgebungen von Flugh\u00e4fen und Energieanlagen, diese Strukturen dienen dank ihrer hohen Tragf\u00e4higkeit und schnellen Konstruktion als Kerntr\u00e4ger f\u00fcr Bauvorhaben mit gro\u00dfen Spannweiten.<\/p>\n<p>\u2666 Produktionsst\u00e4tten;<\/p>\n<p>\u2666 Lagerh\u00e4user;<\/p>\n<p>\u2666 Einkaufszentren;<\/p>\n<p>\u2666 Landwirtschaftliche Geb\u00e4ude;<\/p>\n<p>\u2666 Flugzeughangars;<\/p>\n<p>\u2666 Sporthallen;<\/p>\n<p>\u2666 K\u00fchllagerung.<\/p>\n<h3 style=\"font-weight: 400;\"><strong>Produkt-Parameter<\/strong><\/h3>\n<table style=\"font-weight: 400;\">\n<tbody>\n<tr>\n<td>Produkte<\/td>\n<td>\n<p style=\"font-weight: 400;\"><span style=\"font-weight: 400;\">Vorgefertigtes Geb\u00e4ude mit Stahlkonstruktion<\/span><\/p>\n<\/td>\n<\/tr>\n<tr>\n<td>Typ<\/td>\n<td>H-Tr\u00e4ger, S\u00e4ule, Zuganker, Fachwerk, Kastenst\u00fctze<\/td>\n<\/tr>\n<tr>\n<td>Hauptmaterial<\/td>\n<td>Q235B(ASTM A36,S235JR), Q355B<\/td>\n<\/tr>\n<tr>\n<td>Oberfl\u00e4chenbehandlung<\/td>\n<td>Lackierung, Verzinkt<\/td>\n<\/tr>\n<tr>\n<td>Prozess-Schneiden<\/td>\n<td><span data-slate-fragment=\"JTVCJTdCJTIydHlwZSUyMiUzQSUyMnBhcmFncmFwaCUyMiUyQyUyMmNoaWxkcmVuJTIyJTNBJTVCJTdCJTIyaWQlMjIlM0ElMjJWb0F4N0pYM3FuJTIyJTJDJTIycGFyYUlkeCUyMiUzQTAlMkMlMjJzcmMlMjIlM0ElMjJDdXR0aW5nJTNBJTIwTGFzZXIlMjBjdXR0aW5nJTJDJTIwcGxhc21hJTIwY3V0dGluZyUyQyUyMGZsYW1lJTIwY3V0dGluZyUyQyUyMG9yJTIwd2F0ZXJqZXQlMjBjdXR0aW5nJTIwZm9yJTIwaW50cmljYXRlJTIwc2hhcGVzLiUyMiUyQyUyMmRzdCUyMiUzQSUyMiVFNSU4OCU4NyVFNSU4OSVCMiVFRiVCQyU5QSVFNyU5NCVBOCVFNCVCQSU4RSVFNSVBNCU4RCVFNiU5RCU4MiVFNSVCRCVBMiVFNyU4QSVCNiVFNyU5QSU4NCVFNiVCRiU4MCVFNSU4NSU4OSVFNSU4OCU4NyVFNSU4OSVCMiVFMyU4MCU4MSVFNyVBRCU4OSVFNyVBNiVCQiVFNSVBRCU5MCVFNSU4OCU4NyVFNSU4OSVCMiVFMyU4MCU4MSVFNyU4MSVBQiVFNyU4NCVCMCVFNSU4OCU4NyVFNSU4OSVCMiVFNiU4OCU5NiVFNiVCMCVCNCVFNSVCMCU4NCVFNiVCNSU4MSVFNSU4OCU4NyVFNSU4OSVCMiVFMyU4MCU4MiUyMiUyQyUyMm1ldGFkYXRhJTIyJTNBJTIyJTIyJTJDJTIybWF0Y2hlcyUyMiUzQW51bGwlMkMlMjJtZXRhRGF0YSUyMiUzQSU1QiU1RCUyQyUyMnRleHQlMjIlM0ElMjJMYXNlciUyMGN1dHRpbmclMkMlMjBwbGFzbWElMjBjdXR0aW5nJTJDJTIwZmxhbWUlMjBjdXR0aW5nJTJDJTIwb3IlMjB3YXRlcmpldCUyMGN1dHRpbmclMjBmb3IlMjBpbnRyaWNhdGUlMjBzaGFwZXMlMjIlN0QlNUQlN0QlNUQ=\">Laserschneiden, Plasmaschneiden, Brennschneiden f\u00fcr komplizierte Formen<\/span><\/td>\n<\/tr>\n<tr>\n<td>Bildung von<\/td>\n<td><span data-slate-fragment=\"JTVCJTdCJTIydHlwZSUyMiUzQSUyMnBhcmFncmFwaCUyMiUyQyUyMmNoaWxkcmVuJTIyJTNBJTVCJTdCJTIyaWQlMjIlM0ElMjI5WHdZdlJEdnFQJTIyJTJDJTIycGFyYUlkeCUyMiUzQTElMkMlMjJzcmMlMjIlM0ElMjJGb3JtaW5nJTNBJTIwUHJlc3MlMjBicmFraW5nJTJDJTIwcm9sbGluZyUyQyUyMGFuZCUyMGJlbmRpbmclMjB0byUyMG1lZXQlMjBjb21wbGV4JTIwc3RydWN0dXJhbCUyMGRlc2lnbnMuJTIyJTJDJTIyZHN0JTIyJTNBJTIyJUU2JTg4JTkwJUU1JTlFJThCJUVGJUJDJTlBJUU1JThFJThCJUU1JTg4JUI2JUU1JTg4JUI2JUU1JThBJUE4JUUzJTgwJTgxJUU4JUJEJUE3JUU1JTg4JUI2JUU1JTkyJThDJUU1JUJDJUFGJUU2JTlCJUIyJUVGJUJDJThDJUU0JUJCJUE1JUU2JUJCJUExJUU4JUI2JUIzJUU1JUE0JThEJUU2JTlEJTgyJUU3JTlBJTg0JUU3JUJCJTkzJUU2JTlFJTg0JUU4JUFFJUJFJUU4JUFFJUExJUUzJTgwJTgyJTIyJTJDJTIybWV0YWRhdGElMjIlM0ElMjIlMjIlMkMlMjJtYXRjaGVzJTIyJTNBbnVsbCUyQyUyMm1ldGFEYXRhJTIyJTNBJTVCJTVEJTJDJTIydGV4dCUyMiUzQSUyMnJvbGxpbmclMkMlMjBhbmQlMjBiZW5kaW5nJTIwdG8lMjBtZWV0JTIwY29tcGxleCUyMHN0cnVjdHVyYWwlMjBkZXNpZ25zJTIyJTdEJTVEJTdEJTVE\">Walzen und Biegen zur Erf\u00fcllung komplexer Konstruktionsaufgaben<\/span><\/td>\n<\/tr>\n<tr>\n<td>Schwei\u00dfen<\/td>\n<td><span data-slate-fragment=\"JTVCJTdCJTIydHlwZSUyMiUzQSUyMnBhcmFncmFwaCUyMiUyQyUyMmNoaWxkcmVuJTIyJTNBJTVCJTdCJTIyaWQlMjIlM0ElMjJWRXExS2pFTTUwJTIyJTJDJTIycGFyYUlkeCUyMiUzQTIlMkMlMjJzcmMlMjIlM0ElMjJXZWxkaW5nJTNBJTIwSGlnaC1xdWFsaXR5JTIwd2VsZGluZyUyMChNSUclMkMlMjBUSUclMkMlMjBzdWJtZXJnZWQlMjBhcmMpJTIwZm9yJTIwcm9idXN0JTIwam9pbnRzLiUyMiUyQyUyMmRzdCUyMiUzQSUyMiVFNyU4NCU4QSVFNiU4RSVBNSVFRiVCQyU5QSVFNyU5NCVBOCVFNCVCQSU4RSVFNSU5RCU5QSVFNSU5QiVCQSVFNiU4RSVBNSVFNSVBNCVCNCVFNyU5QSU4NCVFOSVBQiU5OCVFOCVCNCVBOCVFOSU4NyU4RiVFNyU4NCU4QSVFNiU4RSVBNSVFRiVCQyU4OE1JRyVFMyU4MCU4MVRJRyVFMyU4MCU4MSVFNSU5RiU4QiVFNSVCQyVBNyVFRiVCQyU4OSVFMyU4MCU4MiUyMiUyQyUyMm1ldGFkYXRhJTIyJTNBJTIyJTIyJTJDJTIybWF0Y2hlcyUyMiUzQW51bGwlMkMlMjJtZXRhRGF0YSUyMiUzQSU1QiU1RCUyQyUyMnRleHQlMjIlM0ElMjJNSUclMkMlMjBUSUclMkMlMjBzdWJtZXJnZWQlMjBhcmMlMjIlN0QlNUQlN0QlNUQ=\">MIG, TIG, Unterwasserlichtbogen<\/span><\/td>\n<\/tr>\n<tr>\n<td>Bearbeitung<\/td>\n<td><span data-slate-fragment=\"JTVCJTdCJTIydHlwZSUyMiUzQSUyMnBhcmFncmFwaCUyMiUyQyUyMmNoaWxkcmVuJTIyJTNBJTVCJTdCJTIyaWQlMjIlM0ElMjJqTDVST1lnQndvJTIyJTJDJTIycGFyYUlkeCUyMiUzQTMlMkMlMjJzcmMlMjIlM0ElMjJNYWNoaW5pbmclM0ElMjBEcmlsbGluZyUyQyUyMG1pbGxpbmclMkMlMjBhbmQlMjB0aHJlYWRpbmclMjBmb3IlMjBwcmVjaXNlJTIwZml0dGluZ3MuJTIyJTJDJTIyZHN0JTIyJTNBJTIyJUU2JTlDJUJBJUU2JUEyJUIwJUU1JThBJUEwJUU1JUI3JUE1JUVGJUJDJTlBJUU3JTk0JUE4JUU0JUJBJThFJUU3JUIyJUJFJUU1JUFGJTg2JUU5JTg1JThEJUU0JUJCJUI2JUU3JTlBJTg0JUU5JTkyJUJCJUU1JUFEJTk0JUUzJTgwJTgxJUU5JTkzJUEzJUU1JTg5JThBJUU1JTkyJThDJUU4JTlFJUJBJUU3JUJBJUI5JUU1JThBJUEwJUU1JUI3JUE1JUUzJTgwJTgyJTIyJTJDJTIybWV0YWRhdGElMjIlM0ElMjIlMjIlMkMlMjJtYXRjaGVzJTIyJTNBbnVsbCUyQyUyMm1ldGFEYXRhJTIyJTNBJTVCJTVEJTJDJTIydGV4dCUyMiUzQSUyMkRyaWxsaW5nJTJDJTIwbWlsbGluZyUyQyUyMGFuZCUyMHRocmVhZGluZyUyMGZvciUyMHByZWNpc2UlMjBmaXR0aW5ncyUyMiU3RCU1RCU3RCU1RA==\">Bohren, Fr\u00e4sen f\u00fcr pr\u00e4zise Beschl\u00e4ge<\/span><\/td>\n<\/tr>\n<tr>\n<td>Qualit\u00e4tskontrolle<\/td>\n<td>QC-Inspektion, Inspektion durch Dritte<\/td>\n<\/tr>\n<tr>\n<td>Paket<\/td>\n<td>Wie gew\u00fcnscht<\/td>\n<\/tr>\n<\/tbody>\n<\/table>\n<p>&nbsp;<\/p>\n<p>&nbsp;<\/p>","protected":false},"excerpt":{"rendered":"<p>Das vorgefertigte Stahlkonstruktionsgeb\u00e4ude, das als Space-Frame-Werkstatt und -Lager konzipiert ist, verf\u00fcgt \u00fcber Hauptkomponenten, die im Werk vollst\u00e4ndig vorgefertigt werden, bevor sie zur Montage und Installation zur Baustelle transportiert werden. Es entspricht den einschl\u00e4gigen Normen wie AISC, EN1090, CWB und JIS und gew\u00e4hrleistet die Einhaltung von Vorschriften und die Zuverl\u00e4ssigkeit des Produkts w\u00e4hrend der gesamten Herstellungs- und Bauphase. Es handelt sich um eine vollst\u00e4ndig vorgefertigte Stahlkonstruktion, die die Funktionen der Werkstattproduktion und der Lagerhaltung nahtlos integriert. Vorgefertigtes Stahlgeb\u00e4ude, das den weltweiten Normen (AISC, EN1090, CWB, JIS) entspricht. Hauptrahmen: Q355B \/ ASTM A572 \/ S355JR H-Profile. C\/Z-Pfetten, isolierte oder einschalige Verkleidung. CNC-Pr\u00e4zision, verschraubte Montage. Lichte Spannweite bis zu 60m+. Feuerverzinkt. 50+ Jahre Lebensdauer. SGS\/BV-Pr\u00fcfung verf\u00fcgbar.<\/p>","protected":false},"featured_media":3366,"comment_status":"open","ping_status":"closed","template":"","meta":{"_acf_changed":false},"product_brand":[],"product_cat":[29],"product_tag":[],"class_list":{"0":"post-2401","1":"product","2":"type-product","3":"status-publish","4":"has-post-thumbnail","6":"product_cat-spatial-grid-structure","8":"first","9":"instock","10":"shipping-taxable","11":"product-type-simple"},"acf":[],"_links":{"self":[{"href":"https:\/\/sdshijie.com\/de\/wp-json\/wp\/v2\/product\/2401","targetHints":{"allow":["GET"]}}],"collection":[{"href":"https:\/\/sdshijie.com\/de\/wp-json\/wp\/v2\/product"}],"about":[{"href":"https:\/\/sdshijie.com\/de\/wp-json\/wp\/v2\/types\/product"}],"replies":[{"embeddable":true,"href":"https:\/\/sdshijie.com\/de\/wp-json\/wp\/v2\/comments?post=2401"}],"wp:featuredmedia":[{"embeddable":true,"href":"https:\/\/sdshijie.com\/de\/wp-json\/wp\/v2\/media\/3366"}],"wp:attachment":[{"href":"https:\/\/sdshijie.com\/de\/wp-json\/wp\/v2\/media?parent=2401"}],"wp:term":[{"taxonomy":"product_brand","embeddable":true,"href":"https:\/\/sdshijie.com\/de\/wp-json\/wp\/v2\/product_brand?post=2401"},{"taxonomy":"product_cat","embeddable":true,"href":"https:\/\/sdshijie.com\/de\/wp-json\/wp\/v2\/product_cat?post=2401"},{"taxonomy":"product_tag","embeddable":true,"href":"https:\/\/sdshijie.com\/de\/wp-json\/wp\/v2\/product_tag?post=2401"}],"curies":[{"name":"wp","href":"https:\/\/api.w.org\/{rel}","templated":true}]}}