{"id":2140,"date":"2025-12-27T00:57:12","date_gmt":"2025-12-27T00:57:12","guid":{"rendered":"https:\/\/sdshijie.com\/?post_type=product&#038;p=2140"},"modified":"2026-03-26T08:37:26","modified_gmt":"2026-03-26T08:37:26","slug":"prefab-high-rise-steel-building-construction-steel-structure-fabrication","status":"publish","type":"product","link":"https:\/\/sdshijie.com\/de\/produkt\/prefab-high-rise-steel-building-construction-steel-structure-fabrication\/","title":{"rendered":"Portalstahlbau &amp; ASTM AISC PEB-Lager"},"content":{"rendered":"<div class=\"page-wrap template1\">\n<h2>Vorgefertigtes Stahl-Portalrahmen-Lager mit hohem Standard<\/h2>\n<p>&nbsp;<\/p>\n<h3>Hauptmerkmale und Vorteile<\/h3>\n<p>Die Lagerkonstruktionen in Stahlportalbauweise sind in Modulbauweise vorgefertigt, was eine schnelle Installation und eine kurze Bauzeit erm\u00f6glicht. Die st\u00fctzenfreie Struktur mit gro\u00dfer Spannweite schafft einen ger\u00e4umigen Innenraum. Die Strukturen bieten eine stabile Leistung und entsprechen den internationalen Baunormen. Sie stellen eine hocheffiziente, kosteng\u00fcnstige und praktische L\u00f6sung f\u00fcr die moderne Lagerhaltung dar.<\/p>\n<p>\u2666 40% leichter, 50% schneller gebaut;<\/p>\n<p>\u2666 Spaltenfrei, maximaler Platz;<\/p>\n<p>\u2666 Wartungsfrei, 50+ Jahre;<\/p>\n<p>\u2666 AISC-konform, erdbeben- und windbest\u00e4ndig;<\/p>\n<p>\u2666 Ausbauf\u00e4hig und umzugsf\u00e4hig.<\/p>\n<h3>Anwendungen<\/h3>\n<p>Lagerhallen aus Stahl in Portalbauweise sind vielseitig einsetzbar, z. B. in Industrieanlagen, Logistiklagern, E-Commerce-Fulfillment-Centern und landwirtschaftlichen Lagereinrichtungen. Sie k\u00f6nnen je nach Bedarf als tempor\u00e4re oder permanente Strukturen errichtet werden und sind \u00e4u\u00dferst anpassungsf\u00e4hig an verschiedene Gel\u00e4nde und Branchen, was sie \u00e4u\u00dferst praktisch macht.<\/p>\n<p>\u2666 Industrielle Lagerung;<\/p>\n<p>\u2666 Landwirtschaftliche Lagerung;<\/p>\n<p>\u2666 Raue Umgebungen;<\/p>\n<p>\u2666 Vor\u00fcbergehende Einrichtungen.<\/p>\n<h3>Technische Parameter<\/h3>\n<table style=\"height: 521px;\" width=\"1151\">\n<tbody>\n<tr>\n<td>Produkte<\/td>\n<td>\n<p style=\"font-weight: 400;\">Balken,S\u00e4ulen,H-Profil,Gitters\u00e4ule,Kastentr\u00e4ger,Rohr,kreuzf\u00f6rmige S\u00e4ule<\/p>\n<\/td>\n<\/tr>\n<tr>\n<td>Hauptmaterial<\/td>\n<td>Q235B(ASTM A36,S235JR), Q355B<\/td>\n<\/tr>\n<tr>\n<td>Oberfl\u00e4chenbehandlung<\/td>\n<td>Lackierung, Verzinkt<\/td>\n<\/tr>\n<tr>\n<td>Prozess<\/td>\n<td>Schneiden, Lochen, Montage, Schwei\u00dfen, Lackieren\/HDG, Verpacken<\/td>\n<\/tr>\n<tr>\n<td>Qualit\u00e4tskontrolle<\/td>\n<td>QC-Inspektion, Inspektion durch Dritte<\/td>\n<\/tr>\n<tr>\n<td>Farbe<\/td>\n<td>Wie gew\u00fcnscht<\/td>\n<\/tr>\n<\/tbody>\n<\/table>\n<\/div>","protected":false},"excerpt":{"rendered":"<p>Vorgefertigtes Metallgeb\u00e4ude, das den AISC\/ASTM-Normen entspricht. Hauptrahmen: verj\u00fcngtes H-Profil (ASTM A992\/G\u00fcteklasse 65). Sekund\u00e4rrahmen: kaltgeformte C\/Z-Pfetten G550. Spannweite 20-100 m, Traufh\u00f6he 6-20 m. Feuerverzinkt. Lebensdauer 50+ Jahre. Diese Lagerhallen in Stahlportalbauweise werden in leichter Portalbauweise konstruiert und nach internationalen und nationalen Normen wie AISC und GB gefertigt. Dieses Design verleiht der Struktur nicht nur eine au\u00dfergew\u00f6hnliche Tragf\u00e4higkeit, sondern erm\u00f6glicht auch die problemlose Aufnahme von Langzeitbelastungen durch Schwerlastregale, Gro\u00dfger\u00e4te und Fracht mit hoher Dichte.<\/p>","protected":false},"featured_media":3355,"comment_status":"open","ping_status":"closed","template":"","meta":{"_acf_changed":false},"product_brand":[],"product_cat":[26],"product_tag":[],"class_list":{"0":"post-2140","1":"product","2":"type-product","3":"status-publish","4":"has-post-thumbnail","6":"product_cat-portal-steel-structure","8":"first","9":"instock","10":"shipping-taxable","11":"product-type-simple"},"acf":[],"_links":{"self":[{"href":"https:\/\/sdshijie.com\/de\/wp-json\/wp\/v2\/product\/2140","targetHints":{"allow":["GET"]}}],"collection":[{"href":"https:\/\/sdshijie.com\/de\/wp-json\/wp\/v2\/product"}],"about":[{"href":"https:\/\/sdshijie.com\/de\/wp-json\/wp\/v2\/types\/product"}],"replies":[{"embeddable":true,"href":"https:\/\/sdshijie.com\/de\/wp-json\/wp\/v2\/comments?post=2140"}],"wp:featuredmedia":[{"embeddable":true,"href":"https:\/\/sdshijie.com\/de\/wp-json\/wp\/v2\/media\/3355"}],"wp:attachment":[{"href":"https:\/\/sdshijie.com\/de\/wp-json\/wp\/v2\/media?parent=2140"}],"wp:term":[{"taxonomy":"product_brand","embeddable":true,"href":"https:\/\/sdshijie.com\/de\/wp-json\/wp\/v2\/product_brand?post=2140"},{"taxonomy":"product_cat","embeddable":true,"href":"https:\/\/sdshijie.com\/de\/wp-json\/wp\/v2\/product_cat?post=2140"},{"taxonomy":"product_tag","embeddable":true,"href":"https:\/\/sdshijie.com\/de\/wp-json\/wp\/v2\/product_tag?post=2140"}],"curies":[{"name":"wp","href":"https:\/\/api.w.org\/{rel}","templated":true}]}}