{"id":2108,"date":"2025-12-27T00:23:35","date_gmt":"2025-12-27T00:23:35","guid":{"rendered":"https:\/\/sdshijie.com\/?post_type=product&#038;p=2108"},"modified":"2026-03-26T08:44:25","modified_gmt":"2026-03-26T08:44:25","slug":"large-span-steel-structure-warehouse-astm572-for-primary-framework","status":"publish","type":"product","link":"https:\/\/sdshijie.com\/de\/produkt\/large-span-steel-structure-warehouse-astm572-for-primary-framework\/","title":{"rendered":"Kundenspezifisches Portal-Stahlbau-Vollgang-Lager"},"content":{"rendered":"<h2>Mehrzweck-Portal-Stahlbau-Durchgangslager<\/h2>\n<p>&nbsp;<\/p>\n<h3>Hauptmerkmale und Vorteile<\/h3>\n<p>Dieses speziell f\u00fcr gro\u00dffl\u00e4chige Lageranwendungen konzipierte Portallager aus Stahl verf\u00fcgt \u00fcber ein st\u00fctzenfreies 100%-Design, das die nutzbare Innenfl\u00e4che maximiert. Der Raum kann jederzeit erweitert werden, um dem tats\u00e4chlichen Bedarf gerecht zu werden, und wird so den Anforderungen moderner Lagerhaltung voll gerecht. Das flexible Design passt sich an verschiedene Gel\u00e4ndeformen an - ob flaches Land oder komplexe Topografie - und erm\u00f6glicht einen schnellen Aufbau. Die strukturelle Stabilit\u00e4t bleibt vom Gel\u00e4nde unbeeinflusst, so dass diese Lagerh\u00e4user f\u00fcr ein breites Spektrum von Anwendungen geeignet sind.<\/p>\n<p>\u2666 100% s\u00e4ulenfrei;<\/p>\n<p>\u2666 80m+ freie Spannweite;<\/p>\n<p>\u2666 50% schneller bauen;<\/p>\n<p>\u2666 Wartungsfrei, 50+ Jahre;<\/p>\n<p>\u2666 Gro\u00dfe T\u00fcren;<\/p>\n<p>\u2666 Kran bereit;<\/p>\n<p>\u2666 Ausbauf\u00e4hig.<\/p>\n<h3>Anwendungen<\/h3>\n<p>Mit zentralen Vorteilen wie gro\u00dfen Spannweiten, hoher Tragf\u00e4higkeit, schneller Konstruktion und starker Anpassungsf\u00e4higkeit erf\u00fcllen Portalstahlkonstruktionen perfekt die strengen Anforderungen an r\u00e4umliche Ausma\u00dfe, funktionale Bed\u00fcrfnisse und Sicherheitsleistungen in verschiedenen Anwendungen. In verschiedenen Umgebungen wie Flugzeughangars, Lagerhallen und Ausstellungshallen dienen sie als wichtiger architektonischer Rahmen, der die Kernfunktionen unterst\u00fctzt und einen effizienten Betrieb erm\u00f6glicht und durch seine robusten F\u00e4higkeiten die unendlichen M\u00f6glichkeiten verschiedener r\u00e4umlicher Anwendungen freisetzt.<\/p>\n<p>\u2666 Flugzeughangars;<\/p>\n<p>\u2666 Lagerh\u00e4user;<\/p>\n<p>\u2666 Ausstellungsr\u00e4ume;<\/p>\n<p>\u2666 Sportarenen;<\/p>\n<p>\u2666 Ausstellungshallen;<\/p>\n<p>\u2666 Landwirtschaftliche Lagerung;<\/p>\n<p>\u2666 Industrielle Werkst\u00e4tten.<\/p>\n<h3>Technische \u00dcberlegenheit gegen\u00fcber Betonkonstruktionen<\/h3>\n<table style=\"font-weight: 400;\">\n<thead>\n<tr>\n<th style=\"font-weight: 400;\">Leistungsmetrik<\/th>\n<th style=\"font-weight: 400;\">Stahlkonstruktion<\/th>\n<th style=\"font-weight: 400;\">Struktur aus Beton<\/th>\n<th style=\"font-weight: 400;\">Verbesserungsrate<\/th>\n<\/tr>\n<\/thead>\n<tbody>\n<tr>\n<td>Verh\u00e4ltnis St\u00e4rke\/Gewicht<\/td>\n<td>490MPa Streckgrenze<\/td>\n<td>30MPa Druckfestigkeit<\/td>\n<td>1630%\u2191<\/td>\n<\/tr>\n<tr>\n<td>Baugeschwindigkeit<\/td>\n<td>500m\u00b2\/Tag<\/td>\n<td>150m\u00b2\/Tag<\/td>\n<td>233%\u2191<\/td>\n<\/tr>\n<tr>\n<td>Seismische Leistung<\/td>\n<td>Duktilit\u00e4tskoeffizient \u03bc=6-8<\/td>\n<td>\u03bc=3-4<\/td>\n<td>100%\u2191<\/td>\n<\/tr>\n<tr>\n<td>Kohlenstoff-Fu\u00dfabdruck<\/td>\n<td>85% recycelbar<\/td>\n<td>40% recycelbar<\/td>\n<td>112%\u2193<\/td>\n<\/tr>\n<\/tbody>\n<\/table>\n<p>&nbsp;<\/p>\n<table border=\"1\">\n<colgroup>\n<col \/>\n<col \/><\/colgroup>\n<tbody>\n<tr>\n<td>Name des Produkts<\/td>\n<td>\u00a0 \u00a0 Stahl-Lagerhaus<\/td>\n<\/tr>\n<tr>\n<td>Material<\/td>\n<td>\u00a0 \u00a0 ASTM; GB;<\/td>\n<\/tr>\n<tr>\n<td>Oberfl\u00e4che<\/td>\n<td>\u00a0 \u00a0 Gemalt<\/td>\n<\/tr>\n<\/tbody>\n<\/table>\n<p style=\"font-weight: 400;\">","protected":false},"excerpt":{"rendered":"<p>Ma\u00dfgefertigte Vollganglager in Portal-Stahlbauweise mit Durchgangskonstruktion erleichtern den Zugang und die Verwaltung der Waren. Das offene und luftige Layout erm\u00f6glicht eine strukturelle Optimierung, die auf die spezifischen betrieblichen Anforderungen des Kunden zugeschnitten ist. Mit einem gut durchdachten Allgang-Layout und einem reibungslosen Logistikfluss sind diese Einrichtungen ideal f\u00fcr gro\u00dfe Lagerbetriebe. Starrer Portalrahmen mit H-Profil-St\u00fctzen\/Sparren (Q355B\/ASTM A572). Freitragende Konstruktion, keine Innenst\u00fctzen. Geschraubte Verbindungen, C\/Z-Pfetten. Feuerverzinkt oder epoxidbeschichtet. Spannweite 20-80m (bis zu 120m), Traufh\u00f6he 5-25m. Krantauglich (5-50T). 50+ Jahre Lebensdauer. AISC\/IBC-konform.<\/p>","protected":false},"featured_media":3357,"comment_status":"open","ping_status":"closed","template":"","meta":{"_acf_changed":false},"product_brand":[],"product_cat":[26],"product_tag":[],"class_list":{"0":"post-2108","1":"product","2":"type-product","3":"status-publish","4":"has-post-thumbnail","6":"product_cat-portal-steel-structure","8":"first","9":"instock","10":"shipping-taxable","11":"product-type-simple"},"acf":[],"_links":{"self":[{"href":"https:\/\/sdshijie.com\/de\/wp-json\/wp\/v2\/product\/2108","targetHints":{"allow":["GET"]}}],"collection":[{"href":"https:\/\/sdshijie.com\/de\/wp-json\/wp\/v2\/product"}],"about":[{"href":"https:\/\/sdshijie.com\/de\/wp-json\/wp\/v2\/types\/product"}],"replies":[{"embeddable":true,"href":"https:\/\/sdshijie.com\/de\/wp-json\/wp\/v2\/comments?post=2108"}],"wp:featuredmedia":[{"embeddable":true,"href":"https:\/\/sdshijie.com\/de\/wp-json\/wp\/v2\/media\/3357"}],"wp:attachment":[{"href":"https:\/\/sdshijie.com\/de\/wp-json\/wp\/v2\/media?parent=2108"}],"wp:term":[{"taxonomy":"product_brand","embeddable":true,"href":"https:\/\/sdshijie.com\/de\/wp-json\/wp\/v2\/product_brand?post=2108"},{"taxonomy":"product_cat","embeddable":true,"href":"https:\/\/sdshijie.com\/de\/wp-json\/wp\/v2\/product_cat?post=2108"},{"taxonomy":"product_tag","embeddable":true,"href":"https:\/\/sdshijie.com\/de\/wp-json\/wp\/v2\/product_tag?post=2108"}],"curies":[{"name":"wp","href":"https:\/\/api.w.org\/{rel}","templated":true}]}}