{"id":2107,"date":"2025-12-27T00:18:57","date_gmt":"2025-12-27T00:18:57","guid":{"rendered":"https:\/\/sdshijie.com\/?post_type=product&#038;p=2107"},"modified":"2026-03-27T03:13:45","modified_gmt":"2026-03-27T03:13:45","slug":"prefab-steel-structure-workshop-warehouse-engineered-steel-building-aisc-en1090-cwb-jis","status":"publish","type":"product","link":"https:\/\/sdshijie.com\/de\/produkt\/prefab-steel-structure-workshop-warehouse-engineered-steel-building-aisc-en1090-cwb-jis\/","title":{"rendered":"Stadion Vorgefertigtes r\u00e4umliches Stahlgeb\u00e4ude Gro\u00dfe Spannweite Raumprojekt"},"content":{"rendered":"<div class=\"page-wrap template1\">\n<h2>Stahlkonstruktion Werkstatt Lagerhalle Fertigteilwerkstatt Stahlbau AISC EN1090 CWB JIS<\/h2>\n<p>&nbsp;<\/p>\n<h3>Hauptmerkmale und Vorteile<\/h3>\n<p>Das gro\u00dffl\u00e4chige Stahlfertigteilprojekt f\u00fcr ein Stadion nutzt die innovative Stahlfertigteiltechnologie, um eine robuste Tragf\u00e4higkeit und flexible Raumaufteilung zu gew\u00e4hrleisten. Die Konstruktion mit gro\u00dfer Spannweite eliminiert Hindernisse durch zentrale S\u00e4ulen und schafft einen gro\u00dfz\u00fcgigen Zuschauerbereich, der sowohl das Zuschauererlebnis als auch die Funktionalit\u00e4t des Stadions verbessert.<\/p>\n<p>\u2666 150m+ freie Spannweite;<\/p>\n<p>\u2666 50% schneller bauen;<\/p>\n<p>\u2666 Seismisch widerstandsf\u00e4hig;<\/p>\n<p>\u2666 Wartungsfrei, 50+ Jahre;<\/p>\n<p>\u2666 Leichtes Gewicht, geringere Gr\u00fcndungskosten.<\/p>\n<h3>Anwendungen<\/h3>\n<p>Vorgefertigte Stahlgitterkonstruktionen f\u00fcr Sportst\u00e4tten werden beim Bau verschiedener spezialisierter Sporteinrichtungen verwendet, darunter gro\u00dfe Mehrzweckstadien, Profifu\u00dfballfelder, Leichtathletikstadien und Sporthallen, die ein breites Spektrum an Sportst\u00e4tten f\u00fcr den Leistungssport und die \u00f6ffentliche Fitness abdecken. Diese Bauwerke sind f\u00fcr die unterschiedlichen baulichen Anforderungen von Sporteinrichtungen konzipiert und bieten sichere, ger\u00e4umige und praktische R\u00e4ume f\u00fcr eine Vielzahl von sportbezogenen Aktivit\u00e4ten, wie z. B. die Ausrichtung von Wettk\u00e4mpfen, t\u00e4gliches Training und \u00f6ffentliche Fitnessprogramme.<\/p>\n<p>\u2666 Sportstadien;<\/p>\n<p>\u2666 Mehrzweckhallen;<\/p>\n<p>\u2666 Olympische St\u00e4tten;<\/p>\n<p>\u2666 Konzert-Amphitheater;<\/p>\n<p>\u2666 Reitsportstadien;<\/p>\n<p>\u2666 Tennis-Stadien.<\/p>\n<h3>Technische Parameter<strong>s<\/strong><\/h3>\n<table border=\"1\">\n<tbody>\n<tr>\n<td>Produkte<\/td>\n<td>Werkstatt f\u00fcr Stahlkonstruktionen<\/td>\n<\/tr>\n<tr>\n<td>Anmeldung<\/td>\n<td>Industriewerkstatt, Anlagen, Ausr\u00fcstungsplattform<\/td>\n<\/tr>\n<tr>\n<td>Hauptmaterial<\/td>\n<td>Q235B(ASTM A36,S235JR), Q355B<\/td>\n<\/tr>\n<tr>\n<td>Oberfl\u00e4chenbehandlung<\/td>\n<td>Lackierung, Verzinkt<\/td>\n<\/tr>\n<tr>\n<td>Prozess<\/td>\n<td>Schneiden, Lochen, Montage, Schwei\u00dfen, Lackieren\/HDG, Verpacken<\/td>\n<\/tr>\n<tr>\n<td>Qualit\u00e4tskontrolle<\/td>\n<td>QC-Inspektion, Inspektion durch Dritte<\/td>\n<\/tr>\n<tr>\n<td>Paket<\/td>\n<td>Eisenrahmen, 40GP-Beh\u00e4lter<\/td>\n<\/tr>\n<\/tbody>\n<\/table>\n<p>&nbsp;<\/p>\n<\/div>\n<div class=\"page-wrap template1\">\n<h3>FAQ:<\/h3>\n<p><strong>\u00a0F: Wie lautet der Markenname des Stahlbauprodukts?<\/strong><\/p>\n<p>A: Der Markenname ist Shijie Heavy Industry.<\/p>\n<p><strong>\u00a0F: \u00dcber welche Zertifizierungen verf\u00fcgt das Stahlbauprodukt?<\/strong><\/p>\n<p>A: Das Produkt ist nach CE, AISC, ISO, JIS und CWB zertifiziert.<\/p>\n<p><strong>\u00a0F: Wo wird das Stahlbauprodukt hergestellt?<\/strong><\/p>\n<p>A: Das Produkt wird in China hergestellt.<\/p>\n<p><strong>F: Wie lauten die Zahlungsbedingungen f\u00fcr den Kauf des Produkts Teel Structure?<\/strong><\/p>\n<p>A: Die Zahlungsbedingungen sind T\/T (Telegraphic Transfer).<\/p>\n<p><strong>\u00a0F: Wie hoch ist die Mindestbestellmenge f\u00fcr das Produkt Stahlbau?<\/strong><\/p>\n<p>A: Die Mindestbestellmenge betr\u00e4gt 20 Tonnen.<\/p>\n<\/div>","protected":false},"excerpt":{"rendered":"<p>Bei dem Projekt handelt es sich um eine gro\u00dffl\u00e4chige, vorgefertigte Stahlgitterkonstruktion, die speziell f\u00fcr Sportstadien entwickelt wurde. Das Herzst\u00fcck ist ein gitterbasiertes Stahlkonstruktionssystem, das sich durch hochpr\u00e4zise vorgefertigte Komponenten und eine einfache Installation auszeichnet. Die einzigartige Gitterkonstruktion gew\u00e4hrleistet eine au\u00dfergew\u00f6hnliche strukturelle Stabilit\u00e4t und Haltbarkeit und eignet sich daher ideal f\u00fcr die Konstruktion wichtiger Strukturelemente in verschiedenen Sportst\u00e4tten, einschlie\u00dflich \u00dcberdachungen, auskragender Traufen und Zuschauertrib\u00fcnen. Vorgefertigtes Stahlstadion f\u00fcr gro\u00df angelegte Sportstadien. Lichte Spannweite bis zu 150 m+ mit Portalrahmen oder Space-Frame-Dach. Stahl: Q355B \/ ASTM A572 \/ S355JR. Mehrst\u00f6ckige Sitzpl\u00e4tze, integrierte Konzessionen. Geschraubte Montage, feuerverzinkt. \u00dcber 50 Jahre Lebensdauer. AISC\/IBC\/Eurocode-konform.<\/p>","protected":false},"featured_media":3367,"comment_status":"open","ping_status":"closed","template":"","meta":{"_acf_changed":false},"product_brand":[],"product_cat":[29],"product_tag":[],"class_list":{"0":"post-2107","1":"product","2":"type-product","3":"status-publish","4":"has-post-thumbnail","6":"product_cat-spatial-grid-structure","8":"first","9":"instock","10":"shipping-taxable","11":"product-type-simple"},"acf":[],"_links":{"self":[{"href":"https:\/\/sdshijie.com\/de\/wp-json\/wp\/v2\/product\/2107","targetHints":{"allow":["GET"]}}],"collection":[{"href":"https:\/\/sdshijie.com\/de\/wp-json\/wp\/v2\/product"}],"about":[{"href":"https:\/\/sdshijie.com\/de\/wp-json\/wp\/v2\/types\/product"}],"replies":[{"embeddable":true,"href":"https:\/\/sdshijie.com\/de\/wp-json\/wp\/v2\/comments?post=2107"}],"wp:featuredmedia":[{"embeddable":true,"href":"https:\/\/sdshijie.com\/de\/wp-json\/wp\/v2\/media\/3367"}],"wp:attachment":[{"href":"https:\/\/sdshijie.com\/de\/wp-json\/wp\/v2\/media?parent=2107"}],"wp:term":[{"taxonomy":"product_brand","embeddable":true,"href":"https:\/\/sdshijie.com\/de\/wp-json\/wp\/v2\/product_brand?post=2107"},{"taxonomy":"product_cat","embeddable":true,"href":"https:\/\/sdshijie.com\/de\/wp-json\/wp\/v2\/product_cat?post=2107"},{"taxonomy":"product_tag","embeddable":true,"href":"https:\/\/sdshijie.com\/de\/wp-json\/wp\/v2\/product_tag?post=2107"}],"curies":[{"name":"wp","href":"https:\/\/api.w.org\/{rel}","templated":true}]}}