{"id":2105,"date":"2025-12-27T00:06:20","date_gmt":"2025-12-27T00:06:20","guid":{"rendered":"https:\/\/sdshijie.com\/?post_type=product&#038;p=2105"},"modified":"2026-04-21T05:49:39","modified_gmt":"2026-04-21T05:49:39","slug":"heavy-duty-steel-bridge-fabrication-weather-resistant-pedestrian-bridge-kits-for-scenic-areas-industrial-zones","status":"publish","type":"product","link":"https:\/\/sdshijie.com\/de\/produkt\/heavy-duty-steel-bridge-fabrication-weather-resistant-pedestrian-bridge-kits-for-scenic-areas-industrial-zones\/","title":{"rendered":"Heavy-Duty Steel Box Girder Bridges"},"content":{"rendered":"<div>\n<h1>Stahl-Kasten-Tr\u00e4ger-Fu\u00dfg\u00e4ngerbr\u00fccke<\/h1>\n<p>&nbsp;<\/p>\n<div id=\"message-359536589811\" data-complete=\"true\">\n<h3><strong><b>Kern<\/b><\/strong><strong><b>\u00a0Merkmale &amp;<\/b><\/strong><strong><b>Vorteile<\/b><\/strong><\/h3>\n<p>Die geschlossene Kastenstruktur bietet eine hohe Festigkeit, ausgezeichnete Tragf\u00e4higkeit und \u00fcberragende Steifigkeit, wodurch sie \u00e4u\u00dferst verformungsbest\u00e4ndig ist. Er ist windfest, erdbebensicher und korrosionsbest\u00e4ndig, was Sicherheit und Langlebigkeit gew\u00e4hrleistet, und eignet sich ideal f\u00fcr den langfristigen Einsatz im Freien. Mit ihrem \u00e4sthetisch ansprechenden Design, das individuell angepasst werden kann, ist sie effizienter und bequemer als herk\u00f6mmliche Betonbr\u00fccken.<\/p>\n<h4>Unsere Hauptst\u00e4rken<\/h4>\n<p>Wir bieten professionelle OEM-Sonderanfertigungsdienste an;<br \/>\n\u2666 Wir haben ein engagiertes Team, das auf Kundenw\u00fcnsche und technische Anfragen umgehend reagiert;<br \/>\nWir besitzen die Qualit\u00e4tszertifikate EN1090, AISC, CWB und JIS;<br \/>\n\u2666 Wir verf\u00fcgen \u00fcber eine komplette Produktionslinie f\u00fcr kundenspezifische Produkte;<br \/>\nUnsere Anlage liegt in der N\u00e4he eines Seehafens und ist f\u00fcr Kundenbesuche und Frachttransporte leicht zug\u00e4nglich;<br \/>\nMit einer Produktionsfl\u00e4che von 150.000 Quadratmetern sind wir in der Lage, Gro\u00dfauftr\u00e4ge zu bearbeiten.<\/p>\n<h3><strong>Anwendungen<\/strong><\/h3>\n<p>Br\u00fcckenkonstruktionen aus Stahl in Kastenbauweise eignen sich vor allem f\u00fcr Anwendungen wie Fu\u00dfg\u00e4ngerbr\u00fccken in touristischen Gebieten, Zugangswege in Industriegebieten und \u00dcberf\u00fchrungen \u00fcber Hauptverkehrsstra\u00dfen. Sie erf\u00fcllen eine Vielzahl von technischen Anforderungen, darunter Haltbarkeit im Freien, sichere Passage und Umweltvertr\u00e4glichkeit.<\/p>\n<h3>Produkt-Parameter<\/h3>\n<table style=\"font-weight: 400;\">\n<tbody>\n<tr>\n<td>Name des Produkts<\/td>\n<td>\u00a0 \u00a0 Fu\u00dfg\u00e4ngerbr\u00fccke aus Stahl<\/td>\n<\/tr>\n<tr>\n<td>Material<\/td>\n<td>\u00a0 \u00a0 ASTM; EN; GB;<\/td>\n<\/tr>\n<tr>\n<td>Oberfl\u00e4che<\/td>\n<td>\u00a0 \u00a0 Gemalt; H.D.G<\/td>\n<\/tr>\n<\/tbody>\n<\/table>\n<p style=\"font-weight: 400;\">\n<\/div>\n<\/div>\n<div>\n<p class=\"marklang-paragraph\">\n<\/div>","protected":false},"excerpt":{"rendered":"<p>Kastentr\u00e4gerbr\u00fccken bestehen in der Regel aus Komponenten wie Stahltr\u00e4gern, Stahlplatten und Stahlseilen. Die Br\u00fccke wird konstruiert, indem Stahlplatten zu einem geschlossenen kastenf\u00f6rmigen Tr\u00e4ger verschwei\u00dft werden, der dann mit dem Br\u00fcckendeck, den Gel\u00e4ndern und anderen Elementen zu einer vollst\u00e4ndigen Br\u00fccke verbunden wird. Hochfester, homogener Stahl wird verwendet, um eine leichte und dennoch robuste Tragstruktur zu schaffen. Der modulare Aufbau erm\u00f6glicht eine effiziente Fertigung und eine schnelle Montage vor Ort. Alle wichtigen Komponenten werden im Werk bearbeitet, geschwei\u00dft, auf Korrosionsbest\u00e4ndigkeit behandelt und auf Qualit\u00e4t gepr\u00fcft, wodurch die Produktqualit\u00e4t sichergestellt wird.<\/p>","protected":false},"featured_media":5054,"comment_status":"open","ping_status":"closed","template":"","meta":{"_acf_changed":false},"product_brand":[],"product_cat":[31],"product_tag":[],"class_list":{"0":"post-2105","1":"product","2":"type-product","3":"status-publish","4":"has-post-thumbnail","6":"product_cat-bridge-engineering","8":"first","9":"instock","10":"shipping-taxable","11":"product-type-simple"},"acf":[],"_links":{"self":[{"href":"https:\/\/sdshijie.com\/de\/wp-json\/wp\/v2\/product\/2105","targetHints":{"allow":["GET"]}}],"collection":[{"href":"https:\/\/sdshijie.com\/de\/wp-json\/wp\/v2\/product"}],"about":[{"href":"https:\/\/sdshijie.com\/de\/wp-json\/wp\/v2\/types\/product"}],"replies":[{"embeddable":true,"href":"https:\/\/sdshijie.com\/de\/wp-json\/wp\/v2\/comments?post=2105"}],"wp:featuredmedia":[{"embeddable":true,"href":"https:\/\/sdshijie.com\/de\/wp-json\/wp\/v2\/media\/5054"}],"wp:attachment":[{"href":"https:\/\/sdshijie.com\/de\/wp-json\/wp\/v2\/media?parent=2105"}],"wp:term":[{"taxonomy":"product_brand","embeddable":true,"href":"https:\/\/sdshijie.com\/de\/wp-json\/wp\/v2\/product_brand?post=2105"},{"taxonomy":"product_cat","embeddable":true,"href":"https:\/\/sdshijie.com\/de\/wp-json\/wp\/v2\/product_cat?post=2105"},{"taxonomy":"product_tag","embeddable":true,"href":"https:\/\/sdshijie.com\/de\/wp-json\/wp\/v2\/product_tag?post=2105"}],"curies":[{"name":"wp","href":"https:\/\/api.w.org\/{rel}","templated":true}]}}