{"id":2085,"date":"2025-12-26T17:37:39","date_gmt":"2025-12-26T17:37:39","guid":{"rendered":"https:\/\/sdshijie.com\/?post_type=product&#038;p=2085"},"modified":"2025-12-27T03:30:27","modified_gmt":"2025-12-27T03:30:27","slug":"prefabricated-high-rise-steel-building-structural-steel-building-ce-aisc-jis-cwb","status":"publish","type":"product","link":"https:\/\/sdshijie.com\/de\/produkt\/prefabricated-high-rise-steel-building-structural-steel-building-ce-aisc-jis-cwb\/","title":{"rendered":"Vorgefertigtes Stahlhochhaus Stahlbaugeb\u00e4ude CE AISC JIS CWB"},"content":{"rendered":"<div class=\"title\">\n<div class=\"first-title\">Beschreibung des Produkts<\/div>\n<\/div>\n<div class=\"desc-wrap\">\n<div class=\"ds-markdown ds-markdown--block\"><\/div>\n<div class=\"ds-flex\">\n<div class=\"ds-flex abe97156\">\n<div class=\"ds-icon-button\" tabindex=\"0\">\n<div class=\"ds-icon\">\n<div class=\"title\"><\/div>\n<div class=\"desc-wrap\">\n<div class=\"page-wrap template1\">\n<div>\n<div data-slate-node=\"element\">\n<div data-line=\"true\" data-line-index=\"0\" data-zone-id=\"0\">\n<div data-line=\"true\" data-line-index=\"0\" data-zone-id=\"0\">\n<h2 dir=\"auto\" data-node=\"true\">Stahlhochhaus Vorgefertigtes Stahlbaugeb\u00e4ude CE AISC JIS CWB<\/h2>\n<div dir=\"auto\" data-node=\"true\"><\/div>\n<div dir=\"auto\" data-node=\"true\">Beschreibung des Produkts:<\/div>\n<div dir=\"auto\" data-node=\"true\">Sunway Stahlgeb\u00e4ude bieten eine nahtlose L\u00f6sung f\u00fcr Entwurf, Fertigung und Montage, die auf Ihre speziellen Bed\u00fcrfnisse zugeschnitten ist. Durch den Einsatz fortschrittlicher Fertigungstechniken und hochwertiger Materialien gew\u00e4hrleisten wir Pr\u00e4zision, Langlebigkeit und eine effiziente Montage. Vom Konzept bis zur Fertigstellung liefern wir voll funktionsf\u00e4hige, kosteneffiziente und langlebige Stahlwerkstattstrukturen.<\/div>\n<\/div>\n<\/div>\n<\/div>\n<\/div>\n<h3>Technische Parameter<\/h3>\n<table border=\"1\">\n<tbody>\n<tr>\n<td>Produkte<\/td>\n<td>Hochhaus aus Stahl<\/td>\n<\/tr>\n<tr>\n<td>Anmeldung<\/td>\n<td>Bauwesen<\/td>\n<\/tr>\n<tr>\n<td>Hauptmaterial<\/td>\n<td>Q235B(ASTM A36,S235JR), Q355B<\/td>\n<\/tr>\n<tr>\n<td>Oberfl\u00e4chenbehandlung<\/td>\n<td>Lackierung, Verzinkt<\/td>\n<\/tr>\n<tr>\n<td>Prozess<\/td>\n<td>Schneiden, Lochen, Montage, Schwei\u00dfen, Lackieren\/HDG, Verpacken<\/td>\n<\/tr>\n<tr>\n<td>Qualit\u00e4tskontrolle<\/td>\n<td>QC-Inspektion, Inspektion durch Dritte<\/td>\n<\/tr>\n<tr>\n<td>Paket<\/td>\n<td>Break Bulk, Eisenrahmen<\/td>\n<\/tr>\n<\/tbody>\n<\/table>\n<\/div>\n<div class=\"page-wrap template1\">\n<h3>Anwendung:<\/h3>\n<div dir=\"auto\" data-node=\"true\">\n<div><\/div>\n<\/div>\n<h3>Verpackung und Versand:<\/h3>\n<p>Die Stahlkonstruktion wird sorgf\u00e4ltig verpackt, um eine sichere Lieferung an unsere Kunden zu gew\u00e4hrleisten. Sie wird sicher in Schutzmaterial eingewickelt und in eine stabile Holzkiste gelegt, um Sch\u00e4den w\u00e4hrend des Transports zu vermeiden.<br \/>\nF\u00fcr den Versand arbeiten wir mit renommierten Transportunternehmen zusammen, um eine p\u00fcnktliche und effiziente Lieferung zu gew\u00e4hrleisten. Das Produkt wird an die vom Kunden angegebene Adresse versandt, mit Tracking-Informationen, die eine einfache \u00dcberwachung des Versandstatus erm\u00f6glichen.<\/p>\n<p><img loading=\"lazy\" decoding=\"async\" class=\"lazyi\" src=\"https:\/\/www.sunwaysteel.com\/test\/sunwaysteel.com\/photo\/pl203711500-remark.jpg\" alt=\"Prefabricated High Rise Steel Building Structural Steel Building CE AISC JIS CWB 0\" width=\"959\" height=\"959\" \/><\/p>\n<h3>FAQ:<\/h3>\n<p><strong>\u00a0F: Wie lautet der Markenname des Stahlbauprodukts?<\/strong><br \/>\nA: Der Markenname ist Shijie Heavy Industry.<br \/>\n<strong>\u00a0F: \u00dcber welche Zertifizierungen verf\u00fcgt das Stahlbauprodukt?<\/strong><br \/>\nA: Das Produkt ist nach CE, AISC, ISO, JIS und CWB zertifiziert.<br \/>\n<strong>\u00a0F: Wo wird das Stahlbauprodukt hergestellt?<\/strong><br \/>\nA: Das Produkt wird in China hergestellt.<br \/>\n<strong>F: Wie lauten die Zahlungsbedingungen f\u00fcr den Kauf des Produkts Teel Structure?<\/strong><br \/>\nA: Die Zahlungsbedingungen sind T\/T (Telegraphic Transfer).<br \/>\n<strong>\u00a0F: Wie hoch ist die Mindestbestellmenge f\u00fcr das Produkt Stahlbau?<\/strong><br \/>\nA: Die Mindestbestellmenge betr\u00e4gt 20 Tonnen.<\/p>\n<\/div>\n<\/div>\n<\/div>\n<\/div>\n<\/div>\n<\/div>\n<\/div>","protected":false},"excerpt":{"rendered":"<p>Product Description High Rise Steel Building Prefabricated Structural Steel Building CE AISC JIS CWB Product Description: Sunway steel building offer a seamless design, manufacturing, and installation solution, tailored to your specific needs. Using advanced fabrication techniques and high-quality materials, we ensure precision, durability, and efficient assembly. From concept to completion, we deliver fully functional, cost-effective, [&hellip;]<\/p>\n","protected":false},"featured_media":335,"comment_status":"open","ping_status":"closed","template":"","meta":{"_acf_changed":false},"product_brand":[],"product_cat":[32],"product_tag":[],"class_list":{"0":"post-2085","1":"product","2":"type-product","3":"status-publish","4":"has-post-thumbnail","6":"product_cat-high-rise-steel-structure-manufacturing","8":"first","9":"instock","10":"shipping-taxable","11":"product-type-simple"},"acf":[],"_links":{"self":[{"href":"https:\/\/sdshijie.com\/de\/wp-json\/wp\/v2\/product\/2085","targetHints":{"allow":["GET"]}}],"collection":[{"href":"https:\/\/sdshijie.com\/de\/wp-json\/wp\/v2\/product"}],"about":[{"href":"https:\/\/sdshijie.com\/de\/wp-json\/wp\/v2\/types\/product"}],"replies":[{"embeddable":true,"href":"https:\/\/sdshijie.com\/de\/wp-json\/wp\/v2\/comments?post=2085"}],"wp:featuredmedia":[{"embeddable":true,"href":"https:\/\/sdshijie.com\/de\/wp-json\/wp\/v2\/media\/335"}],"wp:attachment":[{"href":"https:\/\/sdshijie.com\/de\/wp-json\/wp\/v2\/media?parent=2085"}],"wp:term":[{"taxonomy":"product_brand","embeddable":true,"href":"https:\/\/sdshijie.com\/de\/wp-json\/wp\/v2\/product_brand?post=2085"},{"taxonomy":"product_cat","embeddable":true,"href":"https:\/\/sdshijie.com\/de\/wp-json\/wp\/v2\/product_cat?post=2085"},{"taxonomy":"product_tag","embeddable":true,"href":"https:\/\/sdshijie.com\/de\/wp-json\/wp\/v2\/product_tag?post=2085"}],"curies":[{"name":"wp","href":"https:\/\/api.w.org\/{rel}","templated":true}]}}