{"id":1852,"date":"2025-12-26T01:49:08","date_gmt":"2025-12-26T01:49:08","guid":{"rendered":"https:\/\/sdshijie.com\/?post_type=product&#038;p=1852"},"modified":"2026-03-27T01:07:11","modified_gmt":"2026-03-27T01:07:11","slug":"frame-steel-structure-manufacturer-steel-structure-factory-warehouse-solutions","status":"publish","type":"product","link":"https:\/\/sdshijie.com\/de\/produkt\/frame-steel-structure-manufacturer-steel-structure-factory-warehouse-solutions\/","title":{"rendered":"Portal Stahlbau &amp; Fertigteilwerkstatt"},"content":{"rendered":"<h2>Moderne Fertigungswerkstatt Stahlkonstruktion Fabrikbau<\/h2>\n<p>&nbsp;<\/p>\n<h3>Hauptmerkmale und Vorteile<\/h3>\n<p>Stahlbauhallen in Portalbauweise stellen im Grunde eine perfekte Verbindung zwischen den strukturellen Eigenschaften und den industriellen Anforderungen dar. Da sie die Probleme traditioneller Industriebauten - wie r\u00e4umliche Beschr\u00e4nkungen und m\u00fchsame Wartung - effektiv l\u00f6sen und gleichzeitig flexible Anpassungsf\u00e4higkeit und kosteng\u00fcnstige Konstruktion gew\u00e4hrleisten, haben sie sich als optimale Wahl f\u00fcr die Entwicklung moderner Industrieanlagen erwiesen.<\/p>\n<p>\u2666 Hochfester Stahl, kranbereit;<\/p>\n<p>\u2666 50m+ freie Spannweite;<\/p>\n<p>\u2666 50% schneller bauen;<\/p>\n<p>\u2666 Wartungsfrei;<\/p>\n<p>\u2666 Ausbauf\u00e4hig.<\/p>\n<h3>Anwendungen<\/h3>\n<p>Mit ihren gro\u00dfen Spannweiten, st\u00fctzenfreien Konstruktionen und flexiblen Raumaufteilungen werden Stahlkonstruktionen in Portalbauweise h\u00e4ufig in verschiedenen Branchen eingesetzt, in denen offene R\u00e4ume ben\u00f6tigt werden. Zu den Anwendungsszenarien geh\u00f6ren Produktionsanlagen, Logistik- und Lagereinrichtungen, K\u00fchl- und klimatisierte Lagerh\u00e4user, gewerbliche B\u00fcror\u00e4ume und landwirtschaftliche Gew\u00e4chsh\u00e4user. Dank ihrer Vorteile - schnelle Konstruktion, niedrige Kosten, au\u00dfergew\u00f6hnliche Haltbarkeit und hervorragende Skalierbarkeit - k\u00f6nnen sie die Anforderungen moderner Produktions-, Lager- und Betriebsabl\u00e4ufe effektiv erf\u00fcllen.<\/p>\n<p>\u2666 Workshops;<\/p>\n<p>\u2666 Lagerh\u00e4user;<\/p>\n<p>\u2666 K\u00fchllagerung;<\/p>\n<p>\u2666 Landwirtschaft;<\/p>\n<p>\u2666 Sporthallen.<\/p>\n<h3>Produkt-Parameter<\/h3>","protected":false},"excerpt":{"rendered":"<p>Die Stahl-Portalrahmen-Industriegeb\u00e4ude zeichnen sich durch eine starre Rahmenkonstruktion aus. F\u00fcr die Hauptstruktur werden hochwertige Stahlwerkstoffe verwendet, darunter die G\u00fcteklassen Q355B und ASTM A572. Diese Materialien bieten eine hohe Festigkeit und ausgezeichnete Z\u00e4higkeit, die den verschiedenen Belastungen im t\u00e4glichen Betrieb standhalten und eine solide und zuverl\u00e4ssige strukturelle Grundlage f\u00fcr die industrielle Produktion bilden. Das verschraubte Verbindungssystem gew\u00e4hrleistet eine bequeme und effiziente Montage mit sicheren und stabilen Verbindungen. Die Konstruktionen haben eine lichte Spannweite von 10-50 Metern und eine Traufh\u00f6he von 4-15 Metern. Die Montage mit einem Kran (5-50 Tonnen) ist vorgesehen. Die Konstruktionen werden feuerverzinkt und haben eine Lebensdauer von mehr als 50 Jahren.<\/p>","protected":false},"featured_media":3195,"comment_status":"open","ping_status":"closed","template":"","meta":{"_acf_changed":false},"product_brand":[],"product_cat":[26],"product_tag":[],"class_list":{"0":"post-1852","1":"product","2":"type-product","3":"status-publish","4":"has-post-thumbnail","6":"product_cat-portal-steel-structure","8":"first","9":"instock","10":"shipping-taxable","11":"product-type-simple"},"acf":[],"_links":{"self":[{"href":"https:\/\/sdshijie.com\/de\/wp-json\/wp\/v2\/product\/1852","targetHints":{"allow":["GET"]}}],"collection":[{"href":"https:\/\/sdshijie.com\/de\/wp-json\/wp\/v2\/product"}],"about":[{"href":"https:\/\/sdshijie.com\/de\/wp-json\/wp\/v2\/types\/product"}],"replies":[{"embeddable":true,"href":"https:\/\/sdshijie.com\/de\/wp-json\/wp\/v2\/comments?post=1852"}],"wp:featuredmedia":[{"embeddable":true,"href":"https:\/\/sdshijie.com\/de\/wp-json\/wp\/v2\/media\/3195"}],"wp:attachment":[{"href":"https:\/\/sdshijie.com\/de\/wp-json\/wp\/v2\/media?parent=1852"}],"wp:term":[{"taxonomy":"product_brand","embeddable":true,"href":"https:\/\/sdshijie.com\/de\/wp-json\/wp\/v2\/product_brand?post=1852"},{"taxonomy":"product_cat","embeddable":true,"href":"https:\/\/sdshijie.com\/de\/wp-json\/wp\/v2\/product_cat?post=1852"},{"taxonomy":"product_tag","embeddable":true,"href":"https:\/\/sdshijie.com\/de\/wp-json\/wp\/v2\/product_tag?post=1852"}],"curies":[{"name":"wp","href":"https:\/\/api.w.org\/{rel}","templated":true}]}}